{"id":14617,"date":"2024-06-18T17:41:28","date_gmt":"2024-06-18T14:41:28","guid":{"rendered":"https:\/\/learn2touch.com\/?page_id=14617"},"modified":"2024-06-18T17:47:26","modified_gmt":"2024-06-18T14:47:26","slug":"boonus","status":"publish","type":"page","link":"https:\/\/learn2touch.com\/et\/boonus\/","title":{"rendered":"Tantrafest Boonus 2024"},"content":{"rendered":"\t\t<div data-elementor-type=\"wp-page\" data-elementor-id=\"14617\" class=\"elementor elementor-14617\" data-elementor-post-type=\"page\">\n\t\t\t\t\t\t<section class=\"elementor-section elementor-top-section elementor-element elementor-element-0f9d2ea elementor-section-boxed elementor-section-height-default elementor-section-height-default\" data-id=\"0f9d2ea\" data-element_type=\"section\" data-e-type=\"section\">\n\t\t\t\t\t\t<div class=\"elementor-container elementor-column-gap-default\">\n\t\t\t\t\t<div class=\"elementor-column elementor-col-100 elementor-top-column elementor-element elementor-element-43db622\" data-id=\"43db622\" data-element_type=\"column\" data-e-type=\"column\">\n\t\t\t<div class=\"elementor-widget-wrap elementor-element-populated\">\n\t\t\t\t\t\t<div class=\"elementor-element elementor-element-0eac195 elementor-widget elementor-widget-image\" data-id=\"0eac195\" data-element_type=\"widget\" data-e-type=\"widget\" data-widget_type=\"image.default\">\n\t\t\t\t<div class=\"elementor-widget-container\">\n\t\t\t\t\t\t\t\t\t\t\t\t\t\t\t<img fetchpriority=\"high\" decoding=\"async\" width=\"800\" height=\"400\" src=\"https:\/\/learn2touch.com\/wp-content\/uploads\/2024\/06\/TFE-24-banner.jpg\" class=\"attachment-large size-large wp-image-14324\" alt=\"\" srcset=\"https:\/\/learn2touch.com\/wp-content\/uploads\/2024\/06\/TFE-24-banner.jpg 800w, https:\/\/learn2touch.com\/wp-content\/uploads\/2024\/06\/TFE-24-banner-300x150.jpg 300w, https:\/\/learn2touch.com\/wp-content\/uploads\/2024\/06\/TFE-24-banner-768x384.jpg 768w, https:\/\/learn2touch.com\/wp-content\/uploads\/2024\/06\/TFE-24-banner-600x300.jpg 600w\" sizes=\"(max-width: 800px) 100vw, 800px\" \/>\t\t\t\t\t\t\t\t\t\t\t\t\t\t\t<\/div>\n\t\t\t\t<\/div>\n\t\t\t\t\t<\/div>\n\t\t<\/div>\n\t\t\t\t\t<\/div>\n\t\t<\/section>\n\t\t\t\t<section class=\"elementor-section elementor-top-section elementor-element elementor-element-7fbcd4c elementor-section-boxed elementor-section-height-default elementor-section-height-default\" data-id=\"7fbcd4c\" data-element_type=\"section\" data-e-type=\"section\">\n\t\t\t\t\t\t<div class=\"elementor-container elementor-column-gap-default\">\n\t\t\t\t\t<div class=\"elementor-column elementor-col-100 elementor-top-column elementor-element elementor-element-c059bf2\" data-id=\"c059bf2\" data-element_type=\"column\" data-e-type=\"column\">\n\t\t\t<div class=\"elementor-widget-wrap elementor-element-populated\">\n\t\t\t\t\t\t<div class=\"elementor-element elementor-element-1a8de76 elementor-widget elementor-widget-heading\" data-id=\"1a8de76\" data-element_type=\"widget\" data-e-type=\"widget\" data-widget_type=\"heading.default\">\n\t\t\t\t<div class=\"elementor-widget-container\">\n\t\t\t\t\t<h3 class=\"elementor-heading-title elementor-size-default\">Siit leiad boonuse k\u00f5igile tantrafestivali k\u00fclalistele, kes on soetanud pileti 2024 festivalile. Boonuse alt leiad 3 massaa\u017ei \u00f5ppevideot<\/h3>\t\t\t\t<\/div>\n\t\t\t\t<\/div>\n\t\t\t\t<div class=\"elementor-element elementor-element-d045a2f elementor-widget elementor-widget-text-editor\" data-id=\"d045a2f\" data-element_type=\"widget\" data-e-type=\"widget\" data-widget_type=\"text-editor.default\">\n\t\t\t\t<div class=\"elementor-widget-container\">\n\t\t\t\t\t\t\t\t\t<div class=\"x11i5rnm xat24cr x1mh8g0r x1vvkbs xtlvy1s\"><p>Selle aasta boonus on eriti magus. Selle sees on 3 tantramassaa\u017ei koguv\u00e4\u00e4rtuses 135\u20ac . Iga\u00fcks, kes on ostnud omale festivali passi, saab selle paketi kauba peale. Tellides boonusepaketti, kasuta sooduskoodi, mille leiad oma pileti pealt ja sisesta see kupongi lahtrisse. Nii saad selle kallihinnalise paketi t\u00e4iesti tasuta! <\/p><\/div>\t\t\t\t\t\t\t\t<\/div>\n\t\t\t\t<\/div>\n\t\t\t\t<div class=\"elementor-element elementor-element-0ddf4a8 elementor-widget elementor-widget-heading\" data-id=\"0ddf4a8\" data-element_type=\"widget\" data-e-type=\"widget\" data-widget_type=\"heading.default\">\n\t\t\t\t<div class=\"elementor-widget-container\">\n\t\t\t\t\t<h2 class=\"elementor-heading-title elementor-size-default\">Lunasta oma BOONUS <\/h2>\t\t\t\t<\/div>\n\t\t\t\t<\/div>\n\t\t\t\t\t<\/div>\n\t\t<\/div>\n\t\t\t\t\t<\/div>\n\t\t<\/section>\n\t\t\t\t<section class=\"elementor-section elementor-top-section elementor-element elementor-element-c591f88 elementor-section-boxed elementor-section-height-default elementor-section-height-default\" data-id=\"c591f88\" data-element_type=\"section\" data-e-type=\"section\">\n\t\t\t\t\t\t<div class=\"elementor-container elementor-column-gap-default\">\n\t\t\t\t\t<div class=\"elementor-column elementor-col-100 elementor-top-column elementor-element elementor-element-9a52372\" data-id=\"9a52372\" data-element_type=\"column\" data-e-type=\"column\">\n\t\t\t<div class=\"elementor-widget-wrap elementor-element-populated\">\n\t\t\t\t\t\t<div class=\"elementor-element elementor-element-18d3550 elementor-widget elementor-widget-html\" data-id=\"18d3550\" data-element_type=\"widget\" data-e-type=\"widget\" data-widget_type=\"html.default\">\n\t\t\t\t<div class=\"elementor-widget-container\">\n\t\t\t\t\t<div class=\"tc-v2-embeddable-target\" data-thrivecart-account=\"l2t\" data-thrivecart-tpl=\"v2\" data-thrivecart-product=\"89\" data-thrivecart-embeddable=\"tc-l2t-89-LXAN3A\"><\/div><script async src=\"\/\/tinder.thrivecart.com\/embed\/v2\/thrivecart.js\" id=\"tc-l2t-89-LXAN3A\"><\/script>\t\t\t\t<\/div>\n\t\t\t\t<\/div>\n\t\t\t\t\t<\/div>\n\t\t<\/div>\n\t\t\t\t\t<\/div>\n\t\t<\/section>\n\t\t\t\t<section class=\"elementor-section elementor-top-section elementor-element elementor-element-d943f79 elementor-section-boxed elementor-section-height-default elementor-section-height-default\" data-id=\"d943f79\" data-element_type=\"section\" data-e-type=\"section\">\n\t\t\t\t\t\t<div class=\"elementor-container elementor-column-gap-default\">\n\t\t\t\t\t<div class=\"elementor-column elementor-col-100 elementor-top-column elementor-element elementor-element-6298025\" data-id=\"6298025\" data-element_type=\"column\" data-e-type=\"column\">\n\t\t\t<div class=\"elementor-widget-wrap elementor-element-populated\">\n\t\t\t\t\t\t<div class=\"elementor-element elementor-element-342b62d elementor-widget elementor-widget-heading\" data-id=\"342b62d\" data-element_type=\"widget\" data-e-type=\"widget\" data-widget_type=\"heading.default\">\n\t\t\t\t<div class=\"elementor-widget-container\">\n\t\t\t\t\t<h2 class=\"elementor-heading-title elementor-size-default\">Vaata ka meie veebikoolitusi meestele :<\/h2>\t\t\t\t<\/div>\n\t\t\t\t<\/div>\n\t\t\t\t\t<\/div>\n\t\t<\/div>\n\t\t\t\t\t<\/div>\n\t\t<\/section>\n\t\t\t\t<section class=\"elementor-section elementor-top-section elementor-element elementor-element-acb4452 elementor-section-boxed elementor-section-height-default elementor-section-height-default\" data-id=\"acb4452\" data-element_type=\"section\" data-e-type=\"section\">\n\t\t\t\t\t\t<div class=\"elementor-container elementor-column-gap-default\">\n\t\t\t\t\t<div class=\"elementor-column elementor-col-50 elementor-top-column elementor-element elementor-element-9822a33\" data-id=\"9822a33\" data-element_type=\"column\" data-e-type=\"column\">\n\t\t\t<div class=\"elementor-widget-wrap elementor-element-populated\">\n\t\t\t\t\t\t<div class=\"elementor-element elementor-element-1b621c9 elementor-button-success elementor-align-center elementor-widget elementor-widget-button\" data-id=\"1b621c9\" data-element_type=\"widget\" data-e-type=\"widget\" data-widget_type=\"button.default\">\n\t\t\t\t<div class=\"elementor-widget-container\">\n\t\t\t\t\t\t\t\t\t<div class=\"elementor-button-wrapper\">\n\t\t\t\t\t<a class=\"elementor-button elementor-button-link elementor-size-sm\" href=\"https:\/\/learn2touch.com\/et\/armastaja\/\">\n\t\t\t\t\t\t<span class=\"elementor-button-content-wrapper\">\n\t\t\t\t\t\t\t\t\t<span class=\"elementor-button-text\">PARIM ARMASTAJA<\/span>\n\t\t\t\t\t<\/span>\n\t\t\t\t\t<\/a>\n\t\t\t\t<\/div>\n\t\t\t\t\t\t\t\t<\/div>\n\t\t\t\t<\/div>\n\t\t\t\t\t<\/div>\n\t\t<\/div>\n\t\t\t\t<div class=\"elementor-column elementor-col-50 elementor-top-column elementor-element elementor-element-501ed50\" data-id=\"501ed50\" data-element_type=\"column\" data-e-type=\"column\">\n\t\t\t<div class=\"elementor-widget-wrap elementor-element-populated\">\n\t\t\t\t\t\t<div class=\"elementor-element elementor-element-ec7e3c1 elementor-button-success elementor-align-center elementor-widget elementor-widget-button\" data-id=\"ec7e3c1\" data-element_type=\"widget\" data-e-type=\"widget\" data-widget_type=\"button.default\">\n\t\t\t\t<div class=\"elementor-widget-container\">\n\t\t\t\t\t\t\t\t\t<div class=\"elementor-button-wrapper\">\n\t\t\t\t\t<a class=\"elementor-button elementor-button-link elementor-size-sm\" href=\"https:\/\/superlover.me\/pnm\">\n\t\t\t\t\t\t<span class=\"elementor-button-content-wrapper\">\n\t\t\t\t\t\t\t\t\t<span class=\"elementor-button-text\">PUHTA NAUDINGU MEISTER<\/span>\n\t\t\t\t\t<\/span>\n\t\t\t\t\t<\/a>\n\t\t\t\t<\/div>\n\t\t\t\t\t\t\t\t<\/div>\n\t\t\t\t<\/div>\n\t\t\t\t\t<\/div>\n\t\t<\/div>\n\t\t\t\t\t<\/div>\n\t\t<\/section>\n\t\t\t\t<\/div>\n\t\t","protected":false},"excerpt":{"rendered":"<p>Siit leiad boonuse k\u00f5igile tantrafestivali k\u00fclalistele, kes on soetanud pileti 2024 festivalile. Boonuse alt leiad 3 massaa\u017ei \u00f5ppevideot Selle aasta boonus on eriti magus. Selle sees on 3 tantramassaa\u017ei koguv\u00e4\u00e4rtuses 135\u20ac . Iga\u00fcks, kes on ostnud omale festivali passi, saab selle paketi kauba peale. Tellides boonusepaketti, kasuta sooduskoodi, mille leiad oma pileti pealt ja sisesta [&hellip;]<\/p>\n","protected":false},"author":3,"featured_media":14618,"parent":0,"menu_order":0,"comment_status":"closed","ping_status":"closed","template":"elementor_header_footer","meta":{"footnotes":""},"class_list":["post-14617","page","type-page","status-publish","has-post-thumbnail","hentry"],"yoast_head":"<!-- This site is optimized with the Yoast SEO plugin v27.2 - https:\/\/yoast.com\/product\/yoast-seo-wordpress\/ -->\n<title>Tantrafest Boonus 2024 - LEARN TO TOUCH<\/title>\n<meta name=\"description\" content=\"Siit leiad boonuse k\u00f5igile tantrafestivali k\u00fclalistele, kes on soetanud pileti 2024 festivalile. Boonuse alt leiad 3 massaa\u017ei \u00f5ppevideot\" \/>\n<meta name=\"robots\" content=\"index, follow, max-snippet:-1, max-image-preview:large, max-video-preview:-1\" \/>\n<link rel=\"canonical\" href=\"https:\/\/learn2touch.com\/et\/boonus\/\" \/>\n<meta property=\"og:locale\" content=\"et_EE\" \/>\n<meta property=\"og:type\" content=\"article\" \/>\n<meta property=\"og:title\" content=\"Tantrafest Boonus 2024 - LEARN TO TOUCH\" \/>\n<meta property=\"og:description\" content=\"Siit leiad boonuse k\u00f5igile tantrafestivali k\u00fclalistele, kes on soetanud pileti 2024 festivalile. Boonuse alt leiad 3 massaa\u017ei \u00f5ppevideot\" \/>\n<meta property=\"og:url\" content=\"https:\/\/learn2touch.com\/et\/boonus\/\" \/>\n<meta property=\"og:site_name\" content=\"LEARN TO TOUCH\" \/>\n<meta property=\"article:publisher\" content=\"https:\/\/www.facebook.com\/learn2touch\" \/>\n<meta property=\"article:modified_time\" content=\"2024-06-18T14:47:26+00:00\" \/>\n<meta property=\"og:image\" content=\"https:\/\/learn2touch.com\/wp-content\/uploads\/2024\/06\/fest-boonus.jpg\" \/>\n\t<meta property=\"og:image:width\" content=\"1280\" \/>\n\t<meta property=\"og:image:height\" content=\"946\" \/>\n\t<meta property=\"og:image:type\" content=\"image\/jpeg\" \/>\n<meta name=\"twitter:card\" content=\"summary_large_image\" \/>\n<script type=\"application\/ld+json\" class=\"yoast-schema-graph\">{\"@context\":\"https:\/\/schema.org\",\"@graph\":[{\"@type\":\"WebPage\",\"@id\":\"https:\/\/learn2touch.com\/et\/boonus\/\",\"url\":\"https:\/\/learn2touch.com\/et\/boonus\/\",\"name\":\"Tantrafest Boonus 2024 - LEARN TO TOUCH\",\"isPartOf\":{\"@id\":\"https:\/\/learn2touch.com\/et\/#website\"},\"primaryImageOfPage\":{\"@id\":\"https:\/\/learn2touch.com\/et\/boonus\/#primaryimage\"},\"image\":{\"@id\":\"https:\/\/learn2touch.com\/et\/boonus\/#primaryimage\"},\"thumbnailUrl\":\"https:\/\/learn2touch.com\/wp-content\/uploads\/2024\/06\/fest-boonus.jpg\",\"datePublished\":\"2024-06-18T14:41:28+00:00\",\"dateModified\":\"2024-06-18T14:47:26+00:00\",\"description\":\"Siit leiad boonuse k\u00f5igile tantrafestivali k\u00fclalistele, kes on soetanud pileti 2024 festivalile. Boonuse alt leiad 3 massaa\u017ei \u00f5ppevideot\",\"breadcrumb\":{\"@id\":\"https:\/\/learn2touch.com\/et\/boonus\/#breadcrumb\"},\"inLanguage\":\"et\",\"potentialAction\":[{\"@type\":\"ReadAction\",\"target\":[\"https:\/\/learn2touch.com\/et\/boonus\/\"]}]},{\"@type\":\"ImageObject\",\"inLanguage\":\"et\",\"@id\":\"https:\/\/learn2touch.com\/et\/boonus\/#primaryimage\",\"url\":\"https:\/\/learn2touch.com\/wp-content\/uploads\/2024\/06\/fest-boonus.jpg\",\"contentUrl\":\"https:\/\/learn2touch.com\/wp-content\/uploads\/2024\/06\/fest-boonus.jpg\",\"width\":1280,\"height\":946,\"caption\":\"boonus festivali k\u00fclalistele\"},{\"@type\":\"BreadcrumbList\",\"@id\":\"https:\/\/learn2touch.com\/et\/boonus\/#breadcrumb\",\"itemListElement\":[{\"@type\":\"ListItem\",\"position\":1,\"name\":\"Home\",\"item\":\"https:\/\/learn2touch.com\/\"},{\"@type\":\"ListItem\",\"position\":2,\"name\":\"Tantrafest Boonus 2024\"}]},{\"@type\":\"WebSite\",\"@id\":\"https:\/\/learn2touch.com\/et\/#website\",\"url\":\"https:\/\/learn2touch.com\/et\/\",\"name\":\"LEARN TO TOUCH\",\"description\":\"Video guide to successful relationships\",\"publisher\":{\"@id\":\"https:\/\/learn2touch.com\/et\/#organization\"},\"potentialAction\":[{\"@type\":\"SearchAction\",\"target\":{\"@type\":\"EntryPoint\",\"urlTemplate\":\"https:\/\/learn2touch.com\/et\/?s={search_term_string}\"},\"query-input\":{\"@type\":\"PropertyValueSpecification\",\"valueRequired\":true,\"valueName\":\"search_term_string\"}}],\"inLanguage\":\"et\"},{\"@type\":\"Organization\",\"@id\":\"https:\/\/learn2touch.com\/et\/#organization\",\"name\":\"LEARN 2 TOUCH\",\"url\":\"https:\/\/learn2touch.com\/et\/\",\"logo\":{\"@type\":\"ImageObject\",\"inLanguage\":\"et\",\"@id\":\"https:\/\/learn2touch.com\/et\/#\/schema\/logo\/image\/\",\"url\":\"https:\/\/learn2touch.com\/wp-content\/uploads\/2023\/05\/cropped-learn2touch.png\",\"contentUrl\":\"https:\/\/learn2touch.com\/wp-content\/uploads\/2023\/05\/cropped-learn2touch.png\",\"width\":800,\"height\":169,\"caption\":\"LEARN 2 TOUCH\"},\"image\":{\"@id\":\"https:\/\/learn2touch.com\/et\/#\/schema\/logo\/image\/\"},\"sameAs\":[\"https:\/\/www.facebook.com\/learn2touch\",\"https:\/\/www.youtube.com\/@Earthchildme\"]}]}<\/script>\n<!-- \/ Yoast SEO plugin. -->","yoast_head_json":{"title":"Tantrafest Boonus 2024 - LEARN TO TOUCH","description":"Siit leiad boonuse k\u00f5igile tantrafestivali k\u00fclalistele, kes on soetanud pileti 2024 festivalile. Boonuse alt leiad 3 massaa\u017ei \u00f5ppevideot","robots":{"index":"index","follow":"follow","max-snippet":"max-snippet:-1","max-image-preview":"max-image-preview:large","max-video-preview":"max-video-preview:-1"},"canonical":"https:\/\/learn2touch.com\/et\/boonus\/","og_locale":"et_EE","og_type":"article","og_title":"Tantrafest Boonus 2024 - LEARN TO TOUCH","og_description":"Siit leiad boonuse k\u00f5igile tantrafestivali k\u00fclalistele, kes on soetanud pileti 2024 festivalile. Boonuse alt leiad 3 massaa\u017ei \u00f5ppevideot","og_url":"https:\/\/learn2touch.com\/et\/boonus\/","og_site_name":"LEARN TO TOUCH","article_publisher":"https:\/\/www.facebook.com\/learn2touch","article_modified_time":"2024-06-18T14:47:26+00:00","og_image":[{"width":1280,"height":946,"url":"https:\/\/learn2touch.com\/wp-content\/uploads\/2024\/06\/fest-boonus.jpg","type":"image\/jpeg"}],"twitter_card":"summary_large_image","schema":{"@context":"https:\/\/schema.org","@graph":[{"@type":"WebPage","@id":"https:\/\/learn2touch.com\/et\/boonus\/","url":"https:\/\/learn2touch.com\/et\/boonus\/","name":"Tantrafest Boonus 2024 - LEARN TO TOUCH","isPartOf":{"@id":"https:\/\/learn2touch.com\/et\/#website"},"primaryImageOfPage":{"@id":"https:\/\/learn2touch.com\/et\/boonus\/#primaryimage"},"image":{"@id":"https:\/\/learn2touch.com\/et\/boonus\/#primaryimage"},"thumbnailUrl":"https:\/\/learn2touch.com\/wp-content\/uploads\/2024\/06\/fest-boonus.jpg","datePublished":"2024-06-18T14:41:28+00:00","dateModified":"2024-06-18T14:47:26+00:00","description":"Siit leiad boonuse k\u00f5igile tantrafestivali k\u00fclalistele, kes on soetanud pileti 2024 festivalile. Boonuse alt leiad 3 massaa\u017ei \u00f5ppevideot","breadcrumb":{"@id":"https:\/\/learn2touch.com\/et\/boonus\/#breadcrumb"},"inLanguage":"et","potentialAction":[{"@type":"ReadAction","target":["https:\/\/learn2touch.com\/et\/boonus\/"]}]},{"@type":"ImageObject","inLanguage":"et","@id":"https:\/\/learn2touch.com\/et\/boonus\/#primaryimage","url":"https:\/\/learn2touch.com\/wp-content\/uploads\/2024\/06\/fest-boonus.jpg","contentUrl":"https:\/\/learn2touch.com\/wp-content\/uploads\/2024\/06\/fest-boonus.jpg","width":1280,"height":946,"caption":"boonus festivali k\u00fclalistele"},{"@type":"BreadcrumbList","@id":"https:\/\/learn2touch.com\/et\/boonus\/#breadcrumb","itemListElement":[{"@type":"ListItem","position":1,"name":"Home","item":"https:\/\/learn2touch.com\/"},{"@type":"ListItem","position":2,"name":"Tantrafest Boonus 2024"}]},{"@type":"WebSite","@id":"https:\/\/learn2touch.com\/et\/#website","url":"https:\/\/learn2touch.com\/et\/","name":"LEARN TO TOUCH","description":"Video guide to successful relationships","publisher":{"@id":"https:\/\/learn2touch.com\/et\/#organization"},"potentialAction":[{"@type":"SearchAction","target":{"@type":"EntryPoint","urlTemplate":"https:\/\/learn2touch.com\/et\/?s={search_term_string}"},"query-input":{"@type":"PropertyValueSpecification","valueRequired":true,"valueName":"search_term_string"}}],"inLanguage":"et"},{"@type":"Organization","@id":"https:\/\/learn2touch.com\/et\/#organization","name":"LEARN 2 TOUCH","url":"https:\/\/learn2touch.com\/et\/","logo":{"@type":"ImageObject","inLanguage":"et","@id":"https:\/\/learn2touch.com\/et\/#\/schema\/logo\/image\/","url":"https:\/\/learn2touch.com\/wp-content\/uploads\/2023\/05\/cropped-learn2touch.png","contentUrl":"https:\/\/learn2touch.com\/wp-content\/uploads\/2023\/05\/cropped-learn2touch.png","width":800,"height":169,"caption":"LEARN 2 TOUCH"},"image":{"@id":"https:\/\/learn2touch.com\/et\/#\/schema\/logo\/image\/"},"sameAs":["https:\/\/www.facebook.com\/learn2touch","https:\/\/www.youtube.com\/@Earthchildme"]}]}},"featured_image_src":"https:\/\/learn2touch.com\/wp-content\/uploads\/2024\/06\/fest-boonus-600x400.jpg","featured_image_src_square":"https:\/\/learn2touch.com\/wp-content\/uploads\/2024\/06\/fest-boonus-600x600.jpg","jetpack_sharing_enabled":true,"_links":{"self":[{"href":"https:\/\/learn2touch.com\/et\/wp-json\/wp\/v2\/pages\/14617","targetHints":{"allow":["GET"]}}],"collection":[{"href":"https:\/\/learn2touch.com\/et\/wp-json\/wp\/v2\/pages"}],"about":[{"href":"https:\/\/learn2touch.com\/et\/wp-json\/wp\/v2\/types\/page"}],"author":[{"embeddable":true,"href":"https:\/\/learn2touch.com\/et\/wp-json\/wp\/v2\/users\/3"}],"replies":[{"embeddable":true,"href":"https:\/\/learn2touch.com\/et\/wp-json\/wp\/v2\/comments?post=14617"}],"version-history":[{"count":7,"href":"https:\/\/learn2touch.com\/et\/wp-json\/wp\/v2\/pages\/14617\/revisions"}],"predecessor-version":[{"id":14627,"href":"https:\/\/learn2touch.com\/et\/wp-json\/wp\/v2\/pages\/14617\/revisions\/14627"}],"wp:featuredmedia":[{"embeddable":true,"href":"https:\/\/learn2touch.com\/et\/wp-json\/wp\/v2\/media\/14618"}],"wp:attachment":[{"href":"https:\/\/learn2touch.com\/et\/wp-json\/wp\/v2\/media?parent=14617"}],"curies":[{"name":"wp","href":"https:\/\/api.w.org\/{rel}","templated":true}]}}