{"id":4356,"date":"2021-04-12T13:59:34","date_gmt":"2021-04-12T13:59:34","guid":{"rendered":"https:\/\/learn2touch.com\/?page_id=4356"},"modified":"2021-04-12T14:04:39","modified_gmt":"2021-04-12T14:04:39","slug":"naistering-enesearmastus","status":"publish","type":"page","link":"https:\/\/learn2touch.com\/et\/naistering-enesearmastus\/","title":{"rendered":"Naistering Enesearmastus"},"content":{"rendered":"\t\t<div data-elementor-type=\"wp-page\" data-elementor-id=\"4356\" class=\"elementor elementor-4356\" data-elementor-post-type=\"page\">\n\t\t\t\t\t\t<section class=\"elementor-section elementor-top-section elementor-element elementor-element-5c074fa7 elementor-section-boxed elementor-section-height-default elementor-section-height-default\" data-id=\"5c074fa7\" data-element_type=\"section\" data-e-type=\"section\" data-settings=\"{&quot;background_background&quot;:&quot;classic&quot;,&quot;background_motion_fx_motion_fx_scrolling&quot;:&quot;yes&quot;,&quot;background_motion_fx_translateY_effect&quot;:&quot;yes&quot;,&quot;background_motion_fx_blur_effect&quot;:&quot;yes&quot;,&quot;background_motion_fx_scale_effect&quot;:&quot;yes&quot;,&quot;background_motion_fx_translateY_speed&quot;:{&quot;unit&quot;:&quot;px&quot;,&quot;size&quot;:4,&quot;sizes&quot;:[]},&quot;background_motion_fx_translateY_affectedRange&quot;:{&quot;unit&quot;:&quot;%&quot;,&quot;size&quot;:&quot;&quot;,&quot;sizes&quot;:{&quot;start&quot;:0,&quot;end&quot;:100}},&quot;background_motion_fx_blur_direction&quot;:&quot;out-in&quot;,&quot;background_motion_fx_blur_level&quot;:{&quot;unit&quot;:&quot;px&quot;,&quot;size&quot;:7,&quot;sizes&quot;:[]},&quot;background_motion_fx_blur_range&quot;:{&quot;unit&quot;:&quot;%&quot;,&quot;size&quot;:&quot;&quot;,&quot;sizes&quot;:{&quot;start&quot;:20,&quot;end&quot;:80}},&quot;background_motion_fx_scale_direction&quot;:&quot;out-in&quot;,&quot;background_motion_fx_scale_speed&quot;:{&quot;unit&quot;:&quot;px&quot;,&quot;size&quot;:4,&quot;sizes&quot;:[]},&quot;background_motion_fx_scale_range&quot;:{&quot;unit&quot;:&quot;%&quot;,&quot;size&quot;:&quot;&quot;,&quot;sizes&quot;:{&quot;start&quot;:20,&quot;end&quot;:80}},&quot;background_motion_fx_devices&quot;:[&quot;desktop&quot;,&quot;tablet&quot;,&quot;mobile&quot;]}\">\n\t\t\t\t\t\t\t<div class=\"elementor-background-overlay\"><\/div>\n\t\t\t\t\t\t\t<div class=\"elementor-container elementor-column-gap-default\">\n\t\t\t\t\t<div class=\"elementor-column elementor-col-100 elementor-top-column elementor-element elementor-element-4c26acd8\" data-id=\"4c26acd8\" data-element_type=\"column\" data-e-type=\"column\" data-settings=\"{&quot;background_background&quot;:&quot;classic&quot;}\">\n\t\t\t<div class=\"elementor-widget-wrap elementor-element-populated\">\n\t\t\t\t\t\t<div class=\"elementor-element elementor-element-56374ef6 elementor-widget elementor-widget-heading\" data-id=\"56374ef6\" data-element_type=\"widget\" data-e-type=\"widget\" data-widget_type=\"heading.default\">\n\t\t\t\t<div class=\"elementor-widget-container\">\n\t\t\t\t\t<h1 class=\"elementor-heading-title elementor-size-large\">ENESEARMASTUS<\/h1>\t\t\t\t<\/div>\n\t\t\t\t<\/div>\n\t\t\t\t<div class=\"elementor-element elementor-element-69d2726f elementor-widget elementor-widget-text-editor\" data-id=\"69d2726f\" data-element_type=\"widget\" data-e-type=\"widget\" data-widget_type=\"text-editor.default\">\n\t\t\t\t<div class=\"elementor-widget-container\">\n\t\t\t\t\t\t\t\t\t<h3><strong>Kohtumine naistele<\/strong><\/h3><h3>16. aprill 2021<\/h3>\t\t\t\t\t\t\t\t<\/div>\n\t\t\t\t<\/div>\n\t\t\t\t\t<\/div>\n\t\t<\/div>\n\t\t\t\t\t<\/div>\n\t\t<\/section>\n\t\t\t\t<section class=\"elementor-section elementor-top-section elementor-element elementor-element-06f803a elementor-section-boxed elementor-section-height-default elementor-section-height-default\" data-id=\"06f803a\" data-element_type=\"section\" data-e-type=\"section\">\n\t\t\t\t\t\t<div class=\"elementor-container elementor-column-gap-default\">\n\t\t\t\t\t<div class=\"elementor-column elementor-col-100 elementor-top-column elementor-element elementor-element-9ee6ed8\" data-id=\"9ee6ed8\" data-element_type=\"column\" data-e-type=\"column\">\n\t\t\t<div class=\"elementor-widget-wrap elementor-element-populated\">\n\t\t\t\t\t\t<div class=\"elementor-element elementor-element-6f1475e elementor-widget elementor-widget-text-editor\" data-id=\"6f1475e\" data-element_type=\"widget\" data-e-type=\"widget\" data-widget_type=\"text-editor.default\">\n\t\t\t\t<div class=\"elementor-widget-container\">\n\t\t\t\t\t\t\t\t\t<div class=\"o9v6fnle cxmmr5t8 oygrvhab hcukyx3x c1et5uql\"><div class=\"kvgmc6g5 cxmmr5t8 oygrvhab hcukyx3x c1et5uql\">Armas Naine,<\/div><div>\u00a0<\/div><div class=\"o9v6fnle cxmmr5t8 oygrvhab hcukyx3x c1et5uql\">Nii tahaks ju olla selline nagu oled. Iseendana. Miks me siis ei ole? Kust tuleb see, et ennast piirame, paneme tahaplaanile? Ei luba endale naudingut, olemist, ilu, r\u00f5\u00f5mu.<\/div><div>\u00a0<\/div><div class=\"o9v6fnle cxmmr5t8 oygrvhab hcukyx3x c1et5uql\">Naudinguline Naine. See on meie p\u00f5hiolemus. &#8221; Olemine&#8221;, mitte &#8220;tegemine&#8221;.<\/div><div class=\"o9v6fnle cxmmr5t8 oygrvhab hcukyx3x c1et5uql\">Kuidas j\u00f5uda sinna &#8220;olemisse&#8221;? Kas see on v\u00f5imalik t\u00e4nap\u00e4eval, v\u00f5id sa k\u00fcsida. K\u00f5igi nende tegemiste ja kohustuste juures? Jah, on k\u00fcll, usun. Kuid sellega peab tegelema igap\u00e4evaselt ja teadlikult, et sinnani j\u00f5uda. Mitte l\u00e4bi raske t\u00f6\u00f6, vaid kerge tunnetuse.<\/div><div class=\"o9v6fnle cxmmr5t8 oygrvhab hcukyx3x c1et5uql\">Ja, mis t\u00e4htsaim. Sinna peame j\u00f5udma l\u00e4bi enesearmastuse.<\/div><div class=\"o9v6fnle cxmmr5t8 oygrvhab hcukyx3x c1et5uql\">Seekord teemegi praktikaid, et ensearmastust suurendada.<\/div><div class=\"o9v6fnle cxmmr5t8 oygrvhab hcukyx3x c1et5uql\">Hind: 25 eur<br \/>Info ja registreerimine messingeri kaudu v\u00f5i saates emaili:bellalaurf@hotmail.com.<\/div><div class=\"o9v6fnle cxmmr5t8 oygrvhab hcukyx3x c1et5uql\">T\u00f6\u00f6toa l\u00e4biviija: Bella Laurfeld, 0406706555<\/div><div class=\"o9v6fnle cxmmr5t8 oygrvhab hcukyx3x c1et5uql\">Asukoht: Samsara Hoitotila, aadress Castreninkatu 6, Kallio Helsingi.<\/div><div class=\"o9v6fnle cxmmr5t8 oygrvhab hcukyx3x c1et5uql\">\u00a0<\/div><div class=\"o9v6fnle cxmmr5t8 oygrvhab hcukyx3x c1et5uql\">Kallistusteni,<\/div><div class=\"o9v6fnle cxmmr5t8 oygrvhab hcukyx3x c1et5uql\">Bella<\/div><\/div>\t\t\t\t\t\t\t\t<\/div>\n\t\t\t\t<\/div>\n\t\t\t\t\t<\/div>\n\t\t<\/div>\n\t\t\t\t\t<\/div>\n\t\t<\/section>\n\t\t\t\t<section class=\"elementor-section elementor-top-section elementor-element elementor-element-e18daab elementor-section-boxed elementor-section-height-default elementor-section-height-default\" data-id=\"e18daab\" data-element_type=\"section\" data-e-type=\"section\">\n\t\t\t\t\t\t<div class=\"elementor-container elementor-column-gap-default\">\n\t\t\t\t\t<div class=\"elementor-column elementor-col-100 elementor-top-column elementor-element elementor-element-43aa1c8\" data-id=\"43aa1c8\" data-element_type=\"column\" data-e-type=\"column\">\n\t\t\t<div class=\"elementor-widget-wrap elementor-element-populated\">\n\t\t\t\t\t\t<div class=\"elementor-element elementor-element-e9c4b29 elementor-widget elementor-widget-image\" data-id=\"e9c4b29\" data-element_type=\"widget\" data-e-type=\"widget\" data-widget_type=\"image.default\">\n\t\t\t\t<div class=\"elementor-widget-container\">\n\t\t\t\t\t\t\t\t\t\t\t\t\t\t\t<img fetchpriority=\"high\" decoding=\"async\" width=\"800\" height=\"534\" src=\"https:\/\/learn2touch.com\/wp-content\/uploads\/2021\/04\/Bella-1-1024x683.jpg\" class=\"attachment-large size-large wp-image-4364\" alt=\"\" srcset=\"https:\/\/learn2touch.com\/wp-content\/uploads\/2021\/04\/Bella-1-1024x683.jpg 1024w, https:\/\/learn2touch.com\/wp-content\/uploads\/2021\/04\/Bella-1-300x200.jpg 300w, https:\/\/learn2touch.com\/wp-content\/uploads\/2021\/04\/Bella-1-768x512.jpg 768w, https:\/\/learn2touch.com\/wp-content\/uploads\/2021\/04\/Bella-1-600x400.jpg 600w, https:\/\/learn2touch.com\/wp-content\/uploads\/2021\/04\/Bella-1.jpg 1280w\" sizes=\"(max-width: 800px) 100vw, 800px\" \/>\t\t\t\t\t\t\t\t\t\t\t\t\t\t\t<\/div>\n\t\t\t\t<\/div>\n\t\t\t\t\t<\/div>\n\t\t<\/div>\n\t\t\t\t\t<\/div>\n\t\t<\/section>\n\t\t\t\t<section class=\"elementor-section elementor-top-section elementor-element elementor-element-4b76f0e elementor-section-boxed elementor-section-height-default elementor-section-height-default\" data-id=\"4b76f0e\" data-element_type=\"section\" data-e-type=\"section\">\n\t\t\t\t\t\t<div class=\"elementor-container elementor-column-gap-default\">\n\t\t\t\t\t<div class=\"elementor-column elementor-col-100 elementor-top-column elementor-element elementor-element-43baee2\" data-id=\"43baee2\" data-element_type=\"column\" data-e-type=\"column\">\n\t\t\t<div class=\"elementor-widget-wrap elementor-element-populated\">\n\t\t\t\t\t\t<div class=\"elementor-element elementor-element-4ac7ba8 elementor-widget elementor-widget-menu-anchor\" data-id=\"4ac7ba8\" data-element_type=\"widget\" data-e-type=\"widget\" data-widget_type=\"menu-anchor.default\">\n\t\t\t\t<div class=\"elementor-widget-container\">\n\t\t\t\t\t\t\t<div class=\"elementor-menu-anchor\" id=\"VILLA\"><\/div>\n\t\t\t\t\t\t<\/div>\n\t\t\t\t<\/div>\n\t\t\t\t\t<\/div>\n\t\t<\/div>\n\t\t\t\t\t<\/div>\n\t\t<\/section>\n\t\t\t\t<\/div>\n\t\t","protected":false},"excerpt":{"rendered":"<p>ENESEARMASTUS Kohtumine naistele 16. aprill 2021 Armas Naine,&nbsp;Nii tahaks ju olla selline nagu oled. Iseendana. Miks me siis ei ole? Kust tuleb see, et ennast piirame, paneme tahaplaanile? Ei luba endale naudingut, olemist, ilu, r\u00f5\u00f5mu.&nbsp;Naudinguline Naine. See on meie p\u00f5hiolemus. &#8221; Olemine&#8221;, mitte &#8220;tegemine&#8221;.Kuidas j\u00f5uda sinna &#8220;olemisse&#8221;? Kas see on v\u00f5imalik t\u00e4nap\u00e4eval, v\u00f5id sa k\u00fcsida. [&hellip;]<\/p>\n","protected":false},"author":3,"featured_media":4357,"parent":0,"menu_order":0,"comment_status":"closed","ping_status":"closed","template":"elementor_header_footer","meta":{"footnotes":""},"class_list":["post-4356","page","type-page","status-publish","has-post-thumbnail","hentry"],"yoast_head":"<!-- This site is optimized with the Yoast SEO plugin v27.2 - https:\/\/yoast.com\/product\/yoast-seo-wordpress\/ -->\n<title>Naistering Enesearmastus - LEARN TO TOUCH<\/title>\n<meta name=\"description\" content=\"Naistering Soomes. 16.04.21 Naudinguline Naine. See on meie p\u00f5hiolemus. &quot; Olemine&quot;, mitte &quot;tegemine&quot;. Kuidas j\u00f5uda sinna &quot;olemisse&quot;?\" \/>\n<meta name=\"robots\" content=\"index, follow, max-snippet:-1, max-image-preview:large, max-video-preview:-1\" \/>\n<link rel=\"canonical\" href=\"https:\/\/learn2touch.com\/et\/naistering-enesearmastus\/\" \/>\n<meta property=\"og:locale\" content=\"et_EE\" \/>\n<meta property=\"og:type\" content=\"article\" \/>\n<meta property=\"og:title\" content=\"Naistering Enesearmastus - LEARN TO TOUCH\" \/>\n<meta property=\"og:description\" content=\"Naistering Soomes. 16.04.21 Naudinguline Naine. See on meie p\u00f5hiolemus. &quot; Olemine&quot;, mitte &quot;tegemine&quot;. Kuidas j\u00f5uda sinna &quot;olemisse&quot;?\" \/>\n<meta property=\"og:url\" content=\"https:\/\/learn2touch.com\/et\/naistering-enesearmastus\/\" \/>\n<meta property=\"og:site_name\" content=\"LEARN TO TOUCH\" \/>\n<meta property=\"article:publisher\" content=\"https:\/\/www.facebook.com\/learn2touch\" \/>\n<meta property=\"article:modified_time\" content=\"2021-04-12T14:04:39+00:00\" \/>\n<meta property=\"og:image\" content=\"https:\/\/i0.wp.com\/learn2touch.com\/wp-content\/uploads\/2021\/04\/155145959_4106124409431704_3971740842960630044_n.jpg?fit=750%2C500&ssl=1\" \/>\n\t<meta property=\"og:image:width\" content=\"750\" \/>\n\t<meta property=\"og:image:height\" content=\"500\" \/>\n\t<meta property=\"og:image:type\" content=\"image\/jpeg\" \/>\n<meta name=\"twitter:card\" content=\"summary_large_image\" \/>\n<script type=\"application\/ld+json\" class=\"yoast-schema-graph\">{\"@context\":\"https:\/\/schema.org\",\"@graph\":[{\"@type\":\"WebPage\",\"@id\":\"https:\/\/learn2touch.com\/et\/naistering-enesearmastus\/\",\"url\":\"https:\/\/learn2touch.com\/et\/naistering-enesearmastus\/\",\"name\":\"Naistering Enesearmastus - LEARN TO TOUCH\",\"isPartOf\":{\"@id\":\"https:\/\/learn2touch.com\/et\/#website\"},\"primaryImageOfPage\":{\"@id\":\"https:\/\/learn2touch.com\/et\/naistering-enesearmastus\/#primaryimage\"},\"image\":{\"@id\":\"https:\/\/learn2touch.com\/et\/naistering-enesearmastus\/#primaryimage\"},\"thumbnailUrl\":\"https:\/\/learn2touch.com\/wp-content\/uploads\/2021\/04\/155145959_4106124409431704_3971740842960630044_n.jpg\",\"datePublished\":\"2021-04-12T13:59:34+00:00\",\"dateModified\":\"2021-04-12T14:04:39+00:00\",\"description\":\"Naistering Soomes. 16.04.21 Naudinguline Naine. See on meie p\u00f5hiolemus. \\\" Olemine\\\", mitte \\\"tegemine\\\". Kuidas j\u00f5uda sinna \\\"olemisse\\\"?\",\"breadcrumb\":{\"@id\":\"https:\/\/learn2touch.com\/et\/naistering-enesearmastus\/#breadcrumb\"},\"inLanguage\":\"et\",\"potentialAction\":[{\"@type\":\"ReadAction\",\"target\":[\"https:\/\/learn2touch.com\/et\/naistering-enesearmastus\/\"]}]},{\"@type\":\"ImageObject\",\"inLanguage\":\"et\",\"@id\":\"https:\/\/learn2touch.com\/et\/naistering-enesearmastus\/#primaryimage\",\"url\":\"https:\/\/learn2touch.com\/wp-content\/uploads\/2021\/04\/155145959_4106124409431704_3971740842960630044_n.jpg\",\"contentUrl\":\"https:\/\/learn2touch.com\/wp-content\/uploads\/2021\/04\/155145959_4106124409431704_3971740842960630044_n.jpg\",\"width\":750,\"height\":500},{\"@type\":\"BreadcrumbList\",\"@id\":\"https:\/\/learn2touch.com\/et\/naistering-enesearmastus\/#breadcrumb\",\"itemListElement\":[{\"@type\":\"ListItem\",\"position\":1,\"name\":\"Home\",\"item\":\"https:\/\/learn2touch.com\/\"},{\"@type\":\"ListItem\",\"position\":2,\"name\":\"Naistering Enesearmastus\"}]},{\"@type\":\"WebSite\",\"@id\":\"https:\/\/learn2touch.com\/et\/#website\",\"url\":\"https:\/\/learn2touch.com\/et\/\",\"name\":\"LEARN TO TOUCH\",\"description\":\"Video guide to successful relationships\",\"publisher\":{\"@id\":\"https:\/\/learn2touch.com\/et\/#organization\"},\"potentialAction\":[{\"@type\":\"SearchAction\",\"target\":{\"@type\":\"EntryPoint\",\"urlTemplate\":\"https:\/\/learn2touch.com\/et\/?s={search_term_string}\"},\"query-input\":{\"@type\":\"PropertyValueSpecification\",\"valueRequired\":true,\"valueName\":\"search_term_string\"}}],\"inLanguage\":\"et\"},{\"@type\":\"Organization\",\"@id\":\"https:\/\/learn2touch.com\/et\/#organization\",\"name\":\"LEARN 2 TOUCH\",\"url\":\"https:\/\/learn2touch.com\/et\/\",\"logo\":{\"@type\":\"ImageObject\",\"inLanguage\":\"et\",\"@id\":\"https:\/\/learn2touch.com\/et\/#\/schema\/logo\/image\/\",\"url\":\"https:\/\/learn2touch.com\/wp-content\/uploads\/2023\/05\/cropped-learn2touch.png\",\"contentUrl\":\"https:\/\/learn2touch.com\/wp-content\/uploads\/2023\/05\/cropped-learn2touch.png\",\"width\":800,\"height\":169,\"caption\":\"LEARN 2 TOUCH\"},\"image\":{\"@id\":\"https:\/\/learn2touch.com\/et\/#\/schema\/logo\/image\/\"},\"sameAs\":[\"https:\/\/www.facebook.com\/learn2touch\",\"https:\/\/www.youtube.com\/@Earthchildme\"]}]}<\/script>\n<!-- \/ Yoast SEO plugin. -->","yoast_head_json":{"title":"Naistering Enesearmastus - LEARN TO TOUCH","description":"Naistering Soomes. 16.04.21 Naudinguline Naine. See on meie p\u00f5hiolemus. \" Olemine\", mitte \"tegemine\". Kuidas j\u00f5uda sinna \"olemisse\"?","robots":{"index":"index","follow":"follow","max-snippet":"max-snippet:-1","max-image-preview":"max-image-preview:large","max-video-preview":"max-video-preview:-1"},"canonical":"https:\/\/learn2touch.com\/et\/naistering-enesearmastus\/","og_locale":"et_EE","og_type":"article","og_title":"Naistering Enesearmastus - LEARN TO TOUCH","og_description":"Naistering Soomes. 16.04.21 Naudinguline Naine. See on meie p\u00f5hiolemus. \" Olemine\", mitte \"tegemine\". Kuidas j\u00f5uda sinna \"olemisse\"?","og_url":"https:\/\/learn2touch.com\/et\/naistering-enesearmastus\/","og_site_name":"LEARN TO TOUCH","article_publisher":"https:\/\/www.facebook.com\/learn2touch","article_modified_time":"2021-04-12T14:04:39+00:00","og_image":[{"width":750,"height":500,"url":"https:\/\/i0.wp.com\/learn2touch.com\/wp-content\/uploads\/2021\/04\/155145959_4106124409431704_3971740842960630044_n.jpg?fit=750%2C500&ssl=1","type":"image\/jpeg"}],"twitter_card":"summary_large_image","schema":{"@context":"https:\/\/schema.org","@graph":[{"@type":"WebPage","@id":"https:\/\/learn2touch.com\/et\/naistering-enesearmastus\/","url":"https:\/\/learn2touch.com\/et\/naistering-enesearmastus\/","name":"Naistering Enesearmastus - LEARN TO TOUCH","isPartOf":{"@id":"https:\/\/learn2touch.com\/et\/#website"},"primaryImageOfPage":{"@id":"https:\/\/learn2touch.com\/et\/naistering-enesearmastus\/#primaryimage"},"image":{"@id":"https:\/\/learn2touch.com\/et\/naistering-enesearmastus\/#primaryimage"},"thumbnailUrl":"https:\/\/learn2touch.com\/wp-content\/uploads\/2021\/04\/155145959_4106124409431704_3971740842960630044_n.jpg","datePublished":"2021-04-12T13:59:34+00:00","dateModified":"2021-04-12T14:04:39+00:00","description":"Naistering Soomes. 16.04.21 Naudinguline Naine. See on meie p\u00f5hiolemus. \" Olemine\", mitte \"tegemine\". Kuidas j\u00f5uda sinna \"olemisse\"?","breadcrumb":{"@id":"https:\/\/learn2touch.com\/et\/naistering-enesearmastus\/#breadcrumb"},"inLanguage":"et","potentialAction":[{"@type":"ReadAction","target":["https:\/\/learn2touch.com\/et\/naistering-enesearmastus\/"]}]},{"@type":"ImageObject","inLanguage":"et","@id":"https:\/\/learn2touch.com\/et\/naistering-enesearmastus\/#primaryimage","url":"https:\/\/learn2touch.com\/wp-content\/uploads\/2021\/04\/155145959_4106124409431704_3971740842960630044_n.jpg","contentUrl":"https:\/\/learn2touch.com\/wp-content\/uploads\/2021\/04\/155145959_4106124409431704_3971740842960630044_n.jpg","width":750,"height":500},{"@type":"BreadcrumbList","@id":"https:\/\/learn2touch.com\/et\/naistering-enesearmastus\/#breadcrumb","itemListElement":[{"@type":"ListItem","position":1,"name":"Home","item":"https:\/\/learn2touch.com\/"},{"@type":"ListItem","position":2,"name":"Naistering Enesearmastus"}]},{"@type":"WebSite","@id":"https:\/\/learn2touch.com\/et\/#website","url":"https:\/\/learn2touch.com\/et\/","name":"LEARN TO TOUCH","description":"Video guide to successful relationships","publisher":{"@id":"https:\/\/learn2touch.com\/et\/#organization"},"potentialAction":[{"@type":"SearchAction","target":{"@type":"EntryPoint","urlTemplate":"https:\/\/learn2touch.com\/et\/?s={search_term_string}"},"query-input":{"@type":"PropertyValueSpecification","valueRequired":true,"valueName":"search_term_string"}}],"inLanguage":"et"},{"@type":"Organization","@id":"https:\/\/learn2touch.com\/et\/#organization","name":"LEARN 2 TOUCH","url":"https:\/\/learn2touch.com\/et\/","logo":{"@type":"ImageObject","inLanguage":"et","@id":"https:\/\/learn2touch.com\/et\/#\/schema\/logo\/image\/","url":"https:\/\/learn2touch.com\/wp-content\/uploads\/2023\/05\/cropped-learn2touch.png","contentUrl":"https:\/\/learn2touch.com\/wp-content\/uploads\/2023\/05\/cropped-learn2touch.png","width":800,"height":169,"caption":"LEARN 2 TOUCH"},"image":{"@id":"https:\/\/learn2touch.com\/et\/#\/schema\/logo\/image\/"},"sameAs":["https:\/\/www.facebook.com\/learn2touch","https:\/\/www.youtube.com\/@Earthchildme"]}]}},"featured_image_src":"https:\/\/learn2touch.com\/wp-content\/uploads\/2021\/04\/155145959_4106124409431704_3971740842960630044_n.jpg","featured_image_src_square":"https:\/\/learn2touch.com\/wp-content\/uploads\/2021\/04\/155145959_4106124409431704_3971740842960630044_n.jpg","jetpack_sharing_enabled":true,"_links":{"self":[{"href":"https:\/\/learn2touch.com\/et\/wp-json\/wp\/v2\/pages\/4356","targetHints":{"allow":["GET"]}}],"collection":[{"href":"https:\/\/learn2touch.com\/et\/wp-json\/wp\/v2\/pages"}],"about":[{"href":"https:\/\/learn2touch.com\/et\/wp-json\/wp\/v2\/types\/page"}],"author":[{"embeddable":true,"href":"https:\/\/learn2touch.com\/et\/wp-json\/wp\/v2\/users\/3"}],"replies":[{"embeddable":true,"href":"https:\/\/learn2touch.com\/et\/wp-json\/wp\/v2\/comments?post=4356"}],"version-history":[{"count":5,"href":"https:\/\/learn2touch.com\/et\/wp-json\/wp\/v2\/pages\/4356\/revisions"}],"predecessor-version":[{"id":4376,"href":"https:\/\/learn2touch.com\/et\/wp-json\/wp\/v2\/pages\/4356\/revisions\/4376"}],"wp:featuredmedia":[{"embeddable":true,"href":"https:\/\/learn2touch.com\/et\/wp-json\/wp\/v2\/media\/4357"}],"wp:attachment":[{"href":"https:\/\/learn2touch.com\/et\/wp-json\/wp\/v2\/media?parent=4356"}],"curies":[{"name":"wp","href":"https:\/\/api.w.org\/{rel}","templated":true}]}}