{"id":902,"date":"2020-04-24T08:40:00","date_gmt":"2020-04-24T08:40:00","guid":{"rendered":"http:\/\/localhost:8888\/earthchild\/?page_id=902"},"modified":"2023-06-20T10:30:15","modified_gmt":"2023-06-20T07:30:15","slug":"videod","status":"publish","type":"page","link":"https:\/\/learn2touch.com\/et\/videod\/","title":{"rendered":"Videod"},"content":{"rendered":"\t\t<div data-elementor-type=\"wp-page\" data-elementor-id=\"902\" class=\"elementor elementor-902 elementor-293\" data-elementor-post-type=\"page\">\n\t\t\t\t\t\t<section class=\"elementor-section elementor-top-section elementor-element elementor-element-a34a797 elementor-section-boxed elementor-section-height-default elementor-section-height-default\" data-id=\"a34a797\" data-element_type=\"section\" data-e-type=\"section\" data-settings=\"{&quot;background_background&quot;:&quot;classic&quot;,&quot;background_motion_fx_motion_fx_scrolling&quot;:&quot;yes&quot;,&quot;background_motion_fx_translateY_effect&quot;:&quot;yes&quot;,&quot;background_motion_fx_translateY_speed&quot;:{&quot;unit&quot;:&quot;px&quot;,&quot;size&quot;:4,&quot;sizes&quot;:[]},&quot;background_motion_fx_translateY_affectedRange&quot;:{&quot;unit&quot;:&quot;%&quot;,&quot;size&quot;:&quot;&quot;,&quot;sizes&quot;:{&quot;start&quot;:0,&quot;end&quot;:100}},&quot;background_motion_fx_devices&quot;:[&quot;desktop&quot;,&quot;tablet&quot;,&quot;mobile&quot;]}\">\n\t\t\t\t\t\t\t<div class=\"elementor-background-overlay\"><\/div>\n\t\t\t\t\t\t\t<div class=\"elementor-container elementor-column-gap-wide\">\n\t\t\t\t\t<div class=\"elementor-column elementor-col-100 elementor-top-column elementor-element elementor-element-febbd60\" data-id=\"febbd60\" data-element_type=\"column\" data-e-type=\"column\">\n\t\t\t<div class=\"elementor-widget-wrap elementor-element-populated\">\n\t\t\t\t\t\t<div class=\"elementor-element elementor-element-5888da0 elementor-widget elementor-widget-heading\" data-id=\"5888da0\" data-element_type=\"widget\" data-e-type=\"widget\" data-widget_type=\"heading.default\">\n\t\t\t\t<div class=\"elementor-widget-container\">\n\t\t\t\t\t<h1 class=\"elementor-heading-title elementor-size-default\">\u00d5ppematerjalid<\/h1>\t\t\t\t<\/div>\n\t\t\t\t<\/div>\n\t\t\t\t<div class=\"elementor-element elementor-element-735ac96 elementor-widget elementor-widget-heading\" data-id=\"735ac96\" data-element_type=\"widget\" data-e-type=\"widget\" data-widget_type=\"heading.default\">\n\t\t\t\t<div class=\"elementor-widget-container\">\n\t\t\t\t\t<div class=\"elementor-heading-title elementor-size-default\">Koge. Avasta. Katseta. Naudi.<\/div>\t\t\t\t<\/div>\n\t\t\t\t<\/div>\n\t\t\t\t\t<\/div>\n\t\t<\/div>\n\t\t\t\t\t<\/div>\n\t\t<\/section>\n\t\t\t\t<section class=\"elementor-section elementor-top-section elementor-element elementor-element-0e943a3 elementor-section-boxed elementor-section-height-default elementor-section-height-default\" data-id=\"0e943a3\" data-element_type=\"section\" data-e-type=\"section\">\n\t\t\t\t\t\t<div class=\"elementor-container elementor-column-gap-default\">\n\t\t\t\t\t<div class=\"elementor-column elementor-col-100 elementor-top-column elementor-element elementor-element-7e1da17\" data-id=\"7e1da17\" data-element_type=\"column\" data-e-type=\"column\" data-settings=\"{&quot;background_background&quot;:&quot;classic&quot;}\">\n\t\t\t<div class=\"elementor-widget-wrap elementor-element-populated\">\n\t\t\t\t\t\t<div class=\"elementor-element elementor-element-97f4e04 elementor-widget elementor-widget-heading\" data-id=\"97f4e04\" data-element_type=\"widget\" data-e-type=\"widget\" data-widget_type=\"heading.default\">\n\t\t\t\t<div class=\"elementor-widget-container\">\n\t\t\t\t\t<h4 class=\"elementor-heading-title elementor-size-small\">Oleme siia kokku kogunud erinevad massaa\u017eitehnikad ning inspireerivad \u00f5ppevideod, mida l\u00e4heduse kasvatamiseks kasutada.<\/h4>\t\t\t\t<\/div>\n\t\t\t\t<\/div>\n\t\t\t\t<div class=\"elementor-element elementor-element-398d2ee elementor-widget elementor-widget-mp-mustache-posts\" data-id=\"398d2ee\" data-element_type=\"widget\" data-e-type=\"widget\" data-widget_type=\"mp-mustache-posts.default\">\n\t\t\t\t<div class=\"elementor-widget-container\">\n\t\t\t\t\t<ul id=\"l2t-video-list\"><li class=\"video-item access-restricted\" data-recipe-id=\"1418\">\n    <!-- Recipe Content -->\n        \n    <a href=\"https:\/\/learn2touch.com\/et\/toode\/kulluslik-programm\/\" class=\"video-content\">\n        <div class=\"video-thumb\">\n            <img decoding=\"async\" src=\"https:\/\/learn2touch.com\/wp-content\/uploads\/2020\/04\/Floating-cover-1024x527.jpg\" alt=\"Veemassaa\u017e\">\n        <\/div>\n        <h3 class=\"video-title\">Veemassaa\u017e<\/h3>\n    <\/a>\n<\/li><li class=\"video-item access-public\" data-recipe-id=\"6843\">\n    <!-- Recipe Content -->\n        \n    <a href=\"https:\/\/learn2touch.com\/et\/video\/udiana-banda\/\" class=\"video-content\">\n        <div class=\"video-thumb\">\n            <img decoding=\"async\" src=\"https:\/\/learn2touch.com\/wp-content\/uploads\/2022\/02\/Udiana-banda-1024x584.jpg\" alt=\"Udiana banda\">\n        <\/div>\n        <h3 class=\"video-title\">Udiana banda<\/h3>\n    <\/a>\n<\/li><li class=\"video-item access-public\" data-recipe-id=\"1303\">\n    <!-- Recipe Content -->\n        \n    <a href=\"https:\/\/learn2touch.com\/et\/video\/peamassaaz\/\" class=\"video-content\">\n        <div class=\"video-thumb\">\n            <img decoding=\"async\" src=\"https:\/\/learn2touch.com\/wp-content\/uploads\/2020\/04\/head-massage-1024x572.jpg\" alt=\"Peamassaa\u017e\">\n        <\/div>\n        <h3 class=\"video-title\">Peamassaa\u017e<\/h3>\n    <\/a>\n<\/li><li class=\"video-item access-restricted\" data-recipe-id=\"9597\">\n    <!-- Recipe Content -->\n        \n    <a href=\"https:\/\/learn2touch.com\/et\/toode\/vaagna-vabastus\/\" class=\"video-content\">\n        <div class=\"video-thumb\">\n            <img decoding=\"async\" src=\"https:\/\/learn2touch.com\/wp-content\/uploads\/2023\/04\/Vaagna-vabastus-1024x550.jpg\" alt=\"Vaagna vabastus\">\n        <\/div>\n        <h3 class=\"video-title\">Vaagna vabastus<\/h3>\n    <\/a>\n<\/li><li class=\"video-item access-restricted\" data-recipe-id=\"16759\">\n    <!-- Recipe Content -->\n        \n    <a href=\"https:\/\/learn2touch.com\/et\/toode\/aratav-puudutus\/\" class=\"video-content\">\n        <div class=\"video-thumb\">\n            <img decoding=\"async\" src=\"https:\/\/learn2touch.com\/wp-content\/uploads\/2023\/12\/Learn2touch-Igor-Bella38-1024x684.jpg\" alt=\"\u00c4ratav puudutus\">\n        <\/div>\n        <h3 class=\"video-title\">\u00c4ratav puudutus<\/h3>\n    <\/a>\n<\/li><li class=\"video-item access-restricted\" data-recipe-id=\"1043\">\n    <!-- Recipe Content -->\n        \n    <a href=\"https:\/\/learn2touch.com\/et\/toode\/koogitooli-romantika\/\" class=\"video-content\">\n        <div class=\"video-thumb\">\n            <img decoding=\"async\" src=\"https:\/\/learn2touch.com\/wp-content\/uploads\/2020\/04\/Kitchen-chair-romance-cover-1024x565.jpg\" alt=\"K\u00f6\u00f6gitooli Romantika\">\n        <\/div>\n        <h3 class=\"video-title\">K\u00f6\u00f6gitooli Romantika<\/h3>\n    <\/a>\n<\/li><li class=\"video-item access-restricted\" data-recipe-id=\"848\">\n    <!-- Recipe Content -->\n        \n    <a href=\"https:\/\/learn2touch.com\/et\/toode\/surfipoos\/\" class=\"video-content\">\n        <div class=\"video-thumb\">\n            <img decoding=\"async\" src=\"https:\/\/learn2touch.com\/wp-content\/uploads\/2020\/04\/Surfers-pose-cover-1024x577.jpg\" alt=\"Surfipoos\">\n        <\/div>\n        <h3 class=\"video-title\">Surfipoos<\/h3>\n    <\/a>\n<\/li><li class=\"video-item access-restricted\" data-recipe-id=\"9478\">\n    <!-- Recipe Content -->\n        \n    <a href=\"https:\/\/learn2touch.com\/et\/toode\/syda\/\" class=\"video-content\">\n        <div class=\"video-thumb\">\n            <img decoding=\"async\" src=\"https:\/\/learn2touch.com\/wp-content\/uploads\/2023\/03\/heart-1024x1024.jpeg\" alt=\"S\u00fcdame avamise massaa\u017e\">\n        <\/div>\n        <h3 class=\"video-title\">S\u00fcdame avamise massaa\u017e<\/h3>\n    <\/a>\n<\/li><li class=\"video-item access-restricted\" data-recipe-id=\"1149\">\n    <!-- Recipe Content -->\n        \n    <a href=\"https:\/\/learn2touch.com\/et\/toode\/rindade-massaaz\/\" class=\"video-content\">\n        <div class=\"video-thumb\">\n            <img decoding=\"async\" src=\"https:\/\/learn2touch.com\/wp-content\/uploads\/2020\/04\/breast-massage-cover-1024x521.jpg\" alt=\"Rindade massaa\u017e\">\n        <\/div>\n        <h3 class=\"video-title\">Rindade massaa\u017e<\/h3>\n    <\/a>\n<\/li><li class=\"video-item access-restricted\" data-recipe-id=\"1341\">\n    <!-- Recipe Content -->\n        \n    <a href=\"https:\/\/learn2touch.com\/et\/toode\/andestamine\/\" class=\"video-content\">\n        <div class=\"video-thumb\">\n            <img decoding=\"async\" src=\"https:\/\/learn2touch.com\/wp-content\/uploads\/2020\/05\/Forgivness-1024x576.jpg\" alt=\"Andestamine\">\n        <\/div>\n        <h3 class=\"video-title\">Andestamine<\/h3>\n    <\/a>\n<\/li><\/ul><div class=\"mp-pagination\"><span aria-label=\"Page 1\" aria-current=\"page\" class=\"page-numbers current\">1<\/span>\n<a aria-label=\"Page 2\" class=\"page-numbers\" href=\"https:\/\/learn2touch.com\/et\/wp-json\/wp\/v2\/pages\/902\/page\/2\/\">2<\/a>\n<a aria-label=\"Page 3\" class=\"page-numbers\" href=\"https:\/\/learn2touch.com\/et\/wp-json\/wp\/v2\/pages\/902\/page\/3\/\">3<\/a>\n<a aria-label=\"Page 4\" class=\"page-numbers\" href=\"https:\/\/learn2touch.com\/et\/wp-json\/wp\/v2\/pages\/902\/page\/4\/\">4<\/a>\n<a class=\"next page-numbers\" href=\"https:\/\/learn2touch.com\/et\/wp-json\/wp\/v2\/pages\/902\/page\/2\/\"><\/a><\/div>\t\t\t\t<\/div>\n\t\t\t\t<\/div>\n\t\t\t\t\t<\/div>\n\t\t<\/div>\n\t\t\t\t\t<\/div>\n\t\t<\/section>\n\t\t\t\t<\/div>\n\t\t","protected":false},"excerpt":{"rendered":"<p>\u00d5ppematerjalid Koge. Avasta. Katseta. Naudi. Oleme siia kokku kogunud erinevad massaa\u017eitehnikad ning inspireerivad \u00f5ppevideod, mida l\u00e4heduse kasvatamiseks kasutada. Chi Nei Tsang Follow the palm exercise 3 minutes game Thai Vedic Bodywork Approaching exercise Racer Pose Awakening touch Body Restart Complete Breath Male and Female breath 1 2 3<\/p>\n","protected":false},"author":1,"featured_media":1101,"parent":0,"menu_order":0,"comment_status":"closed","ping_status":"closed","template":"elementor_header_footer","meta":{"footnotes":""},"class_list":["post-902","page","type-page","status-publish","has-post-thumbnail","hentry"],"yoast_head":"<!-- This site is optimized with the Yoast SEO plugin v27.2 - https:\/\/yoast.com\/product\/yoast-seo-wordpress\/ -->\n<title>Videod - LEARN TO TOUCH<\/title>\n<meta name=\"description\" content=\"Tule meie virtuaalsesse \u00f5ppeklassi, kus on hulgaliselt erinevaid tehtnikaid ja massaa\u017ee nii paaridele kui vallalistele. \u00d5pi koos meiega teadlikku puudutust.\" \/>\n<meta name=\"robots\" content=\"index, follow, max-snippet:-1, max-image-preview:large, max-video-preview:-1\" \/>\n<link rel=\"canonical\" href=\"https:\/\/learn2touch.com\/et\/videod\/\" \/>\n<meta property=\"og:locale\" content=\"et_EE\" \/>\n<meta property=\"og:type\" content=\"article\" \/>\n<meta property=\"og:title\" content=\"Videod - LEARN TO TOUCH\" \/>\n<meta property=\"og:description\" content=\"Tule meie virtuaalsesse \u00f5ppeklassi, kus on hulgaliselt erinevaid tehtnikaid ja massaa\u017ee nii paaridele kui vallalistele. \u00d5pi koos meiega teadlikku puudutust.\" \/>\n<meta property=\"og:url\" content=\"https:\/\/learn2touch.com\/et\/videod\/\" \/>\n<meta property=\"og:site_name\" content=\"LEARN TO TOUCH\" \/>\n<meta property=\"article:publisher\" content=\"https:\/\/www.facebook.com\/learn2touch\" \/>\n<meta property=\"article:modified_time\" content=\"2023-06-20T07:30:15+00:00\" \/>\n<meta property=\"og:image\" content=\"https:\/\/i0.wp.com\/learn2touch.com\/wp-content\/uploads\/2020\/05\/videos-L2T.jpg?fit=2000%2C1333&ssl=1\" \/>\n\t<meta property=\"og:image:width\" content=\"2000\" \/>\n\t<meta property=\"og:image:height\" content=\"1333\" \/>\n\t<meta property=\"og:image:type\" content=\"image\/jpeg\" \/>\n<meta name=\"twitter:card\" content=\"summary_large_image\" \/>\n<script type=\"application\/ld+json\" class=\"yoast-schema-graph\">{\"@context\":\"https:\/\/schema.org\",\"@graph\":[{\"@type\":\"WebPage\",\"@id\":\"https:\/\/learn2touch.com\/et\/videod\/\",\"url\":\"https:\/\/learn2touch.com\/et\/videod\/\",\"name\":\"Videod - LEARN TO TOUCH\",\"isPartOf\":{\"@id\":\"https:\/\/learn2touch.com\/et\/#website\"},\"primaryImageOfPage\":{\"@id\":\"https:\/\/learn2touch.com\/et\/videod\/#primaryimage\"},\"image\":{\"@id\":\"https:\/\/learn2touch.com\/et\/videod\/#primaryimage\"},\"thumbnailUrl\":\"https:\/\/learn2touch.com\/wp-content\/uploads\/2020\/05\/videos-L2T.jpg\",\"datePublished\":\"2020-04-24T08:40:00+00:00\",\"dateModified\":\"2023-06-20T07:30:15+00:00\",\"description\":\"Tule meie virtuaalsesse \u00f5ppeklassi, kus on hulgaliselt erinevaid tehtnikaid ja massaa\u017ee nii paaridele kui vallalistele. \u00d5pi koos meiega teadlikku puudutust.\",\"breadcrumb\":{\"@id\":\"https:\/\/learn2touch.com\/et\/videod\/#breadcrumb\"},\"inLanguage\":\"et\",\"potentialAction\":[{\"@type\":\"ReadAction\",\"target\":[\"https:\/\/learn2touch.com\/et\/videod\/\"]}]},{\"@type\":\"ImageObject\",\"inLanguage\":\"et\",\"@id\":\"https:\/\/learn2touch.com\/et\/videod\/#primaryimage\",\"url\":\"https:\/\/learn2touch.com\/wp-content\/uploads\/2020\/05\/videos-L2T.jpg\",\"contentUrl\":\"https:\/\/learn2touch.com\/wp-content\/uploads\/2020\/05\/videos-L2T.jpg\",\"width\":2000,\"height\":1333},{\"@type\":\"BreadcrumbList\",\"@id\":\"https:\/\/learn2touch.com\/et\/videod\/#breadcrumb\",\"itemListElement\":[{\"@type\":\"ListItem\",\"position\":1,\"name\":\"Home\",\"item\":\"https:\/\/learn2touch.com\/\"},{\"@type\":\"ListItem\",\"position\":2,\"name\":\"Videod\"}]},{\"@type\":\"WebSite\",\"@id\":\"https:\/\/learn2touch.com\/et\/#website\",\"url\":\"https:\/\/learn2touch.com\/et\/\",\"name\":\"LEARN TO TOUCH\",\"description\":\"Video guide to successful relationships\",\"publisher\":{\"@id\":\"https:\/\/learn2touch.com\/et\/#organization\"},\"potentialAction\":[{\"@type\":\"SearchAction\",\"target\":{\"@type\":\"EntryPoint\",\"urlTemplate\":\"https:\/\/learn2touch.com\/et\/?s={search_term_string}\"},\"query-input\":{\"@type\":\"PropertyValueSpecification\",\"valueRequired\":true,\"valueName\":\"search_term_string\"}}],\"inLanguage\":\"et\"},{\"@type\":\"Organization\",\"@id\":\"https:\/\/learn2touch.com\/et\/#organization\",\"name\":\"LEARN 2 TOUCH\",\"url\":\"https:\/\/learn2touch.com\/et\/\",\"logo\":{\"@type\":\"ImageObject\",\"inLanguage\":\"et\",\"@id\":\"https:\/\/learn2touch.com\/et\/#\/schema\/logo\/image\/\",\"url\":\"https:\/\/learn2touch.com\/wp-content\/uploads\/2023\/05\/cropped-learn2touch.png\",\"contentUrl\":\"https:\/\/learn2touch.com\/wp-content\/uploads\/2023\/05\/cropped-learn2touch.png\",\"width\":800,\"height\":169,\"caption\":\"LEARN 2 TOUCH\"},\"image\":{\"@id\":\"https:\/\/learn2touch.com\/et\/#\/schema\/logo\/image\/\"},\"sameAs\":[\"https:\/\/www.facebook.com\/learn2touch\",\"https:\/\/www.youtube.com\/@Earthchildme\"]}]}<\/script>\n<!-- \/ Yoast SEO plugin. -->","yoast_head_json":{"title":"Videod - LEARN TO TOUCH","description":"Tule meie virtuaalsesse \u00f5ppeklassi, kus on hulgaliselt erinevaid tehtnikaid ja massaa\u017ee nii paaridele kui vallalistele. \u00d5pi koos meiega teadlikku puudutust.","robots":{"index":"index","follow":"follow","max-snippet":"max-snippet:-1","max-image-preview":"max-image-preview:large","max-video-preview":"max-video-preview:-1"},"canonical":"https:\/\/learn2touch.com\/et\/videod\/","og_locale":"et_EE","og_type":"article","og_title":"Videod - LEARN TO TOUCH","og_description":"Tule meie virtuaalsesse \u00f5ppeklassi, kus on hulgaliselt erinevaid tehtnikaid ja massaa\u017ee nii paaridele kui vallalistele. \u00d5pi koos meiega teadlikku puudutust.","og_url":"https:\/\/learn2touch.com\/et\/videod\/","og_site_name":"LEARN TO TOUCH","article_publisher":"https:\/\/www.facebook.com\/learn2touch","article_modified_time":"2023-06-20T07:30:15+00:00","og_image":[{"width":2000,"height":1333,"url":"https:\/\/i0.wp.com\/learn2touch.com\/wp-content\/uploads\/2020\/05\/videos-L2T.jpg?fit=2000%2C1333&ssl=1","type":"image\/jpeg"}],"twitter_card":"summary_large_image","schema":{"@context":"https:\/\/schema.org","@graph":[{"@type":"WebPage","@id":"https:\/\/learn2touch.com\/et\/videod\/","url":"https:\/\/learn2touch.com\/et\/videod\/","name":"Videod - LEARN TO TOUCH","isPartOf":{"@id":"https:\/\/learn2touch.com\/et\/#website"},"primaryImageOfPage":{"@id":"https:\/\/learn2touch.com\/et\/videod\/#primaryimage"},"image":{"@id":"https:\/\/learn2touch.com\/et\/videod\/#primaryimage"},"thumbnailUrl":"https:\/\/learn2touch.com\/wp-content\/uploads\/2020\/05\/videos-L2T.jpg","datePublished":"2020-04-24T08:40:00+00:00","dateModified":"2023-06-20T07:30:15+00:00","description":"Tule meie virtuaalsesse \u00f5ppeklassi, kus on hulgaliselt erinevaid tehtnikaid ja massaa\u017ee nii paaridele kui vallalistele. \u00d5pi koos meiega teadlikku puudutust.","breadcrumb":{"@id":"https:\/\/learn2touch.com\/et\/videod\/#breadcrumb"},"inLanguage":"et","potentialAction":[{"@type":"ReadAction","target":["https:\/\/learn2touch.com\/et\/videod\/"]}]},{"@type":"ImageObject","inLanguage":"et","@id":"https:\/\/learn2touch.com\/et\/videod\/#primaryimage","url":"https:\/\/learn2touch.com\/wp-content\/uploads\/2020\/05\/videos-L2T.jpg","contentUrl":"https:\/\/learn2touch.com\/wp-content\/uploads\/2020\/05\/videos-L2T.jpg","width":2000,"height":1333},{"@type":"BreadcrumbList","@id":"https:\/\/learn2touch.com\/et\/videod\/#breadcrumb","itemListElement":[{"@type":"ListItem","position":1,"name":"Home","item":"https:\/\/learn2touch.com\/"},{"@type":"ListItem","position":2,"name":"Videod"}]},{"@type":"WebSite","@id":"https:\/\/learn2touch.com\/et\/#website","url":"https:\/\/learn2touch.com\/et\/","name":"LEARN TO TOUCH","description":"Video guide to successful relationships","publisher":{"@id":"https:\/\/learn2touch.com\/et\/#organization"},"potentialAction":[{"@type":"SearchAction","target":{"@type":"EntryPoint","urlTemplate":"https:\/\/learn2touch.com\/et\/?s={search_term_string}"},"query-input":{"@type":"PropertyValueSpecification","valueRequired":true,"valueName":"search_term_string"}}],"inLanguage":"et"},{"@type":"Organization","@id":"https:\/\/learn2touch.com\/et\/#organization","name":"LEARN 2 TOUCH","url":"https:\/\/learn2touch.com\/et\/","logo":{"@type":"ImageObject","inLanguage":"et","@id":"https:\/\/learn2touch.com\/et\/#\/schema\/logo\/image\/","url":"https:\/\/learn2touch.com\/wp-content\/uploads\/2023\/05\/cropped-learn2touch.png","contentUrl":"https:\/\/learn2touch.com\/wp-content\/uploads\/2023\/05\/cropped-learn2touch.png","width":800,"height":169,"caption":"LEARN 2 TOUCH"},"image":{"@id":"https:\/\/learn2touch.com\/et\/#\/schema\/logo\/image\/"},"sameAs":["https:\/\/www.facebook.com\/learn2touch","https:\/\/www.youtube.com\/@Earthchildme"]}]}},"featured_image_src":"https:\/\/learn2touch.com\/wp-content\/uploads\/2020\/05\/videos-L2T.jpg","featured_image_src_square":"https:\/\/learn2touch.com\/wp-content\/uploads\/2020\/05\/videos-L2T.jpg","jetpack_sharing_enabled":true,"_links":{"self":[{"href":"https:\/\/learn2touch.com\/et\/wp-json\/wp\/v2\/pages\/902","targetHints":{"allow":["GET"]}}],"collection":[{"href":"https:\/\/learn2touch.com\/et\/wp-json\/wp\/v2\/pages"}],"about":[{"href":"https:\/\/learn2touch.com\/et\/wp-json\/wp\/v2\/types\/page"}],"author":[{"embeddable":true,"href":"https:\/\/learn2touch.com\/et\/wp-json\/wp\/v2\/users\/1"}],"replies":[{"embeddable":true,"href":"https:\/\/learn2touch.com\/et\/wp-json\/wp\/v2\/comments?post=902"}],"version-history":[{"count":52,"href":"https:\/\/learn2touch.com\/et\/wp-json\/wp\/v2\/pages\/902\/revisions"}],"predecessor-version":[{"id":9799,"href":"https:\/\/learn2touch.com\/et\/wp-json\/wp\/v2\/pages\/902\/revisions\/9799"}],"wp:featuredmedia":[{"embeddable":true,"href":"https:\/\/learn2touch.com\/et\/wp-json\/wp\/v2\/media\/1101"}],"wp:attachment":[{"href":"https:\/\/learn2touch.com\/et\/wp-json\/wp\/v2\/media?parent=902"}],"curies":[{"name":"wp","href":"https:\/\/api.w.org\/{rel}","templated":true}]}}