{"id":15998,"date":"2025-06-15T10:42:28","date_gmt":"2025-06-15T07:42:28","guid":{"rendered":"https:\/\/learn2touch.com\/?post_type=product&#038;p=15998"},"modified":"2025-06-15T10:48:39","modified_gmt":"2025-06-15T07:48:39","slug":"untight","status":"publish","type":"product","link":"https:\/\/learn2touch.com\/et\/toode\/untight\/","title":{"rendered":"Untight massaa\u017e"},"content":{"rendered":"<p>See massaa\u017e v\u00f5imaldab paremini aktiveerida partneri n\u00e4rvis\u00fcsteemi ja tuua uut eluj\u00f5udu kehasse. Bella Skalkina demonstreerib massaa\u017ei ja tutvustab tehnikat eesti keeles.<\/p>\n<p>Selle video taustal saate teha teineteisele seda haruldast massaa\u017ei ja hiljem, kui tehnika on juba selge, soovitame teha seda praktikat pikemalt \u2013 v\u00e4hemalt tund aega j\u00e4rjest.<\/p>\n<p>&nbsp;<\/p>\n<p>&nbsp;<\/p>\n\n","protected":false},"excerpt":{"rendered":"<p>See massaa\u017e v\u00f5imaldab paremini aktiveerida partneri n\u00e4rvis\u00fcsteemi ja tuua uut eluj\u00f5udu kehasse. Bella Skalkina demonstreerib massaa\u017ei ja tutvustab tehnikat eesti keeles. Selle video taustal saate teha teineteisele seda haruldast massaa\u017ei ja hiljem, kui tehnika on juba selge, soovitame teha seda praktikat pikemalt \u2013 v\u00e4hemalt tund aega j\u00e4rjest. &nbsp; &nbsp;<\/p>\n","protected":false},"featured_media":15786,"template":"","meta":[],"product_brand":[],"product_cat":[255,208],"product_tag":[190,222,169],"class_list":{"0":"post-15998","1":"product","2":"type-product","3":"status-publish","4":"has-post-thumbnail","6":"product_cat-bali2","7":"product_cat-massage","8":"product_tag-massaaz","9":"product_tag-suda","10":"product_tag-tantra","12":"first","13":"instock","14":"taxable","15":"shipping-taxable","16":"purchasable","17":"product-type-simple"},"yoast_head":"<!-- This site is optimized with the Yoast SEO plugin v27.2 - https:\/\/yoast.com\/product\/yoast-seo-wordpress\/ -->\n<title>Untight massaa\u017e - LEARN TO TOUCH<\/title>\n<meta name=\"robots\" content=\"index, follow, max-snippet:-1, max-image-preview:large, max-video-preview:-1\" \/>\n<link rel=\"canonical\" href=\"https:\/\/learn2touch.com\/et\/toode\/untight\/\" \/>\n<meta property=\"og:locale\" content=\"et_EE\" \/>\n<meta property=\"og:type\" content=\"article\" \/>\n<meta property=\"og:title\" content=\"Untight massaa\u017e - LEARN TO TOUCH\" \/>\n<meta property=\"og:description\" content=\"See massaa\u017e v\u00f5imaldab paremini aktiveerida partneri n\u00e4rvis\u00fcsteemi ja tuua uut eluj\u00f5udu kehasse. Bella Skalkina demonstreerib massaa\u017ei ja tutvustab tehnikat eesti keeles. Selle video taustal saate teha teineteisele seda haruldast massaa\u017ei ja hiljem, kui tehnika on juba selge, soovitame teha seda praktikat pikemalt \u2013 v\u00e4hemalt tund aega j\u00e4rjest. &nbsp; &nbsp;\" \/>\n<meta property=\"og:url\" content=\"https:\/\/learn2touch.com\/et\/toode\/untight\/\" \/>\n<meta property=\"og:site_name\" content=\"LEARN TO TOUCH\" \/>\n<meta property=\"article:publisher\" content=\"https:\/\/www.facebook.com\/learn2touch\" \/>\n<meta property=\"article:modified_time\" content=\"2025-06-15T07:48:39+00:00\" \/>\n<meta property=\"og:image\" content=\"https:\/\/learn2touch.com\/wp-content\/uploads\/2025\/04\/Fookus-ja-taju.jpg\" \/>\n\t<meta property=\"og:image:width\" content=\"1456\" \/>\n\t<meta property=\"og:image:height\" content=\"816\" \/>\n\t<meta property=\"og:image:type\" content=\"image\/jpeg\" \/>\n<meta name=\"twitter:card\" content=\"summary_large_image\" \/>\n<script type=\"application\/ld+json\" class=\"yoast-schema-graph\">{\"@context\":\"https:\/\/schema.org\",\"@graph\":[{\"@type\":\"WebPage\",\"@id\":\"https:\/\/learn2touch.com\/et\/toode\/untight\/\",\"url\":\"https:\/\/learn2touch.com\/et\/toode\/untight\/\",\"name\":\"Untight massaa\u017e - LEARN TO TOUCH\",\"isPartOf\":{\"@id\":\"https:\/\/learn2touch.com\/et\/#website\"},\"primaryImageOfPage\":{\"@id\":\"https:\/\/learn2touch.com\/et\/toode\/untight\/#primaryimage\"},\"image\":{\"@id\":\"https:\/\/learn2touch.com\/et\/toode\/untight\/#primaryimage\"},\"thumbnailUrl\":\"https:\/\/learn2touch.com\/wp-content\/uploads\/2025\/04\/Fookus-ja-taju.jpg\",\"datePublished\":\"2025-06-15T07:42:28+00:00\",\"dateModified\":\"2025-06-15T07:48:39+00:00\",\"breadcrumb\":{\"@id\":\"https:\/\/learn2touch.com\/et\/toode\/untight\/#breadcrumb\"},\"inLanguage\":\"et\",\"potentialAction\":[{\"@type\":\"ReadAction\",\"target\":[\"https:\/\/learn2touch.com\/et\/toode\/untight\/\"]}]},{\"@type\":\"ImageObject\",\"inLanguage\":\"et\",\"@id\":\"https:\/\/learn2touch.com\/et\/toode\/untight\/#primaryimage\",\"url\":\"https:\/\/learn2touch.com\/wp-content\/uploads\/2025\/04\/Fookus-ja-taju.jpg\",\"contentUrl\":\"https:\/\/learn2touch.com\/wp-content\/uploads\/2025\/04\/Fookus-ja-taju.jpg\",\"width\":1456,\"height\":816},{\"@type\":\"BreadcrumbList\",\"@id\":\"https:\/\/learn2touch.com\/et\/toode\/untight\/#breadcrumb\",\"itemListElement\":[{\"@type\":\"ListItem\",\"position\":1,\"name\":\"Home\",\"item\":\"https:\/\/learn2touch.com\/\"},{\"@type\":\"ListItem\",\"position\":2,\"name\":\"Products\",\"item\":\"https:\/\/learn2touch.com\/shop\/\"},{\"@type\":\"ListItem\",\"position\":3,\"name\":\"Untight massaa\u017e\"}]},{\"@type\":\"WebSite\",\"@id\":\"https:\/\/learn2touch.com\/et\/#website\",\"url\":\"https:\/\/learn2touch.com\/et\/\",\"name\":\"LEARN TO TOUCH\",\"description\":\"Video guide to successful relationships\",\"publisher\":{\"@id\":\"https:\/\/learn2touch.com\/et\/#organization\"},\"potentialAction\":[{\"@type\":\"SearchAction\",\"target\":{\"@type\":\"EntryPoint\",\"urlTemplate\":\"https:\/\/learn2touch.com\/et\/?s={search_term_string}\"},\"query-input\":{\"@type\":\"PropertyValueSpecification\",\"valueRequired\":true,\"valueName\":\"search_term_string\"}}],\"inLanguage\":\"et\"},{\"@type\":\"Organization\",\"@id\":\"https:\/\/learn2touch.com\/et\/#organization\",\"name\":\"LEARN 2 TOUCH\",\"url\":\"https:\/\/learn2touch.com\/et\/\",\"logo\":{\"@type\":\"ImageObject\",\"inLanguage\":\"et\",\"@id\":\"https:\/\/learn2touch.com\/et\/#\/schema\/logo\/image\/\",\"url\":\"https:\/\/learn2touch.com\/wp-content\/uploads\/2023\/05\/cropped-learn2touch.png\",\"contentUrl\":\"https:\/\/learn2touch.com\/wp-content\/uploads\/2023\/05\/cropped-learn2touch.png\",\"width\":800,\"height\":169,\"caption\":\"LEARN 2 TOUCH\"},\"image\":{\"@id\":\"https:\/\/learn2touch.com\/et\/#\/schema\/logo\/image\/\"},\"sameAs\":[\"https:\/\/www.facebook.com\/learn2touch\",\"https:\/\/www.youtube.com\/@Earthchildme\"]}]}<\/script>\n<!-- \/ Yoast SEO plugin. -->","yoast_head_json":{"title":"Untight massaa\u017e - LEARN TO TOUCH","robots":{"index":"index","follow":"follow","max-snippet":"max-snippet:-1","max-image-preview":"max-image-preview:large","max-video-preview":"max-video-preview:-1"},"canonical":"https:\/\/learn2touch.com\/et\/toode\/untight\/","og_locale":"et_EE","og_type":"article","og_title":"Untight massaa\u017e - LEARN TO TOUCH","og_description":"See massaa\u017e v\u00f5imaldab paremini aktiveerida partneri n\u00e4rvis\u00fcsteemi ja tuua uut eluj\u00f5udu kehasse. Bella Skalkina demonstreerib massaa\u017ei ja tutvustab tehnikat eesti keeles. Selle video taustal saate teha teineteisele seda haruldast massaa\u017ei ja hiljem, kui tehnika on juba selge, soovitame teha seda praktikat pikemalt \u2013 v\u00e4hemalt tund aega j\u00e4rjest. &nbsp; &nbsp;","og_url":"https:\/\/learn2touch.com\/et\/toode\/untight\/","og_site_name":"LEARN TO TOUCH","article_publisher":"https:\/\/www.facebook.com\/learn2touch","article_modified_time":"2025-06-15T07:48:39+00:00","og_image":[{"width":1456,"height":816,"url":"https:\/\/learn2touch.com\/wp-content\/uploads\/2025\/04\/Fookus-ja-taju.jpg","type":"image\/jpeg"}],"twitter_card":"summary_large_image","schema":{"@context":"https:\/\/schema.org","@graph":[{"@type":"WebPage","@id":"https:\/\/learn2touch.com\/et\/toode\/untight\/","url":"https:\/\/learn2touch.com\/et\/toode\/untight\/","name":"Untight massaa\u017e - LEARN TO TOUCH","isPartOf":{"@id":"https:\/\/learn2touch.com\/et\/#website"},"primaryImageOfPage":{"@id":"https:\/\/learn2touch.com\/et\/toode\/untight\/#primaryimage"},"image":{"@id":"https:\/\/learn2touch.com\/et\/toode\/untight\/#primaryimage"},"thumbnailUrl":"https:\/\/learn2touch.com\/wp-content\/uploads\/2025\/04\/Fookus-ja-taju.jpg","datePublished":"2025-06-15T07:42:28+00:00","dateModified":"2025-06-15T07:48:39+00:00","breadcrumb":{"@id":"https:\/\/learn2touch.com\/et\/toode\/untight\/#breadcrumb"},"inLanguage":"et","potentialAction":[{"@type":"ReadAction","target":["https:\/\/learn2touch.com\/et\/toode\/untight\/"]}]},{"@type":"ImageObject","inLanguage":"et","@id":"https:\/\/learn2touch.com\/et\/toode\/untight\/#primaryimage","url":"https:\/\/learn2touch.com\/wp-content\/uploads\/2025\/04\/Fookus-ja-taju.jpg","contentUrl":"https:\/\/learn2touch.com\/wp-content\/uploads\/2025\/04\/Fookus-ja-taju.jpg","width":1456,"height":816},{"@type":"BreadcrumbList","@id":"https:\/\/learn2touch.com\/et\/toode\/untight\/#breadcrumb","itemListElement":[{"@type":"ListItem","position":1,"name":"Home","item":"https:\/\/learn2touch.com\/"},{"@type":"ListItem","position":2,"name":"Products","item":"https:\/\/learn2touch.com\/shop\/"},{"@type":"ListItem","position":3,"name":"Untight massaa\u017e"}]},{"@type":"WebSite","@id":"https:\/\/learn2touch.com\/et\/#website","url":"https:\/\/learn2touch.com\/et\/","name":"LEARN TO TOUCH","description":"Video guide to successful relationships","publisher":{"@id":"https:\/\/learn2touch.com\/et\/#organization"},"potentialAction":[{"@type":"SearchAction","target":{"@type":"EntryPoint","urlTemplate":"https:\/\/learn2touch.com\/et\/?s={search_term_string}"},"query-input":{"@type":"PropertyValueSpecification","valueRequired":true,"valueName":"search_term_string"}}],"inLanguage":"et"},{"@type":"Organization","@id":"https:\/\/learn2touch.com\/et\/#organization","name":"LEARN 2 TOUCH","url":"https:\/\/learn2touch.com\/et\/","logo":{"@type":"ImageObject","inLanguage":"et","@id":"https:\/\/learn2touch.com\/et\/#\/schema\/logo\/image\/","url":"https:\/\/learn2touch.com\/wp-content\/uploads\/2023\/05\/cropped-learn2touch.png","contentUrl":"https:\/\/learn2touch.com\/wp-content\/uploads\/2023\/05\/cropped-learn2touch.png","width":800,"height":169,"caption":"LEARN 2 TOUCH"},"image":{"@id":"https:\/\/learn2touch.com\/et\/#\/schema\/logo\/image\/"},"sameAs":["https:\/\/www.facebook.com\/learn2touch","https:\/\/www.youtube.com\/@Earthchildme"]}]}},"jetpack_sharing_enabled":true,"_links":{"self":[{"href":"https:\/\/learn2touch.com\/et\/wp-json\/wp\/v2\/product\/15998","targetHints":{"allow":["GET"]}}],"collection":[{"href":"https:\/\/learn2touch.com\/et\/wp-json\/wp\/v2\/product"}],"about":[{"href":"https:\/\/learn2touch.com\/et\/wp-json\/wp\/v2\/types\/product"}],"wp:featuredmedia":[{"embeddable":true,"href":"https:\/\/learn2touch.com\/et\/wp-json\/wp\/v2\/media\/15786"}],"wp:attachment":[{"href":"https:\/\/learn2touch.com\/et\/wp-json\/wp\/v2\/media?parent=15998"}],"wp:term":[{"taxonomy":"product_brand","embeddable":true,"href":"https:\/\/learn2touch.com\/et\/wp-json\/wp\/v2\/product_brand?post=15998"},{"taxonomy":"product_cat","embeddable":true,"href":"https:\/\/learn2touch.com\/et\/wp-json\/wp\/v2\/product_cat?post=15998"},{"taxonomy":"product_tag","embeddable":true,"href":"https:\/\/learn2touch.com\/et\/wp-json\/wp\/v2\/product_tag?post=15998"}],"curies":[{"name":"wp","href":"https:\/\/api.w.org\/{rel}","templated":true}]}}