{"id":16762,"date":"2025-10-19T12:07:55","date_gmt":"2025-10-19T09:07:55","guid":{"rendered":"https:\/\/learn2touch.com\/?post_type=product&#038;p=16762"},"modified":"2025-10-19T12:07:55","modified_gmt":"2025-10-19T09:07:55","slug":"aratav-puudutus","status":"publish","type":"product","link":"https:\/\/learn2touch.com\/et\/toode\/aratav-puudutus\/","title":{"rendered":"\u00c4ratav puudutus"},"content":{"rendered":"<p class=\"p1\">Sukeldu kogemusse, kus aeg peatub ja puudutus muutub palveks.<\/p>\n<p class=\"p1\">Tantristlik kogu keha massaa\u017e <i>\u00c4ratav puudutus<\/i> vabastab keha pingetest, rahustab n\u00e4rvis\u00fcsteemi ja \u00e4ratab sinu sisemise eluj\u00f5u \u2013 seksuaalenergia, mis on elu loomulik ja p\u00fcha v\u00e4gi.<\/p>\n<p class=\"p1\">See on midagi enamat kui lihtsalt massaa\u017e \u2013 see on meditatiivne r\u00e4nnak l\u00e4bi keha, mis avab sind uutele aistingutele ja s\u00fcgavale kohalolule.<\/p>\n<p class=\"p1\">Iga puudutus juhatab sind l\u00e4hemale iseendale, \u00fchendades keha, hinge ja naudingu \u00fcheks tervikuks.<\/p>\n<p>&nbsp;<\/p>\n\n","protected":false},"excerpt":{"rendered":"<p>Pooletunnine massaa\u017eir\u00e4nnak paaridele<\/p>\n","protected":false},"featured_media":13510,"template":"","meta":[],"product_brand":[],"product_cat":[208],"product_tag":[190,169],"class_list":{"0":"post-16762","1":"product","2":"type-product","3":"status-publish","4":"has-post-thumbnail","6":"product_cat-massage","7":"product_tag-massaaz","8":"product_tag-tantra","10":"first","11":"instock","12":"taxable","13":"shipping-taxable","14":"purchasable","15":"product-type-simple"},"yoast_head":"<!-- This site is optimized with the Yoast SEO plugin v27.2 - https:\/\/yoast.com\/product\/yoast-seo-wordpress\/ -->\n<title>\u00c4ratav puudutus - LEARN TO TOUCH<\/title>\n<meta name=\"robots\" content=\"index, follow, max-snippet:-1, max-image-preview:large, max-video-preview:-1\" \/>\n<link rel=\"canonical\" href=\"https:\/\/learn2touch.com\/et\/toode\/aratav-puudutus\/\" \/>\n<meta property=\"og:locale\" content=\"et_EE\" \/>\n<meta property=\"og:type\" content=\"article\" \/>\n<meta property=\"og:title\" content=\"\u00c4ratav puudutus - LEARN TO TOUCH\" \/>\n<meta property=\"og:description\" content=\"Pooletunnine massaa\u017eir\u00e4nnak paaridele\" \/>\n<meta property=\"og:url\" content=\"https:\/\/learn2touch.com\/et\/toode\/aratav-puudutus\/\" \/>\n<meta property=\"og:site_name\" content=\"LEARN TO TOUCH\" \/>\n<meta property=\"article:publisher\" content=\"https:\/\/www.facebook.com\/learn2touch\" \/>\n<meta property=\"og:image\" content=\"https:\/\/learn2touch.com\/wp-content\/uploads\/2023\/12\/Learn2touch-Igor-Bella38.jpg\" \/>\n\t<meta property=\"og:image:width\" content=\"1200\" \/>\n\t<meta property=\"og:image:height\" content=\"801\" \/>\n\t<meta property=\"og:image:type\" content=\"image\/jpeg\" \/>\n<meta name=\"twitter:card\" content=\"summary_large_image\" \/>\n<script type=\"application\/ld+json\" class=\"yoast-schema-graph\">{\"@context\":\"https:\/\/schema.org\",\"@graph\":[{\"@type\":\"WebPage\",\"@id\":\"https:\/\/learn2touch.com\/et\/toode\/aratav-puudutus\/\",\"url\":\"https:\/\/learn2touch.com\/et\/toode\/aratav-puudutus\/\",\"name\":\"\u00c4ratav puudutus - LEARN TO TOUCH\",\"isPartOf\":{\"@id\":\"https:\/\/learn2touch.com\/et\/#website\"},\"primaryImageOfPage\":{\"@id\":\"https:\/\/learn2touch.com\/et\/toode\/aratav-puudutus\/#primaryimage\"},\"image\":{\"@id\":\"https:\/\/learn2touch.com\/et\/toode\/aratav-puudutus\/#primaryimage\"},\"thumbnailUrl\":\"https:\/\/learn2touch.com\/wp-content\/uploads\/2023\/12\/Learn2touch-Igor-Bella38.jpg\",\"datePublished\":\"2025-10-19T09:07:55+00:00\",\"breadcrumb\":{\"@id\":\"https:\/\/learn2touch.com\/et\/toode\/aratav-puudutus\/#breadcrumb\"},\"inLanguage\":\"et\",\"potentialAction\":[{\"@type\":\"ReadAction\",\"target\":[\"https:\/\/learn2touch.com\/et\/toode\/aratav-puudutus\/\"]}]},{\"@type\":\"ImageObject\",\"inLanguage\":\"et\",\"@id\":\"https:\/\/learn2touch.com\/et\/toode\/aratav-puudutus\/#primaryimage\",\"url\":\"https:\/\/learn2touch.com\/wp-content\/uploads\/2023\/12\/Learn2touch-Igor-Bella38.jpg\",\"contentUrl\":\"https:\/\/learn2touch.com\/wp-content\/uploads\/2023\/12\/Learn2touch-Igor-Bella38.jpg\",\"width\":1200,\"height\":801},{\"@type\":\"BreadcrumbList\",\"@id\":\"https:\/\/learn2touch.com\/et\/toode\/aratav-puudutus\/#breadcrumb\",\"itemListElement\":[{\"@type\":\"ListItem\",\"position\":1,\"name\":\"Home\",\"item\":\"https:\/\/learn2touch.com\/\"},{\"@type\":\"ListItem\",\"position\":2,\"name\":\"Products\",\"item\":\"https:\/\/learn2touch.com\/shop\/\"},{\"@type\":\"ListItem\",\"position\":3,\"name\":\"\u00c4ratav puudutus\"}]},{\"@type\":\"WebSite\",\"@id\":\"https:\/\/learn2touch.com\/et\/#website\",\"url\":\"https:\/\/learn2touch.com\/et\/\",\"name\":\"LEARN TO TOUCH\",\"description\":\"Video guide to successful relationships\",\"publisher\":{\"@id\":\"https:\/\/learn2touch.com\/et\/#organization\"},\"potentialAction\":[{\"@type\":\"SearchAction\",\"target\":{\"@type\":\"EntryPoint\",\"urlTemplate\":\"https:\/\/learn2touch.com\/et\/?s={search_term_string}\"},\"query-input\":{\"@type\":\"PropertyValueSpecification\",\"valueRequired\":true,\"valueName\":\"search_term_string\"}}],\"inLanguage\":\"et\"},{\"@type\":\"Organization\",\"@id\":\"https:\/\/learn2touch.com\/et\/#organization\",\"name\":\"LEARN 2 TOUCH\",\"url\":\"https:\/\/learn2touch.com\/et\/\",\"logo\":{\"@type\":\"ImageObject\",\"inLanguage\":\"et\",\"@id\":\"https:\/\/learn2touch.com\/et\/#\/schema\/logo\/image\/\",\"url\":\"https:\/\/learn2touch.com\/wp-content\/uploads\/2023\/05\/cropped-learn2touch.png\",\"contentUrl\":\"https:\/\/learn2touch.com\/wp-content\/uploads\/2023\/05\/cropped-learn2touch.png\",\"width\":800,\"height\":169,\"caption\":\"LEARN 2 TOUCH\"},\"image\":{\"@id\":\"https:\/\/learn2touch.com\/et\/#\/schema\/logo\/image\/\"},\"sameAs\":[\"https:\/\/www.facebook.com\/learn2touch\",\"https:\/\/www.youtube.com\/@Earthchildme\"]}]}<\/script>\n<!-- \/ Yoast SEO plugin. -->","yoast_head_json":{"title":"\u00c4ratav puudutus - LEARN TO TOUCH","robots":{"index":"index","follow":"follow","max-snippet":"max-snippet:-1","max-image-preview":"max-image-preview:large","max-video-preview":"max-video-preview:-1"},"canonical":"https:\/\/learn2touch.com\/et\/toode\/aratav-puudutus\/","og_locale":"et_EE","og_type":"article","og_title":"\u00c4ratav puudutus - LEARN TO TOUCH","og_description":"Pooletunnine massaa\u017eir\u00e4nnak paaridele","og_url":"https:\/\/learn2touch.com\/et\/toode\/aratav-puudutus\/","og_site_name":"LEARN TO TOUCH","article_publisher":"https:\/\/www.facebook.com\/learn2touch","og_image":[{"width":1200,"height":801,"url":"https:\/\/learn2touch.com\/wp-content\/uploads\/2023\/12\/Learn2touch-Igor-Bella38.jpg","type":"image\/jpeg"}],"twitter_card":"summary_large_image","schema":{"@context":"https:\/\/schema.org","@graph":[{"@type":"WebPage","@id":"https:\/\/learn2touch.com\/et\/toode\/aratav-puudutus\/","url":"https:\/\/learn2touch.com\/et\/toode\/aratav-puudutus\/","name":"\u00c4ratav puudutus - LEARN TO TOUCH","isPartOf":{"@id":"https:\/\/learn2touch.com\/et\/#website"},"primaryImageOfPage":{"@id":"https:\/\/learn2touch.com\/et\/toode\/aratav-puudutus\/#primaryimage"},"image":{"@id":"https:\/\/learn2touch.com\/et\/toode\/aratav-puudutus\/#primaryimage"},"thumbnailUrl":"https:\/\/learn2touch.com\/wp-content\/uploads\/2023\/12\/Learn2touch-Igor-Bella38.jpg","datePublished":"2025-10-19T09:07:55+00:00","breadcrumb":{"@id":"https:\/\/learn2touch.com\/et\/toode\/aratav-puudutus\/#breadcrumb"},"inLanguage":"et","potentialAction":[{"@type":"ReadAction","target":["https:\/\/learn2touch.com\/et\/toode\/aratav-puudutus\/"]}]},{"@type":"ImageObject","inLanguage":"et","@id":"https:\/\/learn2touch.com\/et\/toode\/aratav-puudutus\/#primaryimage","url":"https:\/\/learn2touch.com\/wp-content\/uploads\/2023\/12\/Learn2touch-Igor-Bella38.jpg","contentUrl":"https:\/\/learn2touch.com\/wp-content\/uploads\/2023\/12\/Learn2touch-Igor-Bella38.jpg","width":1200,"height":801},{"@type":"BreadcrumbList","@id":"https:\/\/learn2touch.com\/et\/toode\/aratav-puudutus\/#breadcrumb","itemListElement":[{"@type":"ListItem","position":1,"name":"Home","item":"https:\/\/learn2touch.com\/"},{"@type":"ListItem","position":2,"name":"Products","item":"https:\/\/learn2touch.com\/shop\/"},{"@type":"ListItem","position":3,"name":"\u00c4ratav puudutus"}]},{"@type":"WebSite","@id":"https:\/\/learn2touch.com\/et\/#website","url":"https:\/\/learn2touch.com\/et\/","name":"LEARN TO TOUCH","description":"Video guide to successful relationships","publisher":{"@id":"https:\/\/learn2touch.com\/et\/#organization"},"potentialAction":[{"@type":"SearchAction","target":{"@type":"EntryPoint","urlTemplate":"https:\/\/learn2touch.com\/et\/?s={search_term_string}"},"query-input":{"@type":"PropertyValueSpecification","valueRequired":true,"valueName":"search_term_string"}}],"inLanguage":"et"},{"@type":"Organization","@id":"https:\/\/learn2touch.com\/et\/#organization","name":"LEARN 2 TOUCH","url":"https:\/\/learn2touch.com\/et\/","logo":{"@type":"ImageObject","inLanguage":"et","@id":"https:\/\/learn2touch.com\/et\/#\/schema\/logo\/image\/","url":"https:\/\/learn2touch.com\/wp-content\/uploads\/2023\/05\/cropped-learn2touch.png","contentUrl":"https:\/\/learn2touch.com\/wp-content\/uploads\/2023\/05\/cropped-learn2touch.png","width":800,"height":169,"caption":"LEARN 2 TOUCH"},"image":{"@id":"https:\/\/learn2touch.com\/et\/#\/schema\/logo\/image\/"},"sameAs":["https:\/\/www.facebook.com\/learn2touch","https:\/\/www.youtube.com\/@Earthchildme"]}]}},"jetpack_sharing_enabled":true,"_links":{"self":[{"href":"https:\/\/learn2touch.com\/et\/wp-json\/wp\/v2\/product\/16762","targetHints":{"allow":["GET"]}}],"collection":[{"href":"https:\/\/learn2touch.com\/et\/wp-json\/wp\/v2\/product"}],"about":[{"href":"https:\/\/learn2touch.com\/et\/wp-json\/wp\/v2\/types\/product"}],"wp:featuredmedia":[{"embeddable":true,"href":"https:\/\/learn2touch.com\/et\/wp-json\/wp\/v2\/media\/13510"}],"wp:attachment":[{"href":"https:\/\/learn2touch.com\/et\/wp-json\/wp\/v2\/media?parent=16762"}],"wp:term":[{"taxonomy":"product_brand","embeddable":true,"href":"https:\/\/learn2touch.com\/et\/wp-json\/wp\/v2\/product_brand?post=16762"},{"taxonomy":"product_cat","embeddable":true,"href":"https:\/\/learn2touch.com\/et\/wp-json\/wp\/v2\/product_cat?post=16762"},{"taxonomy":"product_tag","embeddable":true,"href":"https:\/\/learn2touch.com\/et\/wp-json\/wp\/v2\/product_tag?post=16762"}],"curies":[{"name":"wp","href":"https:\/\/api.w.org\/{rel}","templated":true}]}}