{"id":2798,"date":"2020-10-31T12:03:54","date_gmt":"2020-10-31T12:03:54","guid":{"rendered":"https:\/\/learn2touch.com\/?post_type=product&#038;p=2798"},"modified":"2021-01-17T20:59:23","modified_gmt":"2021-01-17T20:59:23","slug":"surfipoos","status":"publish","type":"product","link":"https:\/\/learn2touch.com\/et\/toode\/surfipoos\/","title":{"rendered":"Surfipoos"},"content":{"rendered":"<p>See tehnika on kombinatsioon tai massaa\u017eist ja Igori praktikatest. Kasutage seda meetodit hea seljavenituse saamiseks, \u00f5lgade masseerimiseks ja rinnalihaste venituseks. Antud tehnika aitab parandada r\u00fchti ja toob \u00f5lad taha poole ning parandab s\u00fcgavamat hingamist.<\/p>\n\n","protected":false},"excerpt":{"rendered":"<p>See tehnika on kombinatsioon tai massaa\u017eist ja Igori praktikatest. Kasutage seda meetodit hea seljavenituse saamiseks, \u00f5lgade masseerimiseks ja rinnalihaste venituseks. Antud tehnika aitab parandada r\u00fchti ja toob \u00f5lad taha poole ning parandab s\u00fcgavamat hingamist.<\/p>\n","protected":false},"featured_media":385,"template":"","meta":[],"product_brand":[],"product_cat":[35],"product_tag":[],"class_list":{"0":"post-2798","1":"product","2":"type-product","3":"status-publish","4":"has-post-thumbnail","6":"product_cat-premium-videos","8":"first","9":"instock","10":"virtual","11":"taxable","12":"purchasable","13":"product-type-simple"},"yoast_head":"<!-- This site is optimized with the Yoast SEO plugin v27.2 - https:\/\/yoast.com\/product\/yoast-seo-wordpress\/ -->\n<title>Surfipoos - LEARN TO TOUCH<\/title>\n<meta name=\"robots\" content=\"index, follow, max-snippet:-1, max-image-preview:large, max-video-preview:-1\" \/>\n<link rel=\"canonical\" href=\"https:\/\/learn2touch.com\/et\/toode\/surfipoos\/\" \/>\n<meta property=\"og:locale\" content=\"et_EE\" \/>\n<meta property=\"og:type\" content=\"article\" \/>\n<meta property=\"og:title\" content=\"Surfipoos - LEARN TO TOUCH\" \/>\n<meta property=\"og:description\" content=\"See tehnika on kombinatsioon tai massaa\u017eist ja Igori praktikatest. Kasutage seda meetodit hea seljavenituse saamiseks, \u00f5lgade masseerimiseks ja rinnalihaste venituseks. Antud tehnika aitab parandada r\u00fchti ja toob \u00f5lad taha poole ning parandab s\u00fcgavamat hingamist.\" \/>\n<meta property=\"og:url\" content=\"https:\/\/learn2touch.com\/et\/toode\/surfipoos\/\" \/>\n<meta property=\"og:site_name\" content=\"LEARN TO TOUCH\" \/>\n<meta property=\"article:publisher\" content=\"https:\/\/www.facebook.com\/learn2touch\" \/>\n<meta property=\"article:modified_time\" content=\"2021-01-17T20:59:23+00:00\" \/>\n<meta property=\"og:image\" content=\"https:\/\/i0.wp.com\/learn2touch.com\/wp-content\/uploads\/2020\/04\/Surfers-pose-cover.jpg?fit=2560%2C1443&ssl=1\" \/>\n\t<meta property=\"og:image:width\" content=\"2560\" \/>\n\t<meta property=\"og:image:height\" content=\"1443\" \/>\n\t<meta property=\"og:image:type\" content=\"image\/jpeg\" \/>\n<meta name=\"twitter:card\" content=\"summary_large_image\" \/>\n<script type=\"application\/ld+json\" class=\"yoast-schema-graph\">{\"@context\":\"https:\/\/schema.org\",\"@graph\":[{\"@type\":\"WebPage\",\"@id\":\"https:\/\/learn2touch.com\/et\/toode\/surfipoos\/\",\"url\":\"https:\/\/learn2touch.com\/et\/toode\/surfipoos\/\",\"name\":\"Surfipoos - LEARN TO TOUCH\",\"isPartOf\":{\"@id\":\"https:\/\/learn2touch.com\/et\/#website\"},\"primaryImageOfPage\":{\"@id\":\"https:\/\/learn2touch.com\/et\/toode\/surfipoos\/#primaryimage\"},\"image\":{\"@id\":\"https:\/\/learn2touch.com\/et\/toode\/surfipoos\/#primaryimage\"},\"thumbnailUrl\":\"https:\/\/learn2touch.com\/wp-content\/uploads\/2020\/04\/Surfers-pose-cover.jpg\",\"datePublished\":\"2020-10-31T12:03:54+00:00\",\"dateModified\":\"2021-01-17T20:59:23+00:00\",\"breadcrumb\":{\"@id\":\"https:\/\/learn2touch.com\/et\/toode\/surfipoos\/#breadcrumb\"},\"inLanguage\":\"et\",\"potentialAction\":[{\"@type\":\"ReadAction\",\"target\":[\"https:\/\/learn2touch.com\/et\/toode\/surfipoos\/\"]}]},{\"@type\":\"ImageObject\",\"inLanguage\":\"et\",\"@id\":\"https:\/\/learn2touch.com\/et\/toode\/surfipoos\/#primaryimage\",\"url\":\"https:\/\/learn2touch.com\/wp-content\/uploads\/2020\/04\/Surfers-pose-cover.jpg\",\"contentUrl\":\"https:\/\/learn2touch.com\/wp-content\/uploads\/2020\/04\/Surfers-pose-cover.jpg\",\"width\":2560,\"height\":1443,\"caption\":\"SURF POSE\"},{\"@type\":\"BreadcrumbList\",\"@id\":\"https:\/\/learn2touch.com\/et\/toode\/surfipoos\/#breadcrumb\",\"itemListElement\":[{\"@type\":\"ListItem\",\"position\":1,\"name\":\"Home\",\"item\":\"https:\/\/learn2touch.com\/\"},{\"@type\":\"ListItem\",\"position\":2,\"name\":\"Products\",\"item\":\"https:\/\/learn2touch.com\/shop\/\"},{\"@type\":\"ListItem\",\"position\":3,\"name\":\"Surfipoos\"}]},{\"@type\":\"WebSite\",\"@id\":\"https:\/\/learn2touch.com\/et\/#website\",\"url\":\"https:\/\/learn2touch.com\/et\/\",\"name\":\"LEARN TO TOUCH\",\"description\":\"Video guide to successful relationships\",\"publisher\":{\"@id\":\"https:\/\/learn2touch.com\/et\/#organization\"},\"potentialAction\":[{\"@type\":\"SearchAction\",\"target\":{\"@type\":\"EntryPoint\",\"urlTemplate\":\"https:\/\/learn2touch.com\/et\/?s={search_term_string}\"},\"query-input\":{\"@type\":\"PropertyValueSpecification\",\"valueRequired\":true,\"valueName\":\"search_term_string\"}}],\"inLanguage\":\"et\"},{\"@type\":\"Organization\",\"@id\":\"https:\/\/learn2touch.com\/et\/#organization\",\"name\":\"LEARN 2 TOUCH\",\"url\":\"https:\/\/learn2touch.com\/et\/\",\"logo\":{\"@type\":\"ImageObject\",\"inLanguage\":\"et\",\"@id\":\"https:\/\/learn2touch.com\/et\/#\/schema\/logo\/image\/\",\"url\":\"https:\/\/learn2touch.com\/wp-content\/uploads\/2023\/05\/cropped-learn2touch.png\",\"contentUrl\":\"https:\/\/learn2touch.com\/wp-content\/uploads\/2023\/05\/cropped-learn2touch.png\",\"width\":800,\"height\":169,\"caption\":\"LEARN 2 TOUCH\"},\"image\":{\"@id\":\"https:\/\/learn2touch.com\/et\/#\/schema\/logo\/image\/\"},\"sameAs\":[\"https:\/\/www.facebook.com\/learn2touch\",\"https:\/\/www.youtube.com\/@Earthchildme\"]}]}<\/script>\n<!-- \/ Yoast SEO plugin. -->","yoast_head_json":{"title":"Surfipoos - LEARN TO TOUCH","robots":{"index":"index","follow":"follow","max-snippet":"max-snippet:-1","max-image-preview":"max-image-preview:large","max-video-preview":"max-video-preview:-1"},"canonical":"https:\/\/learn2touch.com\/et\/toode\/surfipoos\/","og_locale":"et_EE","og_type":"article","og_title":"Surfipoos - LEARN TO TOUCH","og_description":"See tehnika on kombinatsioon tai massaa\u017eist ja Igori praktikatest. Kasutage seda meetodit hea seljavenituse saamiseks, \u00f5lgade masseerimiseks ja rinnalihaste venituseks. Antud tehnika aitab parandada r\u00fchti ja toob \u00f5lad taha poole ning parandab s\u00fcgavamat hingamist.","og_url":"https:\/\/learn2touch.com\/et\/toode\/surfipoos\/","og_site_name":"LEARN TO TOUCH","article_publisher":"https:\/\/www.facebook.com\/learn2touch","article_modified_time":"2021-01-17T20:59:23+00:00","og_image":[{"width":2560,"height":1443,"url":"https:\/\/i0.wp.com\/learn2touch.com\/wp-content\/uploads\/2020\/04\/Surfers-pose-cover.jpg?fit=2560%2C1443&ssl=1","type":"image\/jpeg"}],"twitter_card":"summary_large_image","schema":{"@context":"https:\/\/schema.org","@graph":[{"@type":"WebPage","@id":"https:\/\/learn2touch.com\/et\/toode\/surfipoos\/","url":"https:\/\/learn2touch.com\/et\/toode\/surfipoos\/","name":"Surfipoos - LEARN TO TOUCH","isPartOf":{"@id":"https:\/\/learn2touch.com\/et\/#website"},"primaryImageOfPage":{"@id":"https:\/\/learn2touch.com\/et\/toode\/surfipoos\/#primaryimage"},"image":{"@id":"https:\/\/learn2touch.com\/et\/toode\/surfipoos\/#primaryimage"},"thumbnailUrl":"https:\/\/learn2touch.com\/wp-content\/uploads\/2020\/04\/Surfers-pose-cover.jpg","datePublished":"2020-10-31T12:03:54+00:00","dateModified":"2021-01-17T20:59:23+00:00","breadcrumb":{"@id":"https:\/\/learn2touch.com\/et\/toode\/surfipoos\/#breadcrumb"},"inLanguage":"et","potentialAction":[{"@type":"ReadAction","target":["https:\/\/learn2touch.com\/et\/toode\/surfipoos\/"]}]},{"@type":"ImageObject","inLanguage":"et","@id":"https:\/\/learn2touch.com\/et\/toode\/surfipoos\/#primaryimage","url":"https:\/\/learn2touch.com\/wp-content\/uploads\/2020\/04\/Surfers-pose-cover.jpg","contentUrl":"https:\/\/learn2touch.com\/wp-content\/uploads\/2020\/04\/Surfers-pose-cover.jpg","width":2560,"height":1443,"caption":"SURF POSE"},{"@type":"BreadcrumbList","@id":"https:\/\/learn2touch.com\/et\/toode\/surfipoos\/#breadcrumb","itemListElement":[{"@type":"ListItem","position":1,"name":"Home","item":"https:\/\/learn2touch.com\/"},{"@type":"ListItem","position":2,"name":"Products","item":"https:\/\/learn2touch.com\/shop\/"},{"@type":"ListItem","position":3,"name":"Surfipoos"}]},{"@type":"WebSite","@id":"https:\/\/learn2touch.com\/et\/#website","url":"https:\/\/learn2touch.com\/et\/","name":"LEARN TO TOUCH","description":"Video guide to successful relationships","publisher":{"@id":"https:\/\/learn2touch.com\/et\/#organization"},"potentialAction":[{"@type":"SearchAction","target":{"@type":"EntryPoint","urlTemplate":"https:\/\/learn2touch.com\/et\/?s={search_term_string}"},"query-input":{"@type":"PropertyValueSpecification","valueRequired":true,"valueName":"search_term_string"}}],"inLanguage":"et"},{"@type":"Organization","@id":"https:\/\/learn2touch.com\/et\/#organization","name":"LEARN 2 TOUCH","url":"https:\/\/learn2touch.com\/et\/","logo":{"@type":"ImageObject","inLanguage":"et","@id":"https:\/\/learn2touch.com\/et\/#\/schema\/logo\/image\/","url":"https:\/\/learn2touch.com\/wp-content\/uploads\/2023\/05\/cropped-learn2touch.png","contentUrl":"https:\/\/learn2touch.com\/wp-content\/uploads\/2023\/05\/cropped-learn2touch.png","width":800,"height":169,"caption":"LEARN 2 TOUCH"},"image":{"@id":"https:\/\/learn2touch.com\/et\/#\/schema\/logo\/image\/"},"sameAs":["https:\/\/www.facebook.com\/learn2touch","https:\/\/www.youtube.com\/@Earthchildme"]}]}},"jetpack_sharing_enabled":true,"_links":{"self":[{"href":"https:\/\/learn2touch.com\/et\/wp-json\/wp\/v2\/product\/2798","targetHints":{"allow":["GET"]}}],"collection":[{"href":"https:\/\/learn2touch.com\/et\/wp-json\/wp\/v2\/product"}],"about":[{"href":"https:\/\/learn2touch.com\/et\/wp-json\/wp\/v2\/types\/product"}],"wp:featuredmedia":[{"embeddable":true,"href":"https:\/\/learn2touch.com\/et\/wp-json\/wp\/v2\/media\/385"}],"wp:attachment":[{"href":"https:\/\/learn2touch.com\/et\/wp-json\/wp\/v2\/media?parent=2798"}],"wp:term":[{"taxonomy":"product_brand","embeddable":true,"href":"https:\/\/learn2touch.com\/et\/wp-json\/wp\/v2\/product_brand?post=2798"},{"taxonomy":"product_cat","embeddable":true,"href":"https:\/\/learn2touch.com\/et\/wp-json\/wp\/v2\/product_cat?post=2798"},{"taxonomy":"product_tag","embeddable":true,"href":"https:\/\/learn2touch.com\/et\/wp-json\/wp\/v2\/product_tag?post=2798"}],"curies":[{"name":"wp","href":"https:\/\/api.w.org\/{rel}","templated":true}]}}