{"id":2800,"date":"2020-10-31T12:07:16","date_gmt":"2020-10-31T12:07:16","guid":{"rendered":"https:\/\/learn2touch.com\/?post_type=product&#038;p=2800"},"modified":"2021-01-17T20:57:57","modified_gmt":"2021-01-17T20:57:57","slug":"lahedus","status":"publish","type":"product","link":"https:\/\/learn2touch.com\/et\/toode\/lahedus\/","title":{"rendered":"L\u00e4hedus"},"content":{"rendered":"<p>Tehke seda harjutust, et luua rohkem intiimsust koos oma paarilisega. Selles poosis saate m\u00f5lemad puhata oma pead paarilise \u00f5lal samaaegselt. Niimoodi saate pakkuda teineteisele massaa\u017ei tundlikes piirkondades, mis vajavad igap\u00e4evast t\u00e4helepanu. Parima tulemuse saavutamiseks tehke seda harjutust v\u00e4hemalt k\u00fcmme minutit.<\/p>\n\n","protected":false},"excerpt":{"rendered":"<p>Tehke seda harjutust, et luua rohkem intiimsust koos oma paarilisega. Selles poosis saate m\u00f5lemad puhata oma pead paarilise \u00f5lal samaaegselt. Niimoodi saate pakkuda teineteisele massaa\u017ei tundlikes piirkondades, mis vajavad igap\u00e4evast t\u00e4helepanu. Parima tulemuse saavutamiseks tehke seda harjutust v\u00e4hemalt k\u00fcmme minutit.<\/p>\n","protected":false},"featured_media":1079,"template":"","meta":[],"product_brand":[],"product_cat":[35],"product_tag":[],"class_list":{"0":"post-2800","1":"product","2":"type-product","3":"status-publish","4":"has-post-thumbnail","6":"product_cat-premium-videos","8":"first","9":"instock","10":"virtual","11":"taxable","12":"purchasable","13":"product-type-simple"},"yoast_head":"<!-- This site is optimized with the Yoast SEO plugin v27.2 - https:\/\/yoast.com\/product\/yoast-seo-wordpress\/ -->\n<title>L\u00e4hedus - LEARN TO TOUCH<\/title>\n<meta name=\"robots\" content=\"index, follow, max-snippet:-1, max-image-preview:large, max-video-preview:-1\" \/>\n<link rel=\"canonical\" href=\"https:\/\/learn2touch.com\/et\/toode\/lahedus\/\" \/>\n<meta property=\"og:locale\" content=\"et_EE\" \/>\n<meta property=\"og:type\" content=\"article\" \/>\n<meta property=\"og:title\" content=\"L\u00e4hedus - LEARN TO TOUCH\" \/>\n<meta property=\"og:description\" content=\"Tehke seda harjutust, et luua rohkem intiimsust koos oma paarilisega. Selles poosis saate m\u00f5lemad puhata oma pead paarilise \u00f5lal samaaegselt. Niimoodi saate pakkuda teineteisele massaa\u017ei tundlikes piirkondades, mis vajavad igap\u00e4evast t\u00e4helepanu. Parima tulemuse saavutamiseks tehke seda harjutust v\u00e4hemalt k\u00fcmme minutit.\" \/>\n<meta property=\"og:url\" content=\"https:\/\/learn2touch.com\/et\/toode\/lahedus\/\" \/>\n<meta property=\"og:site_name\" content=\"LEARN TO TOUCH\" \/>\n<meta property=\"article:publisher\" content=\"https:\/\/www.facebook.com\/learn2touch\" \/>\n<meta property=\"article:modified_time\" content=\"2021-01-17T20:57:57+00:00\" \/>\n<meta property=\"og:image\" content=\"https:\/\/i0.wp.com\/learn2touch.com\/wp-content\/uploads\/2020\/05\/lahedus-crop.jpg?fit=1949%2C1494&ssl=1\" \/>\n\t<meta property=\"og:image:width\" content=\"1949\" \/>\n\t<meta property=\"og:image:height\" content=\"1494\" \/>\n\t<meta property=\"og:image:type\" content=\"image\/jpeg\" \/>\n<meta name=\"twitter:card\" content=\"summary_large_image\" \/>\n<script type=\"application\/ld+json\" class=\"yoast-schema-graph\">{\"@context\":\"https:\/\/schema.org\",\"@graph\":[{\"@type\":\"WebPage\",\"@id\":\"https:\/\/learn2touch.com\/et\/toode\/lahedus\/\",\"url\":\"https:\/\/learn2touch.com\/et\/toode\/lahedus\/\",\"name\":\"L\u00e4hedus - LEARN TO TOUCH\",\"isPartOf\":{\"@id\":\"https:\/\/learn2touch.com\/et\/#website\"},\"primaryImageOfPage\":{\"@id\":\"https:\/\/learn2touch.com\/et\/toode\/lahedus\/#primaryimage\"},\"image\":{\"@id\":\"https:\/\/learn2touch.com\/et\/toode\/lahedus\/#primaryimage\"},\"thumbnailUrl\":\"https:\/\/learn2touch.com\/wp-content\/uploads\/2020\/05\/lahedus-crop.jpg\",\"datePublished\":\"2020-10-31T12:07:16+00:00\",\"dateModified\":\"2021-01-17T20:57:57+00:00\",\"breadcrumb\":{\"@id\":\"https:\/\/learn2touch.com\/et\/toode\/lahedus\/#breadcrumb\"},\"inLanguage\":\"et\",\"potentialAction\":[{\"@type\":\"ReadAction\",\"target\":[\"https:\/\/learn2touch.com\/et\/toode\/lahedus\/\"]}]},{\"@type\":\"ImageObject\",\"inLanguage\":\"et\",\"@id\":\"https:\/\/learn2touch.com\/et\/toode\/lahedus\/#primaryimage\",\"url\":\"https:\/\/learn2touch.com\/wp-content\/uploads\/2020\/05\/lahedus-crop.jpg\",\"contentUrl\":\"https:\/\/learn2touch.com\/wp-content\/uploads\/2020\/05\/lahedus-crop.jpg\",\"width\":1949,\"height\":1494,\"caption\":\"Closeness\"},{\"@type\":\"BreadcrumbList\",\"@id\":\"https:\/\/learn2touch.com\/et\/toode\/lahedus\/#breadcrumb\",\"itemListElement\":[{\"@type\":\"ListItem\",\"position\":1,\"name\":\"Home\",\"item\":\"https:\/\/learn2touch.com\/\"},{\"@type\":\"ListItem\",\"position\":2,\"name\":\"Products\",\"item\":\"https:\/\/learn2touch.com\/shop\/\"},{\"@type\":\"ListItem\",\"position\":3,\"name\":\"L\u00e4hedus\"}]},{\"@type\":\"WebSite\",\"@id\":\"https:\/\/learn2touch.com\/et\/#website\",\"url\":\"https:\/\/learn2touch.com\/et\/\",\"name\":\"LEARN TO TOUCH\",\"description\":\"Video guide to successful relationships\",\"publisher\":{\"@id\":\"https:\/\/learn2touch.com\/et\/#organization\"},\"potentialAction\":[{\"@type\":\"SearchAction\",\"target\":{\"@type\":\"EntryPoint\",\"urlTemplate\":\"https:\/\/learn2touch.com\/et\/?s={search_term_string}\"},\"query-input\":{\"@type\":\"PropertyValueSpecification\",\"valueRequired\":true,\"valueName\":\"search_term_string\"}}],\"inLanguage\":\"et\"},{\"@type\":\"Organization\",\"@id\":\"https:\/\/learn2touch.com\/et\/#organization\",\"name\":\"LEARN 2 TOUCH\",\"url\":\"https:\/\/learn2touch.com\/et\/\",\"logo\":{\"@type\":\"ImageObject\",\"inLanguage\":\"et\",\"@id\":\"https:\/\/learn2touch.com\/et\/#\/schema\/logo\/image\/\",\"url\":\"https:\/\/learn2touch.com\/wp-content\/uploads\/2023\/05\/cropped-learn2touch.png\",\"contentUrl\":\"https:\/\/learn2touch.com\/wp-content\/uploads\/2023\/05\/cropped-learn2touch.png\",\"width\":800,\"height\":169,\"caption\":\"LEARN 2 TOUCH\"},\"image\":{\"@id\":\"https:\/\/learn2touch.com\/et\/#\/schema\/logo\/image\/\"},\"sameAs\":[\"https:\/\/www.facebook.com\/learn2touch\",\"https:\/\/www.youtube.com\/@Earthchildme\"]}]}<\/script>\n<!-- \/ Yoast SEO plugin. -->","yoast_head_json":{"title":"L\u00e4hedus - LEARN TO TOUCH","robots":{"index":"index","follow":"follow","max-snippet":"max-snippet:-1","max-image-preview":"max-image-preview:large","max-video-preview":"max-video-preview:-1"},"canonical":"https:\/\/learn2touch.com\/et\/toode\/lahedus\/","og_locale":"et_EE","og_type":"article","og_title":"L\u00e4hedus - LEARN TO TOUCH","og_description":"Tehke seda harjutust, et luua rohkem intiimsust koos oma paarilisega. Selles poosis saate m\u00f5lemad puhata oma pead paarilise \u00f5lal samaaegselt. Niimoodi saate pakkuda teineteisele massaa\u017ei tundlikes piirkondades, mis vajavad igap\u00e4evast t\u00e4helepanu. Parima tulemuse saavutamiseks tehke seda harjutust v\u00e4hemalt k\u00fcmme minutit.","og_url":"https:\/\/learn2touch.com\/et\/toode\/lahedus\/","og_site_name":"LEARN TO TOUCH","article_publisher":"https:\/\/www.facebook.com\/learn2touch","article_modified_time":"2021-01-17T20:57:57+00:00","og_image":[{"width":1949,"height":1494,"url":"https:\/\/i0.wp.com\/learn2touch.com\/wp-content\/uploads\/2020\/05\/lahedus-crop.jpg?fit=1949%2C1494&ssl=1","type":"image\/jpeg"}],"twitter_card":"summary_large_image","schema":{"@context":"https:\/\/schema.org","@graph":[{"@type":"WebPage","@id":"https:\/\/learn2touch.com\/et\/toode\/lahedus\/","url":"https:\/\/learn2touch.com\/et\/toode\/lahedus\/","name":"L\u00e4hedus - LEARN TO TOUCH","isPartOf":{"@id":"https:\/\/learn2touch.com\/et\/#website"},"primaryImageOfPage":{"@id":"https:\/\/learn2touch.com\/et\/toode\/lahedus\/#primaryimage"},"image":{"@id":"https:\/\/learn2touch.com\/et\/toode\/lahedus\/#primaryimage"},"thumbnailUrl":"https:\/\/learn2touch.com\/wp-content\/uploads\/2020\/05\/lahedus-crop.jpg","datePublished":"2020-10-31T12:07:16+00:00","dateModified":"2021-01-17T20:57:57+00:00","breadcrumb":{"@id":"https:\/\/learn2touch.com\/et\/toode\/lahedus\/#breadcrumb"},"inLanguage":"et","potentialAction":[{"@type":"ReadAction","target":["https:\/\/learn2touch.com\/et\/toode\/lahedus\/"]}]},{"@type":"ImageObject","inLanguage":"et","@id":"https:\/\/learn2touch.com\/et\/toode\/lahedus\/#primaryimage","url":"https:\/\/learn2touch.com\/wp-content\/uploads\/2020\/05\/lahedus-crop.jpg","contentUrl":"https:\/\/learn2touch.com\/wp-content\/uploads\/2020\/05\/lahedus-crop.jpg","width":1949,"height":1494,"caption":"Closeness"},{"@type":"BreadcrumbList","@id":"https:\/\/learn2touch.com\/et\/toode\/lahedus\/#breadcrumb","itemListElement":[{"@type":"ListItem","position":1,"name":"Home","item":"https:\/\/learn2touch.com\/"},{"@type":"ListItem","position":2,"name":"Products","item":"https:\/\/learn2touch.com\/shop\/"},{"@type":"ListItem","position":3,"name":"L\u00e4hedus"}]},{"@type":"WebSite","@id":"https:\/\/learn2touch.com\/et\/#website","url":"https:\/\/learn2touch.com\/et\/","name":"LEARN TO TOUCH","description":"Video guide to successful relationships","publisher":{"@id":"https:\/\/learn2touch.com\/et\/#organization"},"potentialAction":[{"@type":"SearchAction","target":{"@type":"EntryPoint","urlTemplate":"https:\/\/learn2touch.com\/et\/?s={search_term_string}"},"query-input":{"@type":"PropertyValueSpecification","valueRequired":true,"valueName":"search_term_string"}}],"inLanguage":"et"},{"@type":"Organization","@id":"https:\/\/learn2touch.com\/et\/#organization","name":"LEARN 2 TOUCH","url":"https:\/\/learn2touch.com\/et\/","logo":{"@type":"ImageObject","inLanguage":"et","@id":"https:\/\/learn2touch.com\/et\/#\/schema\/logo\/image\/","url":"https:\/\/learn2touch.com\/wp-content\/uploads\/2023\/05\/cropped-learn2touch.png","contentUrl":"https:\/\/learn2touch.com\/wp-content\/uploads\/2023\/05\/cropped-learn2touch.png","width":800,"height":169,"caption":"LEARN 2 TOUCH"},"image":{"@id":"https:\/\/learn2touch.com\/et\/#\/schema\/logo\/image\/"},"sameAs":["https:\/\/www.facebook.com\/learn2touch","https:\/\/www.youtube.com\/@Earthchildme"]}]}},"jetpack_sharing_enabled":true,"_links":{"self":[{"href":"https:\/\/learn2touch.com\/et\/wp-json\/wp\/v2\/product\/2800","targetHints":{"allow":["GET"]}}],"collection":[{"href":"https:\/\/learn2touch.com\/et\/wp-json\/wp\/v2\/product"}],"about":[{"href":"https:\/\/learn2touch.com\/et\/wp-json\/wp\/v2\/types\/product"}],"wp:featuredmedia":[{"embeddable":true,"href":"https:\/\/learn2touch.com\/et\/wp-json\/wp\/v2\/media\/1079"}],"wp:attachment":[{"href":"https:\/\/learn2touch.com\/et\/wp-json\/wp\/v2\/media?parent=2800"}],"wp:term":[{"taxonomy":"product_brand","embeddable":true,"href":"https:\/\/learn2touch.com\/et\/wp-json\/wp\/v2\/product_brand?post=2800"},{"taxonomy":"product_cat","embeddable":true,"href":"https:\/\/learn2touch.com\/et\/wp-json\/wp\/v2\/product_cat?post=2800"},{"taxonomy":"product_tag","embeddable":true,"href":"https:\/\/learn2touch.com\/et\/wp-json\/wp\/v2\/product_tag?post=2800"}],"curies":[{"name":"wp","href":"https:\/\/api.w.org\/{rel}","templated":true}]}}