{"id":2915,"date":"2020-11-03T08:09:21","date_gmt":"2020-11-03T08:09:21","guid":{"rendered":"https:\/\/learn2touch.com\/?post_type=product&#038;p=2915"},"modified":"2022-02-13T14:49:21","modified_gmt":"2022-02-13T14:49:21","slug":"kingitus-paaridele","status":"publish","type":"product","link":"https:\/\/learn2touch.com\/et\/toode\/kingitus-paaridele\/","title":{"rendered":"Kingitus paaridele"},"content":{"rendered":"<p>Proovige neid kolme harjutust meie poolt, et saada aimu meie koolituse sisust ja m\u00f5just teie suhtele.<\/p>\n<p>See tutvustav kursus sisaldab kolme videot, mis aitavad teil luua uus ja m\u00e4nguline \u00fchendus oma partneriga.<\/p>\n<ul>\n<li><a href=\"https:\/\/learn2touch.com\/et\/product\/andestamine\/\">Andestus<\/a>\u00a0 &#8211; loob turvalise keskkonna paarile, kus te saate vaadata oma varjupoolele ning tunnetada sisemaailma.<\/li>\n<li><a href=\"https:\/\/learn2touch.com\/et\/product\/keha-restart\/\">Keha Restart<\/a> &#8211;\u00a0 s\u00fcgavalt l\u00f5\u00f5gastav tehnika, mis aitab partneril l\u00f5\u00f5gastada alaselga, jalgu ja pakub head venitust nii selgroole kui vaagnale.<\/li>\n<li><a href=\"https:\/\/learn2touch.com\/et\/product\/jalgade-massaaz\/\">Jalgade massaa\u017e<\/a> &#8211; selles harjutuses saate olla m\u00f5lemad korraga andja kui ka saaja rollis. T\u00e4helepanu saavad nii jalalabad, s\u00e4\u00e4remarjad kui ka \u00f5lad.<\/li>\n<\/ul>\n<p>&nbsp;<\/p>\n\n","protected":false},"excerpt":{"rendered":"<p>Proovige neid kolme harjutust meie poolt, et saada aimu meie koolituse sisust ja m\u00f5just teie suhtele. See tutvustav kursus sisaldab kolme videot, mis aitavad teil luua uus ja m\u00e4nguline \u00fchendus oma partneriga. Andestus\u00a0 &#8211; loob turvalise keskkonna paarile, kus te saate vaadata oma varjupoolele ning tunnetada sisemaailma. Keha Restart &#8211;\u00a0 s\u00fcgavalt l\u00f5\u00f5gastav tehnika, mis aitab [&hellip;]<\/p>\n","protected":false},"featured_media":2258,"template":"","meta":[],"product_brand":[],"product_cat":[25],"product_tag":[],"class_list":{"0":"post-2915","1":"product","2":"type-product","3":"status-publish","4":"has-post-thumbnail","6":"product_cat-uncategorized","8":"first","9":"instock","10":"sale","11":"virtual","12":"taxable","13":"purchasable","14":"product-type-simple"},"yoast_head":"<!-- This site is optimized with the Yoast SEO plugin v27.2 - https:\/\/yoast.com\/product\/yoast-seo-wordpress\/ -->\n<title>Kingitus paaridele - LEARN TO TOUCH<\/title>\n<meta name=\"description\" content=\"Proovige neid kolme harjutust meie poolt, et saada aimu meie koolituse sisust ja m\u00f5just teie suhtele.\u00a0See tutvustav kursus sisaldab kolme videot.\" \/>\n<meta name=\"robots\" content=\"index, follow, max-snippet:-1, max-image-preview:large, max-video-preview:-1\" \/>\n<link rel=\"canonical\" href=\"https:\/\/learn2touch.com\/et\/toode\/kingitus-paaridele\/\" \/>\n<meta property=\"og:locale\" content=\"et_EE\" \/>\n<meta property=\"og:type\" content=\"article\" \/>\n<meta property=\"og:title\" content=\"Kingitus paaridele - LEARN TO TOUCH\" \/>\n<meta property=\"og:description\" content=\"Proovige neid kolme harjutust meie poolt, et saada aimu meie koolituse sisust ja m\u00f5just teie suhtele.\u00a0See tutvustav kursus sisaldab kolme videot.\" \/>\n<meta property=\"og:url\" content=\"https:\/\/learn2touch.com\/et\/toode\/kingitus-paaridele\/\" \/>\n<meta property=\"og:site_name\" content=\"LEARN TO TOUCH\" \/>\n<meta property=\"article:publisher\" content=\"https:\/\/www.facebook.com\/learn2touch\" \/>\n<meta property=\"article:modified_time\" content=\"2022-02-13T14:49:21+00:00\" \/>\n<meta property=\"og:image\" content=\"https:\/\/i0.wp.com\/learn2touch.com\/wp-content\/uploads\/2020\/09\/Learn2touch-24.jpg?fit=1280%2C854&ssl=1\" \/>\n\t<meta property=\"og:image:width\" content=\"1280\" \/>\n\t<meta property=\"og:image:height\" content=\"854\" \/>\n\t<meta property=\"og:image:type\" content=\"image\/jpeg\" \/>\n<meta name=\"twitter:card\" content=\"summary_large_image\" \/>\n<script type=\"application\/ld+json\" class=\"yoast-schema-graph\">{\"@context\":\"https:\/\/schema.org\",\"@graph\":[{\"@type\":\"WebPage\",\"@id\":\"https:\/\/learn2touch.com\/et\/toode\/kingitus-paaridele\/\",\"url\":\"https:\/\/learn2touch.com\/et\/toode\/kingitus-paaridele\/\",\"name\":\"Kingitus paaridele - LEARN TO TOUCH\",\"isPartOf\":{\"@id\":\"https:\/\/learn2touch.com\/et\/#website\"},\"primaryImageOfPage\":{\"@id\":\"https:\/\/learn2touch.com\/et\/toode\/kingitus-paaridele\/#primaryimage\"},\"image\":{\"@id\":\"https:\/\/learn2touch.com\/et\/toode\/kingitus-paaridele\/#primaryimage\"},\"thumbnailUrl\":\"https:\/\/learn2touch.com\/wp-content\/uploads\/2020\/09\/Learn2touch-24.jpg\",\"datePublished\":\"2020-11-03T08:09:21+00:00\",\"dateModified\":\"2022-02-13T14:49:21+00:00\",\"description\":\"Proovige neid kolme harjutust meie poolt, et saada aimu meie koolituse sisust ja m\u00f5just teie suhtele.\u00a0See tutvustav kursus sisaldab kolme videot.\",\"breadcrumb\":{\"@id\":\"https:\/\/learn2touch.com\/et\/toode\/kingitus-paaridele\/#breadcrumb\"},\"inLanguage\":\"et\",\"potentialAction\":[{\"@type\":\"ReadAction\",\"target\":[\"https:\/\/learn2touch.com\/et\/toode\/kingitus-paaridele\/\"]}]},{\"@type\":\"ImageObject\",\"inLanguage\":\"et\",\"@id\":\"https:\/\/learn2touch.com\/et\/toode\/kingitus-paaridele\/#primaryimage\",\"url\":\"https:\/\/learn2touch.com\/wp-content\/uploads\/2020\/09\/Learn2touch-24.jpg\",\"contentUrl\":\"https:\/\/learn2touch.com\/wp-content\/uploads\/2020\/09\/Learn2touch-24.jpg\",\"width\":1280,\"height\":854},{\"@type\":\"BreadcrumbList\",\"@id\":\"https:\/\/learn2touch.com\/et\/toode\/kingitus-paaridele\/#breadcrumb\",\"itemListElement\":[{\"@type\":\"ListItem\",\"position\":1,\"name\":\"Home\",\"item\":\"https:\/\/learn2touch.com\/\"},{\"@type\":\"ListItem\",\"position\":2,\"name\":\"Products\",\"item\":\"https:\/\/learn2touch.com\/shop\/\"},{\"@type\":\"ListItem\",\"position\":3,\"name\":\"Kingitus paaridele\"}]},{\"@type\":\"WebSite\",\"@id\":\"https:\/\/learn2touch.com\/et\/#website\",\"url\":\"https:\/\/learn2touch.com\/et\/\",\"name\":\"LEARN TO TOUCH\",\"description\":\"Video guide to successful relationships\",\"publisher\":{\"@id\":\"https:\/\/learn2touch.com\/et\/#organization\"},\"potentialAction\":[{\"@type\":\"SearchAction\",\"target\":{\"@type\":\"EntryPoint\",\"urlTemplate\":\"https:\/\/learn2touch.com\/et\/?s={search_term_string}\"},\"query-input\":{\"@type\":\"PropertyValueSpecification\",\"valueRequired\":true,\"valueName\":\"search_term_string\"}}],\"inLanguage\":\"et\"},{\"@type\":\"Organization\",\"@id\":\"https:\/\/learn2touch.com\/et\/#organization\",\"name\":\"LEARN 2 TOUCH\",\"url\":\"https:\/\/learn2touch.com\/et\/\",\"logo\":{\"@type\":\"ImageObject\",\"inLanguage\":\"et\",\"@id\":\"https:\/\/learn2touch.com\/et\/#\/schema\/logo\/image\/\",\"url\":\"https:\/\/learn2touch.com\/wp-content\/uploads\/2023\/05\/cropped-learn2touch.png\",\"contentUrl\":\"https:\/\/learn2touch.com\/wp-content\/uploads\/2023\/05\/cropped-learn2touch.png\",\"width\":800,\"height\":169,\"caption\":\"LEARN 2 TOUCH\"},\"image\":{\"@id\":\"https:\/\/learn2touch.com\/et\/#\/schema\/logo\/image\/\"},\"sameAs\":[\"https:\/\/www.facebook.com\/learn2touch\",\"https:\/\/www.youtube.com\/@Earthchildme\"]}]}<\/script>\n<!-- \/ Yoast SEO plugin. -->","yoast_head_json":{"title":"Kingitus paaridele - LEARN TO TOUCH","description":"Proovige neid kolme harjutust meie poolt, et saada aimu meie koolituse sisust ja m\u00f5just teie suhtele.\u00a0See tutvustav kursus sisaldab kolme videot.","robots":{"index":"index","follow":"follow","max-snippet":"max-snippet:-1","max-image-preview":"max-image-preview:large","max-video-preview":"max-video-preview:-1"},"canonical":"https:\/\/learn2touch.com\/et\/toode\/kingitus-paaridele\/","og_locale":"et_EE","og_type":"article","og_title":"Kingitus paaridele - LEARN TO TOUCH","og_description":"Proovige neid kolme harjutust meie poolt, et saada aimu meie koolituse sisust ja m\u00f5just teie suhtele.\u00a0See tutvustav kursus sisaldab kolme videot.","og_url":"https:\/\/learn2touch.com\/et\/toode\/kingitus-paaridele\/","og_site_name":"LEARN TO TOUCH","article_publisher":"https:\/\/www.facebook.com\/learn2touch","article_modified_time":"2022-02-13T14:49:21+00:00","og_image":[{"width":1280,"height":854,"url":"https:\/\/i0.wp.com\/learn2touch.com\/wp-content\/uploads\/2020\/09\/Learn2touch-24.jpg?fit=1280%2C854&ssl=1","type":"image\/jpeg"}],"twitter_card":"summary_large_image","schema":{"@context":"https:\/\/schema.org","@graph":[{"@type":"WebPage","@id":"https:\/\/learn2touch.com\/et\/toode\/kingitus-paaridele\/","url":"https:\/\/learn2touch.com\/et\/toode\/kingitus-paaridele\/","name":"Kingitus paaridele - LEARN TO TOUCH","isPartOf":{"@id":"https:\/\/learn2touch.com\/et\/#website"},"primaryImageOfPage":{"@id":"https:\/\/learn2touch.com\/et\/toode\/kingitus-paaridele\/#primaryimage"},"image":{"@id":"https:\/\/learn2touch.com\/et\/toode\/kingitus-paaridele\/#primaryimage"},"thumbnailUrl":"https:\/\/learn2touch.com\/wp-content\/uploads\/2020\/09\/Learn2touch-24.jpg","datePublished":"2020-11-03T08:09:21+00:00","dateModified":"2022-02-13T14:49:21+00:00","description":"Proovige neid kolme harjutust meie poolt, et saada aimu meie koolituse sisust ja m\u00f5just teie suhtele.\u00a0See tutvustav kursus sisaldab kolme videot.","breadcrumb":{"@id":"https:\/\/learn2touch.com\/et\/toode\/kingitus-paaridele\/#breadcrumb"},"inLanguage":"et","potentialAction":[{"@type":"ReadAction","target":["https:\/\/learn2touch.com\/et\/toode\/kingitus-paaridele\/"]}]},{"@type":"ImageObject","inLanguage":"et","@id":"https:\/\/learn2touch.com\/et\/toode\/kingitus-paaridele\/#primaryimage","url":"https:\/\/learn2touch.com\/wp-content\/uploads\/2020\/09\/Learn2touch-24.jpg","contentUrl":"https:\/\/learn2touch.com\/wp-content\/uploads\/2020\/09\/Learn2touch-24.jpg","width":1280,"height":854},{"@type":"BreadcrumbList","@id":"https:\/\/learn2touch.com\/et\/toode\/kingitus-paaridele\/#breadcrumb","itemListElement":[{"@type":"ListItem","position":1,"name":"Home","item":"https:\/\/learn2touch.com\/"},{"@type":"ListItem","position":2,"name":"Products","item":"https:\/\/learn2touch.com\/shop\/"},{"@type":"ListItem","position":3,"name":"Kingitus paaridele"}]},{"@type":"WebSite","@id":"https:\/\/learn2touch.com\/et\/#website","url":"https:\/\/learn2touch.com\/et\/","name":"LEARN TO TOUCH","description":"Video guide to successful relationships","publisher":{"@id":"https:\/\/learn2touch.com\/et\/#organization"},"potentialAction":[{"@type":"SearchAction","target":{"@type":"EntryPoint","urlTemplate":"https:\/\/learn2touch.com\/et\/?s={search_term_string}"},"query-input":{"@type":"PropertyValueSpecification","valueRequired":true,"valueName":"search_term_string"}}],"inLanguage":"et"},{"@type":"Organization","@id":"https:\/\/learn2touch.com\/et\/#organization","name":"LEARN 2 TOUCH","url":"https:\/\/learn2touch.com\/et\/","logo":{"@type":"ImageObject","inLanguage":"et","@id":"https:\/\/learn2touch.com\/et\/#\/schema\/logo\/image\/","url":"https:\/\/learn2touch.com\/wp-content\/uploads\/2023\/05\/cropped-learn2touch.png","contentUrl":"https:\/\/learn2touch.com\/wp-content\/uploads\/2023\/05\/cropped-learn2touch.png","width":800,"height":169,"caption":"LEARN 2 TOUCH"},"image":{"@id":"https:\/\/learn2touch.com\/et\/#\/schema\/logo\/image\/"},"sameAs":["https:\/\/www.facebook.com\/learn2touch","https:\/\/www.youtube.com\/@Earthchildme"]}]}},"jetpack_sharing_enabled":true,"_links":{"self":[{"href":"https:\/\/learn2touch.com\/et\/wp-json\/wp\/v2\/product\/2915","targetHints":{"allow":["GET"]}}],"collection":[{"href":"https:\/\/learn2touch.com\/et\/wp-json\/wp\/v2\/product"}],"about":[{"href":"https:\/\/learn2touch.com\/et\/wp-json\/wp\/v2\/types\/product"}],"wp:featuredmedia":[{"embeddable":true,"href":"https:\/\/learn2touch.com\/et\/wp-json\/wp\/v2\/media\/2258"}],"wp:attachment":[{"href":"https:\/\/learn2touch.com\/et\/wp-json\/wp\/v2\/media?parent=2915"}],"wp:term":[{"taxonomy":"product_brand","embeddable":true,"href":"https:\/\/learn2touch.com\/et\/wp-json\/wp\/v2\/product_brand?post=2915"},{"taxonomy":"product_cat","embeddable":true,"href":"https:\/\/learn2touch.com\/et\/wp-json\/wp\/v2\/product_cat?post=2915"},{"taxonomy":"product_tag","embeddable":true,"href":"https:\/\/learn2touch.com\/et\/wp-json\/wp\/v2\/product_tag?post=2915"}],"curies":[{"name":"wp","href":"https:\/\/api.w.org\/{rel}","templated":true}]}}