{"id":2980,"date":"2020-11-08T14:48:34","date_gmt":"2020-11-08T14:48:34","guid":{"rendered":"https:\/\/learn2touch.com\/?post_type=product&#038;p=2980"},"modified":"2021-01-17T20:50:24","modified_gmt":"2021-01-17T20:50:24","slug":"uhtesulamine","status":"publish","type":"product","link":"https:\/\/learn2touch.com\/et\/toode\/uhtesulamine\/","title":{"rendered":"\u00dchtesulamine"},"content":{"rendered":"<div class=\"elementor-column elementor-col-50 elementor-top-column elementor-element elementor-element-d56c268\" data-id=\"d56c268\" data-element_type=\"column\" data-settings=\"{&quot;background_background&quot;:&quot;classic&quot;}\">\n<div class=\"elementor-column-wrap elementor-element-populated\">\n<div class=\"elementor-widget-wrap\">\n<div class=\"elementor-element elementor-element-a8aa1bb elementor-widget elementor-widget-text-editor\" data-id=\"a8aa1bb\" data-element_type=\"widget\" data-widget_type=\"text-editor.default\">\n<div class=\"elementor-widget-container\">\n<div class=\"elementor-text-editor elementor-clearfix\">\n<p style=\"text-align: left;\">Sellel kursusel me soovime jagada teiega neid praktikaid, mis on aidanud meil saada suurep\u00e4rasteks armastajateks, iseenda ning teineteise seksuaalsuse tervendajateks. Kehade \u00fchtesulamiseks on oluline, et paariliste vahel on usaldus ning et kehad oleksid l\u00f5destunud.<\/p>\n<h3><\/h3>\n<h3 style=\"text-align: left;\">Koolitus sisaldab:<\/h3>\n<\/div>\n<\/div>\n<\/div>\n<\/div>\n<\/div>\n<\/div>\n<div class=\"elementor-column elementor-col-50 elementor-top-column elementor-element elementor-element-a26ae1d\" data-id=\"a26ae1d\" data-element_type=\"column\" data-settings=\"{&quot;background_background&quot;:&quot;classic&quot;}\">\n<div class=\"elementor-column-wrap elementor-element-populated\">\n<div class=\"elementor-widget-wrap\">\n<div class=\"elementor-element elementor-element-5f9122a elementor-widget elementor-widget-text-editor\" data-id=\"5f9122a\" data-element_type=\"widget\" data-widget_type=\"text-editor.default\">\n<div class=\"elementor-widget-container\">\n<div class=\"elementor-text-editor elementor-clearfix\">\n<ul>\n<li style=\"text-align: left;\">7 unikaalset massaa\u017ei<\/li>\n<li style=\"text-align: left;\">7 huvitavat \u00fclesannet paaridele<\/li>\n<li style=\"text-align: left;\">loeng tantrast, inglise keeles<\/li>\n<li style=\"text-align: left;\">vebinari kokkuv\u00f5te loengu teemadest<\/li>\n<li style=\"text-align: left;\">paastu nipid koos retseptidega<\/li>\n<li style=\"text-align: left;\">2 boonusharjutust<\/li>\n<\/ul>\n\n<\/div>\n<\/div>\n<\/div>\n<\/div>\n<\/div>\n<\/div>\n","protected":false},"excerpt":{"rendered":"<p>Sellel kursusel me soovime jagada teiega neid praktikaid, mis on aidanud meil saada suurep\u00e4rasteks armastajateks, iseenda ning teineteise seksuaalsuse tervendajateks. Kehade \u00fchtesulamiseks on oluline, et paariliste vahel on usaldus ning et kehad oleksid l\u00f5destunud. Koolitus sisaldab: 7 unikaalset massaa\u017ei 7 huvitavat \u00fclesannet paaridele loeng tantrast, inglise keeles vebinari kokkuv\u00f5te loengu teemadest paastu nipid koos retseptidega [&hellip;]<\/p>\n","protected":false},"featured_media":2195,"template":"","meta":[],"product_brand":[],"product_cat":[27],"product_tag":[],"class_list":{"0":"post-2980","1":"product","2":"type-product","3":"status-publish","4":"has-post-thumbnail","6":"product_cat-programs","8":"first","9":"instock","10":"virtual","11":"taxable","12":"purchasable","13":"product-type-simple"},"yoast_head":"<!-- This site is optimized with the Yoast SEO plugin v27.2 - https:\/\/yoast.com\/product\/yoast-seo-wordpress\/ -->\n<title>\u00dchtesulamine - LEARN TO TOUCH<\/title>\n<meta name=\"description\" content=\"Sellel kursusel me soovime jagada teiega neid praktikaid, mis on aidanud meil saada suurep\u00e4rasteks armastajateks ja seksuaalsuse tervendajateks.\" \/>\n<meta name=\"robots\" content=\"index, follow, max-snippet:-1, max-image-preview:large, max-video-preview:-1\" \/>\n<link rel=\"canonical\" href=\"https:\/\/learn2touch.com\/et\/toode\/uhtesulamine\/\" \/>\n<meta property=\"og:locale\" content=\"et_EE\" \/>\n<meta property=\"og:type\" content=\"article\" \/>\n<meta property=\"og:title\" content=\"\u00dchtesulamine - LEARN TO TOUCH\" \/>\n<meta property=\"og:description\" content=\"Sellel kursusel me soovime jagada teiega neid praktikaid, mis on aidanud meil saada suurep\u00e4rasteks armastajateks ja seksuaalsuse tervendajateks.\" \/>\n<meta property=\"og:url\" content=\"https:\/\/learn2touch.com\/et\/toode\/uhtesulamine\/\" \/>\n<meta property=\"og:site_name\" content=\"LEARN TO TOUCH\" \/>\n<meta property=\"article:publisher\" content=\"https:\/\/www.facebook.com\/learn2touch\" \/>\n<meta property=\"article:modified_time\" content=\"2021-01-17T20:50:24+00:00\" \/>\n<meta property=\"og:image\" content=\"https:\/\/i0.wp.com\/learn2touch.com\/wp-content\/uploads\/2020\/09\/Learn2touch-3.jpg?fit=1280%2C854&ssl=1\" \/>\n\t<meta property=\"og:image:width\" content=\"1280\" \/>\n\t<meta property=\"og:image:height\" content=\"854\" \/>\n\t<meta property=\"og:image:type\" content=\"image\/jpeg\" \/>\n<meta name=\"twitter:card\" content=\"summary_large_image\" \/>\n<script type=\"application\/ld+json\" class=\"yoast-schema-graph\">{\"@context\":\"https:\/\/schema.org\",\"@graph\":[{\"@type\":\"WebPage\",\"@id\":\"https:\/\/learn2touch.com\/et\/toode\/uhtesulamine\/\",\"url\":\"https:\/\/learn2touch.com\/et\/toode\/uhtesulamine\/\",\"name\":\"\u00dchtesulamine - LEARN TO TOUCH\",\"isPartOf\":{\"@id\":\"https:\/\/learn2touch.com\/et\/#website\"},\"primaryImageOfPage\":{\"@id\":\"https:\/\/learn2touch.com\/et\/toode\/uhtesulamine\/#primaryimage\"},\"image\":{\"@id\":\"https:\/\/learn2touch.com\/et\/toode\/uhtesulamine\/#primaryimage\"},\"thumbnailUrl\":\"https:\/\/learn2touch.com\/wp-content\/uploads\/2020\/09\/Learn2touch-3.jpg\",\"datePublished\":\"2020-11-08T14:48:34+00:00\",\"dateModified\":\"2021-01-17T20:50:24+00:00\",\"description\":\"Sellel kursusel me soovime jagada teiega neid praktikaid, mis on aidanud meil saada suurep\u00e4rasteks armastajateks ja seksuaalsuse tervendajateks.\",\"breadcrumb\":{\"@id\":\"https:\/\/learn2touch.com\/et\/toode\/uhtesulamine\/#breadcrumb\"},\"inLanguage\":\"et\",\"potentialAction\":[{\"@type\":\"ReadAction\",\"target\":[\"https:\/\/learn2touch.com\/et\/toode\/uhtesulamine\/\"]}]},{\"@type\":\"ImageObject\",\"inLanguage\":\"et\",\"@id\":\"https:\/\/learn2touch.com\/et\/toode\/uhtesulamine\/#primaryimage\",\"url\":\"https:\/\/learn2touch.com\/wp-content\/uploads\/2020\/09\/Learn2touch-3.jpg\",\"contentUrl\":\"https:\/\/learn2touch.com\/wp-content\/uploads\/2020\/09\/Learn2touch-3.jpg\",\"width\":1280,\"height\":854},{\"@type\":\"BreadcrumbList\",\"@id\":\"https:\/\/learn2touch.com\/et\/toode\/uhtesulamine\/#breadcrumb\",\"itemListElement\":[{\"@type\":\"ListItem\",\"position\":1,\"name\":\"Home\",\"item\":\"https:\/\/learn2touch.com\/\"},{\"@type\":\"ListItem\",\"position\":2,\"name\":\"Products\",\"item\":\"https:\/\/learn2touch.com\/shop\/\"},{\"@type\":\"ListItem\",\"position\":3,\"name\":\"\u00dchtesulamine\"}]},{\"@type\":\"WebSite\",\"@id\":\"https:\/\/learn2touch.com\/et\/#website\",\"url\":\"https:\/\/learn2touch.com\/et\/\",\"name\":\"LEARN TO TOUCH\",\"description\":\"Video guide to successful relationships\",\"publisher\":{\"@id\":\"https:\/\/learn2touch.com\/et\/#organization\"},\"potentialAction\":[{\"@type\":\"SearchAction\",\"target\":{\"@type\":\"EntryPoint\",\"urlTemplate\":\"https:\/\/learn2touch.com\/et\/?s={search_term_string}\"},\"query-input\":{\"@type\":\"PropertyValueSpecification\",\"valueRequired\":true,\"valueName\":\"search_term_string\"}}],\"inLanguage\":\"et\"},{\"@type\":\"Organization\",\"@id\":\"https:\/\/learn2touch.com\/et\/#organization\",\"name\":\"LEARN 2 TOUCH\",\"url\":\"https:\/\/learn2touch.com\/et\/\",\"logo\":{\"@type\":\"ImageObject\",\"inLanguage\":\"et\",\"@id\":\"https:\/\/learn2touch.com\/et\/#\/schema\/logo\/image\/\",\"url\":\"https:\/\/learn2touch.com\/wp-content\/uploads\/2023\/05\/cropped-learn2touch.png\",\"contentUrl\":\"https:\/\/learn2touch.com\/wp-content\/uploads\/2023\/05\/cropped-learn2touch.png\",\"width\":800,\"height\":169,\"caption\":\"LEARN 2 TOUCH\"},\"image\":{\"@id\":\"https:\/\/learn2touch.com\/et\/#\/schema\/logo\/image\/\"},\"sameAs\":[\"https:\/\/www.facebook.com\/learn2touch\",\"https:\/\/www.youtube.com\/@Earthchildme\"]}]}<\/script>\n<!-- \/ Yoast SEO plugin. -->","yoast_head_json":{"title":"\u00dchtesulamine - LEARN TO TOUCH","description":"Sellel kursusel me soovime jagada teiega neid praktikaid, mis on aidanud meil saada suurep\u00e4rasteks armastajateks ja seksuaalsuse tervendajateks.","robots":{"index":"index","follow":"follow","max-snippet":"max-snippet:-1","max-image-preview":"max-image-preview:large","max-video-preview":"max-video-preview:-1"},"canonical":"https:\/\/learn2touch.com\/et\/toode\/uhtesulamine\/","og_locale":"et_EE","og_type":"article","og_title":"\u00dchtesulamine - LEARN TO TOUCH","og_description":"Sellel kursusel me soovime jagada teiega neid praktikaid, mis on aidanud meil saada suurep\u00e4rasteks armastajateks ja seksuaalsuse tervendajateks.","og_url":"https:\/\/learn2touch.com\/et\/toode\/uhtesulamine\/","og_site_name":"LEARN TO TOUCH","article_publisher":"https:\/\/www.facebook.com\/learn2touch","article_modified_time":"2021-01-17T20:50:24+00:00","og_image":[{"width":1280,"height":854,"url":"https:\/\/i0.wp.com\/learn2touch.com\/wp-content\/uploads\/2020\/09\/Learn2touch-3.jpg?fit=1280%2C854&ssl=1","type":"image\/jpeg"}],"twitter_card":"summary_large_image","schema":{"@context":"https:\/\/schema.org","@graph":[{"@type":"WebPage","@id":"https:\/\/learn2touch.com\/et\/toode\/uhtesulamine\/","url":"https:\/\/learn2touch.com\/et\/toode\/uhtesulamine\/","name":"\u00dchtesulamine - LEARN TO TOUCH","isPartOf":{"@id":"https:\/\/learn2touch.com\/et\/#website"},"primaryImageOfPage":{"@id":"https:\/\/learn2touch.com\/et\/toode\/uhtesulamine\/#primaryimage"},"image":{"@id":"https:\/\/learn2touch.com\/et\/toode\/uhtesulamine\/#primaryimage"},"thumbnailUrl":"https:\/\/learn2touch.com\/wp-content\/uploads\/2020\/09\/Learn2touch-3.jpg","datePublished":"2020-11-08T14:48:34+00:00","dateModified":"2021-01-17T20:50:24+00:00","description":"Sellel kursusel me soovime jagada teiega neid praktikaid, mis on aidanud meil saada suurep\u00e4rasteks armastajateks ja seksuaalsuse tervendajateks.","breadcrumb":{"@id":"https:\/\/learn2touch.com\/et\/toode\/uhtesulamine\/#breadcrumb"},"inLanguage":"et","potentialAction":[{"@type":"ReadAction","target":["https:\/\/learn2touch.com\/et\/toode\/uhtesulamine\/"]}]},{"@type":"ImageObject","inLanguage":"et","@id":"https:\/\/learn2touch.com\/et\/toode\/uhtesulamine\/#primaryimage","url":"https:\/\/learn2touch.com\/wp-content\/uploads\/2020\/09\/Learn2touch-3.jpg","contentUrl":"https:\/\/learn2touch.com\/wp-content\/uploads\/2020\/09\/Learn2touch-3.jpg","width":1280,"height":854},{"@type":"BreadcrumbList","@id":"https:\/\/learn2touch.com\/et\/toode\/uhtesulamine\/#breadcrumb","itemListElement":[{"@type":"ListItem","position":1,"name":"Home","item":"https:\/\/learn2touch.com\/"},{"@type":"ListItem","position":2,"name":"Products","item":"https:\/\/learn2touch.com\/shop\/"},{"@type":"ListItem","position":3,"name":"\u00dchtesulamine"}]},{"@type":"WebSite","@id":"https:\/\/learn2touch.com\/et\/#website","url":"https:\/\/learn2touch.com\/et\/","name":"LEARN TO TOUCH","description":"Video guide to successful relationships","publisher":{"@id":"https:\/\/learn2touch.com\/et\/#organization"},"potentialAction":[{"@type":"SearchAction","target":{"@type":"EntryPoint","urlTemplate":"https:\/\/learn2touch.com\/et\/?s={search_term_string}"},"query-input":{"@type":"PropertyValueSpecification","valueRequired":true,"valueName":"search_term_string"}}],"inLanguage":"et"},{"@type":"Organization","@id":"https:\/\/learn2touch.com\/et\/#organization","name":"LEARN 2 TOUCH","url":"https:\/\/learn2touch.com\/et\/","logo":{"@type":"ImageObject","inLanguage":"et","@id":"https:\/\/learn2touch.com\/et\/#\/schema\/logo\/image\/","url":"https:\/\/learn2touch.com\/wp-content\/uploads\/2023\/05\/cropped-learn2touch.png","contentUrl":"https:\/\/learn2touch.com\/wp-content\/uploads\/2023\/05\/cropped-learn2touch.png","width":800,"height":169,"caption":"LEARN 2 TOUCH"},"image":{"@id":"https:\/\/learn2touch.com\/et\/#\/schema\/logo\/image\/"},"sameAs":["https:\/\/www.facebook.com\/learn2touch","https:\/\/www.youtube.com\/@Earthchildme"]}]}},"jetpack_sharing_enabled":true,"_links":{"self":[{"href":"https:\/\/learn2touch.com\/et\/wp-json\/wp\/v2\/product\/2980","targetHints":{"allow":["GET"]}}],"collection":[{"href":"https:\/\/learn2touch.com\/et\/wp-json\/wp\/v2\/product"}],"about":[{"href":"https:\/\/learn2touch.com\/et\/wp-json\/wp\/v2\/types\/product"}],"wp:featuredmedia":[{"embeddable":true,"href":"https:\/\/learn2touch.com\/et\/wp-json\/wp\/v2\/media\/2195"}],"wp:attachment":[{"href":"https:\/\/learn2touch.com\/et\/wp-json\/wp\/v2\/media?parent=2980"}],"wp:term":[{"taxonomy":"product_brand","embeddable":true,"href":"https:\/\/learn2touch.com\/et\/wp-json\/wp\/v2\/product_brand?post=2980"},{"taxonomy":"product_cat","embeddable":true,"href":"https:\/\/learn2touch.com\/et\/wp-json\/wp\/v2\/product_cat?post=2980"},{"taxonomy":"product_tag","embeddable":true,"href":"https:\/\/learn2touch.com\/et\/wp-json\/wp\/v2\/product_tag?post=2980"}],"curies":[{"name":"wp","href":"https:\/\/api.w.org\/{rel}","templated":true}]}}