{"id":3087,"date":"2020-11-13T12:19:37","date_gmt":"2020-11-13T12:19:37","guid":{"rendered":"https:\/\/learn2touch.com\/?post_type=product&#038;p=3087"},"modified":"2021-01-17T20:49:17","modified_gmt":"2021-01-17T20:49:17","slug":"kulluslik-programm","status":"publish","type":"product","link":"https:\/\/learn2touch.com\/et\/toode\/kulluslik-programm\/","title":{"rendered":"K\u00fclluslik programm"},"content":{"rendered":"<p>K\u00fclluslik \u00f5ppeprogramm sisaldab k\u00f5iki meie videosid ja praktikaid. Siit leiate 1 tunni ja 40 minuti pikkuses harjutusi eluks ajaks, millele lisaks pakume erakonsultatsiooni, loengut ja jooga harjutusi individuaal\u00f5ppeks.<\/p>\n<ul class=\"elementor-icon-list-items\">\n<li class=\"elementor-icon-list-item\"><span class=\"elementor-icon-list-text\">12 massaa\u017ei<\/span><\/li>\n<li class=\"elementor-icon-list-item\"><i class=\"fas fa-check\" aria-hidden=\"true\"><\/i><span class=\"elementor-icon-list-text\">2 boonusharjutust<\/span><\/li>\n<li class=\"elementor-icon-list-item\"><i class=\"fas fa-check\" aria-hidden=\"true\"><\/i><span class=\"elementor-icon-list-text\">4 joogatundi<\/span><\/li>\n<li class=\"elementor-icon-list-item\"><i class=\"fas fa-check\" aria-hidden=\"true\"><\/i><span class=\"elementor-icon-list-text\">videote allalaadimise ja salvestamise v\u00f5imalus<\/span><\/li>\n<li class=\"elementor-icon-list-item\"><i class=\"fas fa-check\" aria-hidden=\"true\"><\/i><span class=\"elementor-icon-list-text\">loeng seksuaalsusest<\/span><\/li>\n<li class=\"elementor-icon-list-item\"><i class=\"fas fa-check\" aria-hidden=\"true\"><\/i><span class=\"elementor-icon-list-text\">1 tund online-konsultatsiooni<\/span><\/li>\n<\/ul>\n\n","protected":false},"excerpt":{"rendered":"<p>K\u00fclluslik \u00f5ppeprogramm sisaldab k\u00f5iki meie videosid ja praktikaid. Siit leiate 1 tunni ja 40 minuti pikkuses harjutusi eluks ajaks, millele lisaks pakume erakonsultatsiooni, loengut ja jooga harjutusi individuaal\u00f5ppeks. 12 massaa\u017ei 2 boonusharjutust 4 joogatundi videote allalaadimise ja salvestamise v\u00f5imalus loeng seksuaalsusest 1 tund online-konsultatsiooni<\/p>\n","protected":false},"featured_media":2375,"template":"","meta":[],"product_brand":[],"product_cat":[27],"product_tag":[],"class_list":{"0":"post-3087","1":"product","2":"type-product","3":"status-publish","4":"has-post-thumbnail","6":"product_cat-programs","8":"first","9":"instock","10":"taxable","11":"shipping-taxable","12":"purchasable","13":"product-type-simple"},"yoast_head":"<!-- This site is optimized with the Yoast SEO plugin v27.2 - https:\/\/yoast.com\/product\/yoast-seo-wordpress\/ -->\n<title>K\u00fclluslik programm - LEARN TO TOUCH<\/title>\n<meta name=\"description\" content=\"K\u00fclluslik \u00f5ppeprogramm sisaldab k\u00f5iki meie videosid ja praktikaid. Siit leiate 1 tunni ja 40 minuti pikkuses harjutusi eluks ajaks.\" \/>\n<meta name=\"robots\" content=\"index, follow, max-snippet:-1, max-image-preview:large, max-video-preview:-1\" \/>\n<link rel=\"canonical\" href=\"https:\/\/learn2touch.com\/et\/toode\/kulluslik-programm\/\" \/>\n<meta property=\"og:locale\" content=\"et_EE\" \/>\n<meta property=\"og:type\" content=\"article\" \/>\n<meta property=\"og:title\" content=\"K\u00fclluslik programm - LEARN TO TOUCH\" \/>\n<meta property=\"og:description\" content=\"K\u00fclluslik \u00f5ppeprogramm sisaldab k\u00f5iki meie videosid ja praktikaid. Siit leiate 1 tunni ja 40 minuti pikkuses harjutusi eluks ajaks.\" \/>\n<meta property=\"og:url\" content=\"https:\/\/learn2touch.com\/et\/toode\/kulluslik-programm\/\" \/>\n<meta property=\"og:site_name\" content=\"LEARN TO TOUCH\" \/>\n<meta property=\"article:publisher\" content=\"https:\/\/www.facebook.com\/learn2touch\" \/>\n<meta property=\"article:modified_time\" content=\"2021-01-17T20:49:17+00:00\" \/>\n<meta property=\"og:image\" content=\"https:\/\/i0.wp.com\/learn2touch.com\/wp-content\/uploads\/2020\/09\/Igor-ja-Bella-1.jpg?fit=1280%2C768&ssl=1\" \/>\n\t<meta property=\"og:image:width\" content=\"1280\" \/>\n\t<meta property=\"og:image:height\" content=\"768\" \/>\n\t<meta property=\"og:image:type\" content=\"image\/jpeg\" \/>\n<meta name=\"twitter:card\" content=\"summary_large_image\" \/>\n<script type=\"application\/ld+json\" class=\"yoast-schema-graph\">{\"@context\":\"https:\/\/schema.org\",\"@graph\":[{\"@type\":\"WebPage\",\"@id\":\"https:\/\/learn2touch.com\/et\/toode\/kulluslik-programm\/\",\"url\":\"https:\/\/learn2touch.com\/et\/toode\/kulluslik-programm\/\",\"name\":\"K\u00fclluslik programm - LEARN TO TOUCH\",\"isPartOf\":{\"@id\":\"https:\/\/learn2touch.com\/et\/#website\"},\"primaryImageOfPage\":{\"@id\":\"https:\/\/learn2touch.com\/et\/toode\/kulluslik-programm\/#primaryimage\"},\"image\":{\"@id\":\"https:\/\/learn2touch.com\/et\/toode\/kulluslik-programm\/#primaryimage\"},\"thumbnailUrl\":\"https:\/\/learn2touch.com\/wp-content\/uploads\/2020\/09\/Igor-ja-Bella-1.jpg\",\"datePublished\":\"2020-11-13T12:19:37+00:00\",\"dateModified\":\"2021-01-17T20:49:17+00:00\",\"description\":\"K\u00fclluslik \u00f5ppeprogramm sisaldab k\u00f5iki meie videosid ja praktikaid. Siit leiate 1 tunni ja 40 minuti pikkuses harjutusi eluks ajaks.\",\"breadcrumb\":{\"@id\":\"https:\/\/learn2touch.com\/et\/toode\/kulluslik-programm\/#breadcrumb\"},\"inLanguage\":\"et\",\"potentialAction\":[{\"@type\":\"ReadAction\",\"target\":[\"https:\/\/learn2touch.com\/et\/toode\/kulluslik-programm\/\"]}]},{\"@type\":\"ImageObject\",\"inLanguage\":\"et\",\"@id\":\"https:\/\/learn2touch.com\/et\/toode\/kulluslik-programm\/#primaryimage\",\"url\":\"https:\/\/learn2touch.com\/wp-content\/uploads\/2020\/09\/Igor-ja-Bella-1.jpg\",\"contentUrl\":\"https:\/\/learn2touch.com\/wp-content\/uploads\/2020\/09\/Igor-ja-Bella-1.jpg\",\"width\":1280,\"height\":768},{\"@type\":\"BreadcrumbList\",\"@id\":\"https:\/\/learn2touch.com\/et\/toode\/kulluslik-programm\/#breadcrumb\",\"itemListElement\":[{\"@type\":\"ListItem\",\"position\":1,\"name\":\"Home\",\"item\":\"https:\/\/learn2touch.com\/\"},{\"@type\":\"ListItem\",\"position\":2,\"name\":\"Products\",\"item\":\"https:\/\/learn2touch.com\/shop\/\"},{\"@type\":\"ListItem\",\"position\":3,\"name\":\"K\u00fclluslik programm\"}]},{\"@type\":\"WebSite\",\"@id\":\"https:\/\/learn2touch.com\/et\/#website\",\"url\":\"https:\/\/learn2touch.com\/et\/\",\"name\":\"LEARN TO TOUCH\",\"description\":\"Video guide to successful relationships\",\"publisher\":{\"@id\":\"https:\/\/learn2touch.com\/et\/#organization\"},\"potentialAction\":[{\"@type\":\"SearchAction\",\"target\":{\"@type\":\"EntryPoint\",\"urlTemplate\":\"https:\/\/learn2touch.com\/et\/?s={search_term_string}\"},\"query-input\":{\"@type\":\"PropertyValueSpecification\",\"valueRequired\":true,\"valueName\":\"search_term_string\"}}],\"inLanguage\":\"et\"},{\"@type\":\"Organization\",\"@id\":\"https:\/\/learn2touch.com\/et\/#organization\",\"name\":\"LEARN 2 TOUCH\",\"url\":\"https:\/\/learn2touch.com\/et\/\",\"logo\":{\"@type\":\"ImageObject\",\"inLanguage\":\"et\",\"@id\":\"https:\/\/learn2touch.com\/et\/#\/schema\/logo\/image\/\",\"url\":\"https:\/\/learn2touch.com\/wp-content\/uploads\/2023\/05\/cropped-learn2touch.png\",\"contentUrl\":\"https:\/\/learn2touch.com\/wp-content\/uploads\/2023\/05\/cropped-learn2touch.png\",\"width\":800,\"height\":169,\"caption\":\"LEARN 2 TOUCH\"},\"image\":{\"@id\":\"https:\/\/learn2touch.com\/et\/#\/schema\/logo\/image\/\"},\"sameAs\":[\"https:\/\/www.facebook.com\/learn2touch\",\"https:\/\/www.youtube.com\/@Earthchildme\"]}]}<\/script>\n<!-- \/ Yoast SEO plugin. -->","yoast_head_json":{"title":"K\u00fclluslik programm - LEARN TO TOUCH","description":"K\u00fclluslik \u00f5ppeprogramm sisaldab k\u00f5iki meie videosid ja praktikaid. Siit leiate 1 tunni ja 40 minuti pikkuses harjutusi eluks ajaks.","robots":{"index":"index","follow":"follow","max-snippet":"max-snippet:-1","max-image-preview":"max-image-preview:large","max-video-preview":"max-video-preview:-1"},"canonical":"https:\/\/learn2touch.com\/et\/toode\/kulluslik-programm\/","og_locale":"et_EE","og_type":"article","og_title":"K\u00fclluslik programm - LEARN TO TOUCH","og_description":"K\u00fclluslik \u00f5ppeprogramm sisaldab k\u00f5iki meie videosid ja praktikaid. Siit leiate 1 tunni ja 40 minuti pikkuses harjutusi eluks ajaks.","og_url":"https:\/\/learn2touch.com\/et\/toode\/kulluslik-programm\/","og_site_name":"LEARN TO TOUCH","article_publisher":"https:\/\/www.facebook.com\/learn2touch","article_modified_time":"2021-01-17T20:49:17+00:00","og_image":[{"width":1280,"height":768,"url":"https:\/\/i0.wp.com\/learn2touch.com\/wp-content\/uploads\/2020\/09\/Igor-ja-Bella-1.jpg?fit=1280%2C768&ssl=1","type":"image\/jpeg"}],"twitter_card":"summary_large_image","schema":{"@context":"https:\/\/schema.org","@graph":[{"@type":"WebPage","@id":"https:\/\/learn2touch.com\/et\/toode\/kulluslik-programm\/","url":"https:\/\/learn2touch.com\/et\/toode\/kulluslik-programm\/","name":"K\u00fclluslik programm - LEARN TO TOUCH","isPartOf":{"@id":"https:\/\/learn2touch.com\/et\/#website"},"primaryImageOfPage":{"@id":"https:\/\/learn2touch.com\/et\/toode\/kulluslik-programm\/#primaryimage"},"image":{"@id":"https:\/\/learn2touch.com\/et\/toode\/kulluslik-programm\/#primaryimage"},"thumbnailUrl":"https:\/\/learn2touch.com\/wp-content\/uploads\/2020\/09\/Igor-ja-Bella-1.jpg","datePublished":"2020-11-13T12:19:37+00:00","dateModified":"2021-01-17T20:49:17+00:00","description":"K\u00fclluslik \u00f5ppeprogramm sisaldab k\u00f5iki meie videosid ja praktikaid. Siit leiate 1 tunni ja 40 minuti pikkuses harjutusi eluks ajaks.","breadcrumb":{"@id":"https:\/\/learn2touch.com\/et\/toode\/kulluslik-programm\/#breadcrumb"},"inLanguage":"et","potentialAction":[{"@type":"ReadAction","target":["https:\/\/learn2touch.com\/et\/toode\/kulluslik-programm\/"]}]},{"@type":"ImageObject","inLanguage":"et","@id":"https:\/\/learn2touch.com\/et\/toode\/kulluslik-programm\/#primaryimage","url":"https:\/\/learn2touch.com\/wp-content\/uploads\/2020\/09\/Igor-ja-Bella-1.jpg","contentUrl":"https:\/\/learn2touch.com\/wp-content\/uploads\/2020\/09\/Igor-ja-Bella-1.jpg","width":1280,"height":768},{"@type":"BreadcrumbList","@id":"https:\/\/learn2touch.com\/et\/toode\/kulluslik-programm\/#breadcrumb","itemListElement":[{"@type":"ListItem","position":1,"name":"Home","item":"https:\/\/learn2touch.com\/"},{"@type":"ListItem","position":2,"name":"Products","item":"https:\/\/learn2touch.com\/shop\/"},{"@type":"ListItem","position":3,"name":"K\u00fclluslik programm"}]},{"@type":"WebSite","@id":"https:\/\/learn2touch.com\/et\/#website","url":"https:\/\/learn2touch.com\/et\/","name":"LEARN TO TOUCH","description":"Video guide to successful relationships","publisher":{"@id":"https:\/\/learn2touch.com\/et\/#organization"},"potentialAction":[{"@type":"SearchAction","target":{"@type":"EntryPoint","urlTemplate":"https:\/\/learn2touch.com\/et\/?s={search_term_string}"},"query-input":{"@type":"PropertyValueSpecification","valueRequired":true,"valueName":"search_term_string"}}],"inLanguage":"et"},{"@type":"Organization","@id":"https:\/\/learn2touch.com\/et\/#organization","name":"LEARN 2 TOUCH","url":"https:\/\/learn2touch.com\/et\/","logo":{"@type":"ImageObject","inLanguage":"et","@id":"https:\/\/learn2touch.com\/et\/#\/schema\/logo\/image\/","url":"https:\/\/learn2touch.com\/wp-content\/uploads\/2023\/05\/cropped-learn2touch.png","contentUrl":"https:\/\/learn2touch.com\/wp-content\/uploads\/2023\/05\/cropped-learn2touch.png","width":800,"height":169,"caption":"LEARN 2 TOUCH"},"image":{"@id":"https:\/\/learn2touch.com\/et\/#\/schema\/logo\/image\/"},"sameAs":["https:\/\/www.facebook.com\/learn2touch","https:\/\/www.youtube.com\/@Earthchildme"]}]}},"jetpack_sharing_enabled":true,"_links":{"self":[{"href":"https:\/\/learn2touch.com\/et\/wp-json\/wp\/v2\/product\/3087","targetHints":{"allow":["GET"]}}],"collection":[{"href":"https:\/\/learn2touch.com\/et\/wp-json\/wp\/v2\/product"}],"about":[{"href":"https:\/\/learn2touch.com\/et\/wp-json\/wp\/v2\/types\/product"}],"wp:featuredmedia":[{"embeddable":true,"href":"https:\/\/learn2touch.com\/et\/wp-json\/wp\/v2\/media\/2375"}],"wp:attachment":[{"href":"https:\/\/learn2touch.com\/et\/wp-json\/wp\/v2\/media?parent=3087"}],"wp:term":[{"taxonomy":"product_brand","embeddable":true,"href":"https:\/\/learn2touch.com\/et\/wp-json\/wp\/v2\/product_brand?post=3087"},{"taxonomy":"product_cat","embeddable":true,"href":"https:\/\/learn2touch.com\/et\/wp-json\/wp\/v2\/product_cat?post=3087"},{"taxonomy":"product_tag","embeddable":true,"href":"https:\/\/learn2touch.com\/et\/wp-json\/wp\/v2\/product_tag?post=3087"}],"curies":[{"name":"wp","href":"https:\/\/api.w.org\/{rel}","templated":true}]}}