{"id":3516,"date":"2021-02-08T16:50:55","date_gmt":"2021-02-08T16:50:55","guid":{"rendered":"https:\/\/learn2touch.com\/?post_type=product&#038;p=3516"},"modified":"2022-12-09T12:14:35","modified_gmt":"2022-12-09T09:14:35","slug":"retriit","status":"publish","type":"product","link":"https:\/\/learn2touch.com\/et\/toode\/retriit\/","title":{"rendered":"Retriit Paaridele"},"content":{"rendered":"<p>Registreeri end koos paarilisega meie Luksuslikule n\u00e4dalal\u00f5pule tasudes ettemaksu 250\u20ac, mis kindlustab teie koha meie retriidil. T\u00e4psemad juhised saate kirja teel.<\/p>\n<p>Palume registreerimisel teada anda teile sobivaim makseviis.<\/p>\n<p>Kohtumiseni Oandus!<\/p>\n<p>T\u00e4psem info retriidi kohta <a href=\"https:\/\/learn2touch.com\/et\/retriit-paaridele\/\">SIIN<\/a><\/p>\n","protected":false},"excerpt":{"rendered":"<p>Registreeri end koos paarilisega meie Luksuslikule n\u00e4dalal\u00f5pule tasudes ettemaksu 250\u20ac, mis kindlustab teie koha meie retriidil. T\u00e4psemad juhised saate kirja teel. Palume registreerimisel teada anda teile sobivaim makseviis. Kohtumiseni Oandus! T\u00e4psem info retriidi kohta SIIN<\/p>\n","protected":false},"featured_media":8463,"template":"","meta":[],"product_brand":[],"product_cat":[25],"product_tag":[],"class_list":{"0":"post-3516","1":"product","2":"type-product","3":"status-publish","4":"has-post-thumbnail","6":"product_cat-uncategorized","8":"first","9":"instock","10":"virtual","11":"taxable","12":"purchasable","13":"product-type-simple"},"yoast_head":"<!-- This site is optimized with the Yoast SEO plugin v27.2 - https:\/\/yoast.com\/product\/yoast-seo-wordpress\/ -->\n<title>Retriit Paaridele - LEARN TO TOUCH<\/title>\n<meta name=\"description\" content=\"kutsume teid taas Saaremaale, et \u00fcheskoos astuda uus samm l\u00e4heduse poole. Naudime imelist Saaremaa loodust, \u00f5pime puudutust ja massaazi.\" \/>\n<meta name=\"robots\" content=\"index, follow, max-snippet:-1, max-image-preview:large, max-video-preview:-1\" \/>\n<link rel=\"canonical\" href=\"https:\/\/learn2touch.com\/et\/toode\/retriit\/\" \/>\n<meta property=\"og:locale\" content=\"et_EE\" \/>\n<meta property=\"og:type\" content=\"article\" \/>\n<meta property=\"og:title\" content=\"Retriit Paaridele - LEARN TO TOUCH\" \/>\n<meta property=\"og:description\" content=\"kutsume teid taas Saaremaale, et \u00fcheskoos astuda uus samm l\u00e4heduse poole. Naudime imelist Saaremaa loodust, \u00f5pime puudutust ja massaazi.\" \/>\n<meta property=\"og:url\" content=\"https:\/\/learn2touch.com\/et\/toode\/retriit\/\" \/>\n<meta property=\"og:site_name\" content=\"LEARN TO TOUCH\" \/>\n<meta property=\"article:publisher\" content=\"https:\/\/www.facebook.com\/learn2touch\" \/>\n<meta property=\"article:modified_time\" content=\"2022-12-09T09:14:35+00:00\" \/>\n<meta property=\"og:image\" content=\"https:\/\/i0.wp.com\/learn2touch.com\/wp-content\/uploads\/2022\/12\/retriit-paaridele-23-scaled.jpg?fit=2560%2C1440&ssl=1\" \/>\n\t<meta property=\"og:image:width\" content=\"2560\" \/>\n\t<meta property=\"og:image:height\" content=\"1440\" \/>\n\t<meta property=\"og:image:type\" content=\"image\/jpeg\" \/>\n<meta name=\"twitter:card\" content=\"summary_large_image\" \/>\n<script type=\"application\/ld+json\" class=\"yoast-schema-graph\">{\"@context\":\"https:\/\/schema.org\",\"@graph\":[{\"@type\":\"WebPage\",\"@id\":\"https:\/\/learn2touch.com\/et\/toode\/retriit\/\",\"url\":\"https:\/\/learn2touch.com\/et\/toode\/retriit\/\",\"name\":\"Retriit Paaridele - LEARN TO TOUCH\",\"isPartOf\":{\"@id\":\"https:\/\/learn2touch.com\/et\/#website\"},\"primaryImageOfPage\":{\"@id\":\"https:\/\/learn2touch.com\/et\/toode\/retriit\/#primaryimage\"},\"image\":{\"@id\":\"https:\/\/learn2touch.com\/et\/toode\/retriit\/#primaryimage\"},\"thumbnailUrl\":\"https:\/\/learn2touch.com\/wp-content\/uploads\/2022\/12\/retriit-paaridele-23-scaled.jpg\",\"datePublished\":\"2021-02-08T16:50:55+00:00\",\"dateModified\":\"2022-12-09T09:14:35+00:00\",\"description\":\"kutsume teid taas Saaremaale, et \u00fcheskoos astuda uus samm l\u00e4heduse poole. Naudime imelist Saaremaa loodust, \u00f5pime puudutust ja massaazi.\",\"breadcrumb\":{\"@id\":\"https:\/\/learn2touch.com\/et\/toode\/retriit\/#breadcrumb\"},\"inLanguage\":\"et\",\"potentialAction\":[{\"@type\":\"ReadAction\",\"target\":[\"https:\/\/learn2touch.com\/et\/toode\/retriit\/\"]}]},{\"@type\":\"ImageObject\",\"inLanguage\":\"et\",\"@id\":\"https:\/\/learn2touch.com\/et\/toode\/retriit\/#primaryimage\",\"url\":\"https:\/\/learn2touch.com\/wp-content\/uploads\/2022\/12\/retriit-paaridele-23-scaled.jpg\",\"contentUrl\":\"https:\/\/learn2touch.com\/wp-content\/uploads\/2022\/12\/retriit-paaridele-23-scaled.jpg\",\"width\":2560,\"height\":1440},{\"@type\":\"BreadcrumbList\",\"@id\":\"https:\/\/learn2touch.com\/et\/toode\/retriit\/#breadcrumb\",\"itemListElement\":[{\"@type\":\"ListItem\",\"position\":1,\"name\":\"Home\",\"item\":\"https:\/\/learn2touch.com\/\"},{\"@type\":\"ListItem\",\"position\":2,\"name\":\"Products\",\"item\":\"https:\/\/learn2touch.com\/shop\/\"},{\"@type\":\"ListItem\",\"position\":3,\"name\":\"Retriit Paaridele\"}]},{\"@type\":\"WebSite\",\"@id\":\"https:\/\/learn2touch.com\/et\/#website\",\"url\":\"https:\/\/learn2touch.com\/et\/\",\"name\":\"LEARN TO TOUCH\",\"description\":\"Video guide to successful relationships\",\"publisher\":{\"@id\":\"https:\/\/learn2touch.com\/et\/#organization\"},\"potentialAction\":[{\"@type\":\"SearchAction\",\"target\":{\"@type\":\"EntryPoint\",\"urlTemplate\":\"https:\/\/learn2touch.com\/et\/?s={search_term_string}\"},\"query-input\":{\"@type\":\"PropertyValueSpecification\",\"valueRequired\":true,\"valueName\":\"search_term_string\"}}],\"inLanguage\":\"et\"},{\"@type\":\"Organization\",\"@id\":\"https:\/\/learn2touch.com\/et\/#organization\",\"name\":\"LEARN 2 TOUCH\",\"url\":\"https:\/\/learn2touch.com\/et\/\",\"logo\":{\"@type\":\"ImageObject\",\"inLanguage\":\"et\",\"@id\":\"https:\/\/learn2touch.com\/et\/#\/schema\/logo\/image\/\",\"url\":\"https:\/\/learn2touch.com\/wp-content\/uploads\/2023\/05\/cropped-learn2touch.png\",\"contentUrl\":\"https:\/\/learn2touch.com\/wp-content\/uploads\/2023\/05\/cropped-learn2touch.png\",\"width\":800,\"height\":169,\"caption\":\"LEARN 2 TOUCH\"},\"image\":{\"@id\":\"https:\/\/learn2touch.com\/et\/#\/schema\/logo\/image\/\"},\"sameAs\":[\"https:\/\/www.facebook.com\/learn2touch\",\"https:\/\/www.youtube.com\/@Earthchildme\"]}]}<\/script>\n<!-- \/ Yoast SEO plugin. -->","yoast_head_json":{"title":"Retriit Paaridele - LEARN TO TOUCH","description":"kutsume teid taas Saaremaale, et \u00fcheskoos astuda uus samm l\u00e4heduse poole. Naudime imelist Saaremaa loodust, \u00f5pime puudutust ja massaazi.","robots":{"index":"index","follow":"follow","max-snippet":"max-snippet:-1","max-image-preview":"max-image-preview:large","max-video-preview":"max-video-preview:-1"},"canonical":"https:\/\/learn2touch.com\/et\/toode\/retriit\/","og_locale":"et_EE","og_type":"article","og_title":"Retriit Paaridele - LEARN TO TOUCH","og_description":"kutsume teid taas Saaremaale, et \u00fcheskoos astuda uus samm l\u00e4heduse poole. Naudime imelist Saaremaa loodust, \u00f5pime puudutust ja massaazi.","og_url":"https:\/\/learn2touch.com\/et\/toode\/retriit\/","og_site_name":"LEARN TO TOUCH","article_publisher":"https:\/\/www.facebook.com\/learn2touch","article_modified_time":"2022-12-09T09:14:35+00:00","og_image":[{"width":2560,"height":1440,"url":"https:\/\/i0.wp.com\/learn2touch.com\/wp-content\/uploads\/2022\/12\/retriit-paaridele-23-scaled.jpg?fit=2560%2C1440&ssl=1","type":"image\/jpeg"}],"twitter_card":"summary_large_image","schema":{"@context":"https:\/\/schema.org","@graph":[{"@type":"WebPage","@id":"https:\/\/learn2touch.com\/et\/toode\/retriit\/","url":"https:\/\/learn2touch.com\/et\/toode\/retriit\/","name":"Retriit Paaridele - LEARN TO TOUCH","isPartOf":{"@id":"https:\/\/learn2touch.com\/et\/#website"},"primaryImageOfPage":{"@id":"https:\/\/learn2touch.com\/et\/toode\/retriit\/#primaryimage"},"image":{"@id":"https:\/\/learn2touch.com\/et\/toode\/retriit\/#primaryimage"},"thumbnailUrl":"https:\/\/learn2touch.com\/wp-content\/uploads\/2022\/12\/retriit-paaridele-23-scaled.jpg","datePublished":"2021-02-08T16:50:55+00:00","dateModified":"2022-12-09T09:14:35+00:00","description":"kutsume teid taas Saaremaale, et \u00fcheskoos astuda uus samm l\u00e4heduse poole. Naudime imelist Saaremaa loodust, \u00f5pime puudutust ja massaazi.","breadcrumb":{"@id":"https:\/\/learn2touch.com\/et\/toode\/retriit\/#breadcrumb"},"inLanguage":"et","potentialAction":[{"@type":"ReadAction","target":["https:\/\/learn2touch.com\/et\/toode\/retriit\/"]}]},{"@type":"ImageObject","inLanguage":"et","@id":"https:\/\/learn2touch.com\/et\/toode\/retriit\/#primaryimage","url":"https:\/\/learn2touch.com\/wp-content\/uploads\/2022\/12\/retriit-paaridele-23-scaled.jpg","contentUrl":"https:\/\/learn2touch.com\/wp-content\/uploads\/2022\/12\/retriit-paaridele-23-scaled.jpg","width":2560,"height":1440},{"@type":"BreadcrumbList","@id":"https:\/\/learn2touch.com\/et\/toode\/retriit\/#breadcrumb","itemListElement":[{"@type":"ListItem","position":1,"name":"Home","item":"https:\/\/learn2touch.com\/"},{"@type":"ListItem","position":2,"name":"Products","item":"https:\/\/learn2touch.com\/shop\/"},{"@type":"ListItem","position":3,"name":"Retriit Paaridele"}]},{"@type":"WebSite","@id":"https:\/\/learn2touch.com\/et\/#website","url":"https:\/\/learn2touch.com\/et\/","name":"LEARN TO TOUCH","description":"Video guide to successful relationships","publisher":{"@id":"https:\/\/learn2touch.com\/et\/#organization"},"potentialAction":[{"@type":"SearchAction","target":{"@type":"EntryPoint","urlTemplate":"https:\/\/learn2touch.com\/et\/?s={search_term_string}"},"query-input":{"@type":"PropertyValueSpecification","valueRequired":true,"valueName":"search_term_string"}}],"inLanguage":"et"},{"@type":"Organization","@id":"https:\/\/learn2touch.com\/et\/#organization","name":"LEARN 2 TOUCH","url":"https:\/\/learn2touch.com\/et\/","logo":{"@type":"ImageObject","inLanguage":"et","@id":"https:\/\/learn2touch.com\/et\/#\/schema\/logo\/image\/","url":"https:\/\/learn2touch.com\/wp-content\/uploads\/2023\/05\/cropped-learn2touch.png","contentUrl":"https:\/\/learn2touch.com\/wp-content\/uploads\/2023\/05\/cropped-learn2touch.png","width":800,"height":169,"caption":"LEARN 2 TOUCH"},"image":{"@id":"https:\/\/learn2touch.com\/et\/#\/schema\/logo\/image\/"},"sameAs":["https:\/\/www.facebook.com\/learn2touch","https:\/\/www.youtube.com\/@Earthchildme"]}]}},"jetpack_sharing_enabled":true,"_links":{"self":[{"href":"https:\/\/learn2touch.com\/et\/wp-json\/wp\/v2\/product\/3516","targetHints":{"allow":["GET"]}}],"collection":[{"href":"https:\/\/learn2touch.com\/et\/wp-json\/wp\/v2\/product"}],"about":[{"href":"https:\/\/learn2touch.com\/et\/wp-json\/wp\/v2\/types\/product"}],"wp:featuredmedia":[{"embeddable":true,"href":"https:\/\/learn2touch.com\/et\/wp-json\/wp\/v2\/media\/8463"}],"wp:attachment":[{"href":"https:\/\/learn2touch.com\/et\/wp-json\/wp\/v2\/media?parent=3516"}],"wp:term":[{"taxonomy":"product_brand","embeddable":true,"href":"https:\/\/learn2touch.com\/et\/wp-json\/wp\/v2\/product_brand?post=3516"},{"taxonomy":"product_cat","embeddable":true,"href":"https:\/\/learn2touch.com\/et\/wp-json\/wp\/v2\/product_cat?post=3516"},{"taxonomy":"product_tag","embeddable":true,"href":"https:\/\/learn2touch.com\/et\/wp-json\/wp\/v2\/product_tag?post=3516"}],"curies":[{"name":"wp","href":"https:\/\/api.w.org\/{rel}","templated":true}]}}