{"id":5112,"date":"2021-09-27T17:22:54","date_gmt":"2021-09-27T17:22:54","guid":{"rendered":"https:\/\/learn2touch.com\/?post_type=product&#038;p=5112"},"modified":"2022-03-17T17:16:54","modified_gmt":"2022-03-17T17:16:54","slug":"maroko","status":"publish","type":"product","link":"https:\/\/learn2touch.com\/et\/toode\/maroko\/","title":{"rendered":"Maroko retriidi ettemaks"},"content":{"rendered":"<div dir=\"auto\">\n<p class=\"p1\"><span class=\"s1\">See on ainulaadne v\u00f5imalus nautida Aafrika luksust ja kindlasti meie ainuke retriit Marokos sel aastal. Kui soovid kogeda eksootikat ja samas \u00f5ppida enda ja oma kallima kohta midagi uut ning viia oma armuelu uuele tasemele, siis see v\u00f5ib olla just see retriit, mis aitab muuta su elu ja kogeda midagi erakordset. <\/span><\/p>\n<p class=\"p1\"><span class=\"s1\">Retriit on m\u00f5eldud eelk\u00f5ige paaridele, kuid samuti on v\u00f5imalik osaleda \u00fcksinda. Sel puhul leiame teile sobivaima paarilise retriidiks, kellega neid praktikaid kogeda. <\/span><\/p>\n<p class=\"p1\"><span class=\"s1\">AEG:<\/span><\/p>\n<p class=\"p1\"><span class=\"s1\">2.-6. juuni 2022<\/span><\/p>\n<p class=\"p1\"><span class=\"s1\">RETRIIDI ASUKOHT:<\/span><\/p>\n<p class=\"p1\"><span class=\"s1\">Maroko, Marrakesh. Villa Janna, 30 min autos\u00f5idu kaugusel Marrakeshist. Hinna sisse kuulub transfeer Marrakeshi lennujaamast ning peale retriiti tagasi lennujaama. <\/span><\/p>\n<p class=\"p1\"><span class=\"s1\">TOIT:<\/span><\/p>\n<p class=\"p1\"><span class=\"s1\">Taimne- v\u00f5i t\u00e4istaimne buffee 3 korda p\u00e4evas. <\/span><\/p>\n<p class=\"p1\"><span class=\"s1\">HIND:<\/span><\/p>\n<p class=\"p1\"><span class=\"s1\">1795\u20ac \/ hind paarile ( sisaldab 2 inimest )<\/span><\/p>\n<p class=\"p1\"><span class=\"s1\"> 975\u20ac \/ hind \u00fchele<\/span><\/p>\n<p class=\"p1\"><span class=\"s1\">Hind sisaldab transfeere lennujaamast ja tagasi, majutust kahestes tubades, toitlustust 3 korda p\u00e4evas, turismimakse.<\/span><\/p>\n<p class=\"p1\"><span class=\"s1\">Lisateenusena on v\u00f5imalik tellida massaa\u017ei ja peale retriiti osta p\u00e4evaretk m\u00e4gedesse.<\/span><\/p>\n<p><a href=\"https:\/\/learn2touch.com\/et\/maroko\/\">Uuri l\u00e4hemalt retriidi kohta siin.<\/a><\/p>\n<p class=\"p1\"><span class=\"s1\">REGISTREERI:<\/span><\/p>\n<p class=\"p1\"><span class=\"s1\">50% retriidi maksumusest palume maksta alloleva lingi kaudu. <\/span><\/p>\n<p class=\"p1\"><span class=\"s1\">Teine osa maksust palume maksta kohapeal sularahas.<\/span><\/p>\n<\/div>\n<div dir=\"auto\"><\/div>\n","protected":false},"excerpt":{"rendered":"<p>See on ainulaadne v\u00f5imalus nautida Aafrika luksust ja kindlasti meie ainuke retriit Marokos sel aastal. Kui soovid kogeda eksootikat ja samas \u00f5ppida enda ja oma kallima kohta midagi uut ning viia oma armuelu uuele tasemele, siis see v\u00f5ib olla just see retriit, mis aitab muuta su elu ja kogeda midagi erakordset. Retriit on m\u00f5eldud eelk\u00f5ige [&hellip;]<\/p>\n","protected":false},"featured_media":7490,"template":"","meta":[],"product_brand":[],"product_cat":[25],"product_tag":[146,157,43,156,145],"class_list":{"0":"post-5112","1":"product","2":"type-product","3":"status-publish","4":"has-post-thumbnail","6":"product_cat-uncategorized","7":"product_tag-event","8":"product_tag-maroko","9":"product_tag-paaridele","10":"product_tag-retriit","11":"product_tag-sundmus","13":"first","14":"instock","15":"taxable","16":"shipping-taxable","17":"purchasable","18":"product-type-simple"},"yoast_head":"<!-- This site is optimized with the Yoast SEO plugin v27.2 - https:\/\/yoast.com\/product\/yoast-seo-wordpress\/ -->\n<title>Maroko retriidi ettemaks - LEARN TO TOUCH<\/title>\n<meta name=\"description\" content=\"Teid ootab visuaalne kunstiline lavastus, maitsemeeli paitav ja \u00fcllatusi pakkuv taimne \u00f5htus\u00f6\u00f6k ning m\u00e4nguline hilis\u00f5htune programm.\" \/>\n<meta name=\"robots\" content=\"index, follow, max-snippet:-1, max-image-preview:large, max-video-preview:-1\" \/>\n<link rel=\"canonical\" href=\"https:\/\/learn2touch.com\/et\/toode\/maroko\/\" \/>\n<meta property=\"og:locale\" content=\"et_EE\" \/>\n<meta property=\"og:type\" content=\"article\" \/>\n<meta property=\"og:title\" content=\"Maroko retriidi ettemaks - LEARN TO TOUCH\" \/>\n<meta property=\"og:description\" content=\"Teid ootab visuaalne kunstiline lavastus, maitsemeeli paitav ja \u00fcllatusi pakkuv taimne \u00f5htus\u00f6\u00f6k ning m\u00e4nguline hilis\u00f5htune programm.\" \/>\n<meta property=\"og:url\" content=\"https:\/\/learn2touch.com\/et\/toode\/maroko\/\" \/>\n<meta property=\"og:site_name\" content=\"LEARN TO TOUCH\" \/>\n<meta property=\"article:publisher\" content=\"https:\/\/www.facebook.com\/learn2touch\" \/>\n<meta property=\"article:modified_time\" content=\"2022-03-17T17:16:54+00:00\" \/>\n<meta property=\"og:image\" content=\"https:\/\/i0.wp.com\/learn2touch.com\/wp-content\/uploads\/2021\/09\/maroko-retriit-scaled.jpg?fit=2560%2C1340&ssl=1\" \/>\n\t<meta property=\"og:image:width\" content=\"2560\" \/>\n\t<meta property=\"og:image:height\" content=\"1340\" \/>\n\t<meta property=\"og:image:type\" content=\"image\/jpeg\" \/>\n<meta name=\"twitter:card\" content=\"summary_large_image\" \/>\n<script type=\"application\/ld+json\" class=\"yoast-schema-graph\">{\"@context\":\"https:\/\/schema.org\",\"@graph\":[{\"@type\":\"WebPage\",\"@id\":\"https:\/\/learn2touch.com\/et\/toode\/maroko\/\",\"url\":\"https:\/\/learn2touch.com\/et\/toode\/maroko\/\",\"name\":\"Maroko retriidi ettemaks - LEARN TO TOUCH\",\"isPartOf\":{\"@id\":\"https:\/\/learn2touch.com\/et\/#website\"},\"primaryImageOfPage\":{\"@id\":\"https:\/\/learn2touch.com\/et\/toode\/maroko\/#primaryimage\"},\"image\":{\"@id\":\"https:\/\/learn2touch.com\/et\/toode\/maroko\/#primaryimage\"},\"thumbnailUrl\":\"https:\/\/learn2touch.com\/wp-content\/uploads\/2021\/09\/maroko-retriit-scaled.jpg\",\"datePublished\":\"2021-09-27T17:22:54+00:00\",\"dateModified\":\"2022-03-17T17:16:54+00:00\",\"description\":\"Teid ootab visuaalne kunstiline lavastus, maitsemeeli paitav ja \u00fcllatusi pakkuv taimne \u00f5htus\u00f6\u00f6k ning m\u00e4nguline hilis\u00f5htune programm.\",\"breadcrumb\":{\"@id\":\"https:\/\/learn2touch.com\/et\/toode\/maroko\/#breadcrumb\"},\"inLanguage\":\"et\",\"potentialAction\":[{\"@type\":\"ReadAction\",\"target\":[\"https:\/\/learn2touch.com\/et\/toode\/maroko\/\"]}]},{\"@type\":\"ImageObject\",\"inLanguage\":\"et\",\"@id\":\"https:\/\/learn2touch.com\/et\/toode\/maroko\/#primaryimage\",\"url\":\"https:\/\/learn2touch.com\/wp-content\/uploads\/2021\/09\/maroko-retriit-scaled.jpg\",\"contentUrl\":\"https:\/\/learn2touch.com\/wp-content\/uploads\/2021\/09\/maroko-retriit-scaled.jpg\",\"width\":2560,\"height\":1340},{\"@type\":\"BreadcrumbList\",\"@id\":\"https:\/\/learn2touch.com\/et\/toode\/maroko\/#breadcrumb\",\"itemListElement\":[{\"@type\":\"ListItem\",\"position\":1,\"name\":\"Home\",\"item\":\"https:\/\/learn2touch.com\/\"},{\"@type\":\"ListItem\",\"position\":2,\"name\":\"Products\",\"item\":\"https:\/\/learn2touch.com\/shop\/\"},{\"@type\":\"ListItem\",\"position\":3,\"name\":\"Maroko retriidi ettemaks\"}]},{\"@type\":\"WebSite\",\"@id\":\"https:\/\/learn2touch.com\/et\/#website\",\"url\":\"https:\/\/learn2touch.com\/et\/\",\"name\":\"LEARN TO TOUCH\",\"description\":\"Video guide to successful relationships\",\"publisher\":{\"@id\":\"https:\/\/learn2touch.com\/et\/#organization\"},\"potentialAction\":[{\"@type\":\"SearchAction\",\"target\":{\"@type\":\"EntryPoint\",\"urlTemplate\":\"https:\/\/learn2touch.com\/et\/?s={search_term_string}\"},\"query-input\":{\"@type\":\"PropertyValueSpecification\",\"valueRequired\":true,\"valueName\":\"search_term_string\"}}],\"inLanguage\":\"et\"},{\"@type\":\"Organization\",\"@id\":\"https:\/\/learn2touch.com\/et\/#organization\",\"name\":\"LEARN 2 TOUCH\",\"url\":\"https:\/\/learn2touch.com\/et\/\",\"logo\":{\"@type\":\"ImageObject\",\"inLanguage\":\"et\",\"@id\":\"https:\/\/learn2touch.com\/et\/#\/schema\/logo\/image\/\",\"url\":\"https:\/\/learn2touch.com\/wp-content\/uploads\/2023\/05\/cropped-learn2touch.png\",\"contentUrl\":\"https:\/\/learn2touch.com\/wp-content\/uploads\/2023\/05\/cropped-learn2touch.png\",\"width\":800,\"height\":169,\"caption\":\"LEARN 2 TOUCH\"},\"image\":{\"@id\":\"https:\/\/learn2touch.com\/et\/#\/schema\/logo\/image\/\"},\"sameAs\":[\"https:\/\/www.facebook.com\/learn2touch\",\"https:\/\/www.youtube.com\/@Earthchildme\"]}]}<\/script>\n<!-- \/ Yoast SEO plugin. -->","yoast_head_json":{"title":"Maroko retriidi ettemaks - LEARN TO TOUCH","description":"Teid ootab visuaalne kunstiline lavastus, maitsemeeli paitav ja \u00fcllatusi pakkuv taimne \u00f5htus\u00f6\u00f6k ning m\u00e4nguline hilis\u00f5htune programm.","robots":{"index":"index","follow":"follow","max-snippet":"max-snippet:-1","max-image-preview":"max-image-preview:large","max-video-preview":"max-video-preview:-1"},"canonical":"https:\/\/learn2touch.com\/et\/toode\/maroko\/","og_locale":"et_EE","og_type":"article","og_title":"Maroko retriidi ettemaks - LEARN TO TOUCH","og_description":"Teid ootab visuaalne kunstiline lavastus, maitsemeeli paitav ja \u00fcllatusi pakkuv taimne \u00f5htus\u00f6\u00f6k ning m\u00e4nguline hilis\u00f5htune programm.","og_url":"https:\/\/learn2touch.com\/et\/toode\/maroko\/","og_site_name":"LEARN TO TOUCH","article_publisher":"https:\/\/www.facebook.com\/learn2touch","article_modified_time":"2022-03-17T17:16:54+00:00","og_image":[{"width":2560,"height":1340,"url":"https:\/\/i0.wp.com\/learn2touch.com\/wp-content\/uploads\/2021\/09\/maroko-retriit-scaled.jpg?fit=2560%2C1340&ssl=1","type":"image\/jpeg"}],"twitter_card":"summary_large_image","schema":{"@context":"https:\/\/schema.org","@graph":[{"@type":"WebPage","@id":"https:\/\/learn2touch.com\/et\/toode\/maroko\/","url":"https:\/\/learn2touch.com\/et\/toode\/maroko\/","name":"Maroko retriidi ettemaks - LEARN TO TOUCH","isPartOf":{"@id":"https:\/\/learn2touch.com\/et\/#website"},"primaryImageOfPage":{"@id":"https:\/\/learn2touch.com\/et\/toode\/maroko\/#primaryimage"},"image":{"@id":"https:\/\/learn2touch.com\/et\/toode\/maroko\/#primaryimage"},"thumbnailUrl":"https:\/\/learn2touch.com\/wp-content\/uploads\/2021\/09\/maroko-retriit-scaled.jpg","datePublished":"2021-09-27T17:22:54+00:00","dateModified":"2022-03-17T17:16:54+00:00","description":"Teid ootab visuaalne kunstiline lavastus, maitsemeeli paitav ja \u00fcllatusi pakkuv taimne \u00f5htus\u00f6\u00f6k ning m\u00e4nguline hilis\u00f5htune programm.","breadcrumb":{"@id":"https:\/\/learn2touch.com\/et\/toode\/maroko\/#breadcrumb"},"inLanguage":"et","potentialAction":[{"@type":"ReadAction","target":["https:\/\/learn2touch.com\/et\/toode\/maroko\/"]}]},{"@type":"ImageObject","inLanguage":"et","@id":"https:\/\/learn2touch.com\/et\/toode\/maroko\/#primaryimage","url":"https:\/\/learn2touch.com\/wp-content\/uploads\/2021\/09\/maroko-retriit-scaled.jpg","contentUrl":"https:\/\/learn2touch.com\/wp-content\/uploads\/2021\/09\/maroko-retriit-scaled.jpg","width":2560,"height":1340},{"@type":"BreadcrumbList","@id":"https:\/\/learn2touch.com\/et\/toode\/maroko\/#breadcrumb","itemListElement":[{"@type":"ListItem","position":1,"name":"Home","item":"https:\/\/learn2touch.com\/"},{"@type":"ListItem","position":2,"name":"Products","item":"https:\/\/learn2touch.com\/shop\/"},{"@type":"ListItem","position":3,"name":"Maroko retriidi ettemaks"}]},{"@type":"WebSite","@id":"https:\/\/learn2touch.com\/et\/#website","url":"https:\/\/learn2touch.com\/et\/","name":"LEARN TO TOUCH","description":"Video guide to successful relationships","publisher":{"@id":"https:\/\/learn2touch.com\/et\/#organization"},"potentialAction":[{"@type":"SearchAction","target":{"@type":"EntryPoint","urlTemplate":"https:\/\/learn2touch.com\/et\/?s={search_term_string}"},"query-input":{"@type":"PropertyValueSpecification","valueRequired":true,"valueName":"search_term_string"}}],"inLanguage":"et"},{"@type":"Organization","@id":"https:\/\/learn2touch.com\/et\/#organization","name":"LEARN 2 TOUCH","url":"https:\/\/learn2touch.com\/et\/","logo":{"@type":"ImageObject","inLanguage":"et","@id":"https:\/\/learn2touch.com\/et\/#\/schema\/logo\/image\/","url":"https:\/\/learn2touch.com\/wp-content\/uploads\/2023\/05\/cropped-learn2touch.png","contentUrl":"https:\/\/learn2touch.com\/wp-content\/uploads\/2023\/05\/cropped-learn2touch.png","width":800,"height":169,"caption":"LEARN 2 TOUCH"},"image":{"@id":"https:\/\/learn2touch.com\/et\/#\/schema\/logo\/image\/"},"sameAs":["https:\/\/www.facebook.com\/learn2touch","https:\/\/www.youtube.com\/@Earthchildme"]}]}},"jetpack_sharing_enabled":true,"_links":{"self":[{"href":"https:\/\/learn2touch.com\/et\/wp-json\/wp\/v2\/product\/5112","targetHints":{"allow":["GET"]}}],"collection":[{"href":"https:\/\/learn2touch.com\/et\/wp-json\/wp\/v2\/product"}],"about":[{"href":"https:\/\/learn2touch.com\/et\/wp-json\/wp\/v2\/types\/product"}],"wp:featuredmedia":[{"embeddable":true,"href":"https:\/\/learn2touch.com\/et\/wp-json\/wp\/v2\/media\/7490"}],"wp:attachment":[{"href":"https:\/\/learn2touch.com\/et\/wp-json\/wp\/v2\/media?parent=5112"}],"wp:term":[{"taxonomy":"product_brand","embeddable":true,"href":"https:\/\/learn2touch.com\/et\/wp-json\/wp\/v2\/product_brand?post=5112"},{"taxonomy":"product_cat","embeddable":true,"href":"https:\/\/learn2touch.com\/et\/wp-json\/wp\/v2\/product_cat?post=5112"},{"taxonomy":"product_tag","embeddable":true,"href":"https:\/\/learn2touch.com\/et\/wp-json\/wp\/v2\/product_tag?post=5112"}],"curies":[{"name":"wp","href":"https:\/\/api.w.org\/{rel}","templated":true}]}}