{"id":9429,"date":"2023-03-18T00:50:18","date_gmt":"2023-03-17T21:50:18","guid":{"rendered":"https:\/\/learn2touch.com\/?post_type=product&#038;p=9429"},"modified":"2024-06-08T14:42:43","modified_gmt":"2024-06-08T11:42:43","slug":"sugav-suhe-online","status":"publish","type":"product","link":"https:\/\/learn2touch.com\/et\/toode\/sugav-suhe-online\/","title":{"rendered":"S\u00fcgav Suhe ONLINE"},"content":{"rendered":"<p>Loengute ja massaa\u017eide sari paaridele koduseks hajutamiseks.<\/p>\n<p>Koolitus sisaldab:<\/p>\n<p>5 loengut &#8211; v\u00e4\u00e4rtuses 55\u20ac<\/p>\n<p>5 paarisharjutust &#8211; koguv\u00e4\u00e4rtuses 50\u20ac<\/p>\n<p>3 tantra massaa\u017ei &#8211; koguv\u00e4\u00e4rtus 135\u20ac<\/p>\n<p>&nbsp;<\/p>\n<p>Uurime suhte d\u00fcnaamikat l\u00e4bi erinevate praktikate eheda v\u00e4ljenduse kaudu, avastame oma paarisuhtes s\u00fcgavaid potensiaale, mida te teineteises suudate aktiveerida l\u00e4bi puhta armastuse ruumi.\u00a0\u00d5pime teadlikku puudutust ning v\u00e4ljendame seda, mida me p\u00e4riselt vajame ning igatseme.\u00a0Samuti \u00f5pime \u00e4ra kolm uut massaa\u017eitehnikat, mida saate oma armasamaga praktiseerida endale sobival ajal.<\/p>\n\n","protected":false},"excerpt":{"rendered":"<p>Loengute ja massaa\u017eide sari paaridele koduseks hajutamiseks. Koolitus sisaldab: 5 loengut &#8211; v\u00e4\u00e4rtuses 55\u20ac 5 paarisharjutust &#8211; koguv\u00e4\u00e4rtuses 50\u20ac 3 tantra massaa\u017ei &#8211; koguv\u00e4\u00e4rtus 135\u20ac &nbsp; Uurime suhte d\u00fcnaamikat l\u00e4bi erinevate praktikate eheda v\u00e4ljenduse kaudu, avastame oma paarisuhtes s\u00fcgavaid potensiaale, mida te teineteises suudate aktiveerida l\u00e4bi puhta armastuse ruumi.\u00a0\u00d5pime teadlikku puudutust ning v\u00e4ljendame seda, mida [&hellip;]<\/p>\n","protected":false},"featured_media":8981,"template":"","meta":[],"product_brand":[],"product_cat":[205],"product_tag":[190,45,43,44],"class_list":{"0":"post-9429","1":"product","2":"type-product","3":"status-publish","4":"has-post-thumbnail","6":"product_cat-course","7":"product_tag-massaaz","8":"product_tag-online-treening","9":"product_tag-paaridele","10":"product_tag-paaripraktika","12":"first","13":"instock","14":"taxable","15":"shipping-taxable","16":"purchasable","17":"product-type-simple"},"yoast_head":"<!-- This site is optimized with the Yoast SEO plugin v27.2 - https:\/\/yoast.com\/product\/yoast-seo-wordpress\/ -->\n<title>S\u00fcgav Suhe ONLINE - LEARN TO TOUCH<\/title>\n<meta name=\"robots\" content=\"index, follow, max-snippet:-1, max-image-preview:large, max-video-preview:-1\" \/>\n<link rel=\"canonical\" href=\"https:\/\/learn2touch.com\/et\/toode\/sugav-suhe-online\/\" \/>\n<meta property=\"og:locale\" content=\"et_EE\" \/>\n<meta property=\"og:type\" content=\"article\" \/>\n<meta property=\"og:title\" content=\"S\u00fcgav Suhe ONLINE - LEARN TO TOUCH\" \/>\n<meta property=\"og:description\" content=\"Loengute ja massaa\u017eide sari paaridele koduseks hajutamiseks. Koolitus sisaldab: 5 loengut &#8211; v\u00e4\u00e4rtuses 55\u20ac 5 paarisharjutust &#8211; koguv\u00e4\u00e4rtuses 50\u20ac 3 tantra massaa\u017ei &#8211; koguv\u00e4\u00e4rtus 135\u20ac &nbsp; Uurime suhte d\u00fcnaamikat l\u00e4bi erinevate praktikate eheda v\u00e4ljenduse kaudu, avastame oma paarisuhtes s\u00fcgavaid potensiaale, mida te teineteises suudate aktiveerida l\u00e4bi puhta armastuse ruumi.\u00a0\u00d5pime teadlikku puudutust ning v\u00e4ljendame seda, mida [&hellip;]\" \/>\n<meta property=\"og:url\" content=\"https:\/\/learn2touch.com\/et\/toode\/sugav-suhe-online\/\" \/>\n<meta property=\"og:site_name\" content=\"LEARN TO TOUCH\" \/>\n<meta property=\"article:publisher\" content=\"https:\/\/www.facebook.com\/learn2touch\" \/>\n<meta property=\"article:modified_time\" content=\"2024-06-08T11:42:43+00:00\" \/>\n<meta property=\"og:image\" content=\"https:\/\/learn2touch.com\/wp-content\/uploads\/2023\/01\/sygav-suhe-web.jpg\" \/>\n\t<meta property=\"og:image:width\" content=\"2000\" \/>\n\t<meta property=\"og:image:height\" content=\"1414\" \/>\n\t<meta property=\"og:image:type\" content=\"image\/jpeg\" \/>\n<meta name=\"twitter:card\" content=\"summary_large_image\" \/>\n<script type=\"application\/ld+json\" class=\"yoast-schema-graph\">{\"@context\":\"https:\/\/schema.org\",\"@graph\":[{\"@type\":\"WebPage\",\"@id\":\"https:\/\/learn2touch.com\/et\/toode\/sugav-suhe-online\/\",\"url\":\"https:\/\/learn2touch.com\/et\/toode\/sugav-suhe-online\/\",\"name\":\"S\u00fcgav Suhe ONLINE - LEARN TO TOUCH\",\"isPartOf\":{\"@id\":\"https:\/\/learn2touch.com\/et\/#website\"},\"primaryImageOfPage\":{\"@id\":\"https:\/\/learn2touch.com\/et\/toode\/sugav-suhe-online\/#primaryimage\"},\"image\":{\"@id\":\"https:\/\/learn2touch.com\/et\/toode\/sugav-suhe-online\/#primaryimage\"},\"thumbnailUrl\":\"https:\/\/learn2touch.com\/wp-content\/uploads\/2023\/01\/sygav-suhe-web.jpg\",\"datePublished\":\"2023-03-17T21:50:18+00:00\",\"dateModified\":\"2024-06-08T11:42:43+00:00\",\"breadcrumb\":{\"@id\":\"https:\/\/learn2touch.com\/et\/toode\/sugav-suhe-online\/#breadcrumb\"},\"inLanguage\":\"et\",\"potentialAction\":[{\"@type\":\"ReadAction\",\"target\":[\"https:\/\/learn2touch.com\/et\/toode\/sugav-suhe-online\/\"]}]},{\"@type\":\"ImageObject\",\"inLanguage\":\"et\",\"@id\":\"https:\/\/learn2touch.com\/et\/toode\/sugav-suhe-online\/#primaryimage\",\"url\":\"https:\/\/learn2touch.com\/wp-content\/uploads\/2023\/01\/sygav-suhe-web.jpg\",\"contentUrl\":\"https:\/\/learn2touch.com\/wp-content\/uploads\/2023\/01\/sygav-suhe-web.jpg\",\"width\":2000,\"height\":1414},{\"@type\":\"BreadcrumbList\",\"@id\":\"https:\/\/learn2touch.com\/et\/toode\/sugav-suhe-online\/#breadcrumb\",\"itemListElement\":[{\"@type\":\"ListItem\",\"position\":1,\"name\":\"Home\",\"item\":\"https:\/\/learn2touch.com\/\"},{\"@type\":\"ListItem\",\"position\":2,\"name\":\"Products\",\"item\":\"https:\/\/learn2touch.com\/shop\/\"},{\"@type\":\"ListItem\",\"position\":3,\"name\":\"S\u00fcgav Suhe ONLINE\"}]},{\"@type\":\"WebSite\",\"@id\":\"https:\/\/learn2touch.com\/et\/#website\",\"url\":\"https:\/\/learn2touch.com\/et\/\",\"name\":\"LEARN TO TOUCH\",\"description\":\"Video guide to successful relationships\",\"publisher\":{\"@id\":\"https:\/\/learn2touch.com\/et\/#organization\"},\"potentialAction\":[{\"@type\":\"SearchAction\",\"target\":{\"@type\":\"EntryPoint\",\"urlTemplate\":\"https:\/\/learn2touch.com\/et\/?s={search_term_string}\"},\"query-input\":{\"@type\":\"PropertyValueSpecification\",\"valueRequired\":true,\"valueName\":\"search_term_string\"}}],\"inLanguage\":\"et\"},{\"@type\":\"Organization\",\"@id\":\"https:\/\/learn2touch.com\/et\/#organization\",\"name\":\"LEARN 2 TOUCH\",\"url\":\"https:\/\/learn2touch.com\/et\/\",\"logo\":{\"@type\":\"ImageObject\",\"inLanguage\":\"et\",\"@id\":\"https:\/\/learn2touch.com\/et\/#\/schema\/logo\/image\/\",\"url\":\"https:\/\/learn2touch.com\/wp-content\/uploads\/2023\/05\/cropped-learn2touch.png\",\"contentUrl\":\"https:\/\/learn2touch.com\/wp-content\/uploads\/2023\/05\/cropped-learn2touch.png\",\"width\":800,\"height\":169,\"caption\":\"LEARN 2 TOUCH\"},\"image\":{\"@id\":\"https:\/\/learn2touch.com\/et\/#\/schema\/logo\/image\/\"},\"sameAs\":[\"https:\/\/www.facebook.com\/learn2touch\",\"https:\/\/www.youtube.com\/@Earthchildme\"]}]}<\/script>\n<!-- \/ Yoast SEO plugin. -->","yoast_head_json":{"title":"S\u00fcgav Suhe ONLINE - LEARN TO TOUCH","robots":{"index":"index","follow":"follow","max-snippet":"max-snippet:-1","max-image-preview":"max-image-preview:large","max-video-preview":"max-video-preview:-1"},"canonical":"https:\/\/learn2touch.com\/et\/toode\/sugav-suhe-online\/","og_locale":"et_EE","og_type":"article","og_title":"S\u00fcgav Suhe ONLINE - LEARN TO TOUCH","og_description":"Loengute ja massaa\u017eide sari paaridele koduseks hajutamiseks. Koolitus sisaldab: 5 loengut &#8211; v\u00e4\u00e4rtuses 55\u20ac 5 paarisharjutust &#8211; koguv\u00e4\u00e4rtuses 50\u20ac 3 tantra massaa\u017ei &#8211; koguv\u00e4\u00e4rtus 135\u20ac &nbsp; Uurime suhte d\u00fcnaamikat l\u00e4bi erinevate praktikate eheda v\u00e4ljenduse kaudu, avastame oma paarisuhtes s\u00fcgavaid potensiaale, mida te teineteises suudate aktiveerida l\u00e4bi puhta armastuse ruumi.\u00a0\u00d5pime teadlikku puudutust ning v\u00e4ljendame seda, mida [&hellip;]","og_url":"https:\/\/learn2touch.com\/et\/toode\/sugav-suhe-online\/","og_site_name":"LEARN TO TOUCH","article_publisher":"https:\/\/www.facebook.com\/learn2touch","article_modified_time":"2024-06-08T11:42:43+00:00","og_image":[{"width":2000,"height":1414,"url":"https:\/\/learn2touch.com\/wp-content\/uploads\/2023\/01\/sygav-suhe-web.jpg","type":"image\/jpeg"}],"twitter_card":"summary_large_image","schema":{"@context":"https:\/\/schema.org","@graph":[{"@type":"WebPage","@id":"https:\/\/learn2touch.com\/et\/toode\/sugav-suhe-online\/","url":"https:\/\/learn2touch.com\/et\/toode\/sugav-suhe-online\/","name":"S\u00fcgav Suhe ONLINE - LEARN TO TOUCH","isPartOf":{"@id":"https:\/\/learn2touch.com\/et\/#website"},"primaryImageOfPage":{"@id":"https:\/\/learn2touch.com\/et\/toode\/sugav-suhe-online\/#primaryimage"},"image":{"@id":"https:\/\/learn2touch.com\/et\/toode\/sugav-suhe-online\/#primaryimage"},"thumbnailUrl":"https:\/\/learn2touch.com\/wp-content\/uploads\/2023\/01\/sygav-suhe-web.jpg","datePublished":"2023-03-17T21:50:18+00:00","dateModified":"2024-06-08T11:42:43+00:00","breadcrumb":{"@id":"https:\/\/learn2touch.com\/et\/toode\/sugav-suhe-online\/#breadcrumb"},"inLanguage":"et","potentialAction":[{"@type":"ReadAction","target":["https:\/\/learn2touch.com\/et\/toode\/sugav-suhe-online\/"]}]},{"@type":"ImageObject","inLanguage":"et","@id":"https:\/\/learn2touch.com\/et\/toode\/sugav-suhe-online\/#primaryimage","url":"https:\/\/learn2touch.com\/wp-content\/uploads\/2023\/01\/sygav-suhe-web.jpg","contentUrl":"https:\/\/learn2touch.com\/wp-content\/uploads\/2023\/01\/sygav-suhe-web.jpg","width":2000,"height":1414},{"@type":"BreadcrumbList","@id":"https:\/\/learn2touch.com\/et\/toode\/sugav-suhe-online\/#breadcrumb","itemListElement":[{"@type":"ListItem","position":1,"name":"Home","item":"https:\/\/learn2touch.com\/"},{"@type":"ListItem","position":2,"name":"Products","item":"https:\/\/learn2touch.com\/shop\/"},{"@type":"ListItem","position":3,"name":"S\u00fcgav Suhe ONLINE"}]},{"@type":"WebSite","@id":"https:\/\/learn2touch.com\/et\/#website","url":"https:\/\/learn2touch.com\/et\/","name":"LEARN TO TOUCH","description":"Video guide to successful relationships","publisher":{"@id":"https:\/\/learn2touch.com\/et\/#organization"},"potentialAction":[{"@type":"SearchAction","target":{"@type":"EntryPoint","urlTemplate":"https:\/\/learn2touch.com\/et\/?s={search_term_string}"},"query-input":{"@type":"PropertyValueSpecification","valueRequired":true,"valueName":"search_term_string"}}],"inLanguage":"et"},{"@type":"Organization","@id":"https:\/\/learn2touch.com\/et\/#organization","name":"LEARN 2 TOUCH","url":"https:\/\/learn2touch.com\/et\/","logo":{"@type":"ImageObject","inLanguage":"et","@id":"https:\/\/learn2touch.com\/et\/#\/schema\/logo\/image\/","url":"https:\/\/learn2touch.com\/wp-content\/uploads\/2023\/05\/cropped-learn2touch.png","contentUrl":"https:\/\/learn2touch.com\/wp-content\/uploads\/2023\/05\/cropped-learn2touch.png","width":800,"height":169,"caption":"LEARN 2 TOUCH"},"image":{"@id":"https:\/\/learn2touch.com\/et\/#\/schema\/logo\/image\/"},"sameAs":["https:\/\/www.facebook.com\/learn2touch","https:\/\/www.youtube.com\/@Earthchildme"]}]}},"jetpack_sharing_enabled":true,"_links":{"self":[{"href":"https:\/\/learn2touch.com\/et\/wp-json\/wp\/v2\/product\/9429","targetHints":{"allow":["GET"]}}],"collection":[{"href":"https:\/\/learn2touch.com\/et\/wp-json\/wp\/v2\/product"}],"about":[{"href":"https:\/\/learn2touch.com\/et\/wp-json\/wp\/v2\/types\/product"}],"wp:featuredmedia":[{"embeddable":true,"href":"https:\/\/learn2touch.com\/et\/wp-json\/wp\/v2\/media\/8981"}],"wp:attachment":[{"href":"https:\/\/learn2touch.com\/et\/wp-json\/wp\/v2\/media?parent=9429"}],"wp:term":[{"taxonomy":"product_brand","embeddable":true,"href":"https:\/\/learn2touch.com\/et\/wp-json\/wp\/v2\/product_brand?post=9429"},{"taxonomy":"product_cat","embeddable":true,"href":"https:\/\/learn2touch.com\/et\/wp-json\/wp\/v2\/product_cat?post=9429"},{"taxonomy":"product_tag","embeddable":true,"href":"https:\/\/learn2touch.com\/et\/wp-json\/wp\/v2\/product_tag?post=9429"}],"curies":[{"name":"wp","href":"https:\/\/api.w.org\/{rel}","templated":true}]}}