{"id":9644,"date":"2023-05-04T22:27:13","date_gmt":"2023-05-04T19:27:13","guid":{"rendered":"https:\/\/learn2touch.com\/?post_type=product&#038;p=9644"},"modified":"2023-12-21T18:24:33","modified_gmt":"2023-12-21T15:24:33","slug":"tantristlik-naudingu-massaaz","status":"publish","type":"product","link":"https:\/\/learn2touch.com\/et\/toode\/tantristlik-naudingu-massaaz\/","title":{"rendered":"Tantristlik naudingu massaa\u017e"},"content":{"rendered":"<p>See on sensuaalne massaa\u017e, mis loob intiimse \u00fchenduse paariliste vahel. Ka\u0161miri massaa\u017eist inspireeritud tantristlik tehnika pakub kehale s\u00fcgavat l\u00f5\u00f5gastust ning aktiveerib energiad kehas. See laeb kogu keha ja valmistab partneri ette kogu keha orgasmideks. Selline massaa\u017e sobib h\u00e4sti eelm\u00e4nguks v\u00f5i veelgi s\u00fcgavamaks yoni massaa\u017eiks.<\/p>\n<p>&nbsp;<\/p>\n\n<p>&nbsp;<\/p>\n","protected":false},"excerpt":{"rendered":"<p>See on sensuaalne massaa\u017e, mis loob intiimse \u00fchenduse paariliste vahel. Ka\u0161miri massaa\u017eist inspireeritud tantristlik tehnika pakub kehale s\u00fcgavat l\u00f5\u00f5gastust ning aktiveerib energiad kehas. See laeb kogu keha ja valmistab partneri ette kogu keha orgasmideks. Selline massaa\u017e sobib h\u00e4sti eelm\u00e4nguks v\u00f5i veelgi s\u00fcgavamaks yoni massaa\u017eiks. &nbsp; &nbsp;<\/p>\n","protected":false},"featured_media":13507,"template":"","meta":[],"product_brand":[],"product_cat":[208],"product_tag":[207,190,169],"class_list":{"0":"post-9644","1":"product","2":"type-product","3":"status-publish","4":"has-post-thumbnail","6":"product_cat-massage","7":"product_tag-eesti-toode","8":"product_tag-massaaz","9":"product_tag-tantra","11":"first","12":"instock","13":"virtual","14":"taxable","15":"purchasable","16":"product-type-simple"},"yoast_head":"<!-- This site is optimized with the Yoast SEO plugin v27.2 - https:\/\/yoast.com\/product\/yoast-seo-wordpress\/ -->\n<title>Tantristlik naudingu massaa\u017e - LEARN TO TOUCH<\/title>\n<meta name=\"robots\" content=\"index, follow, max-snippet:-1, max-image-preview:large, max-video-preview:-1\" \/>\n<link rel=\"canonical\" href=\"https:\/\/learn2touch.com\/et\/toode\/tantristlik-naudingu-massaaz\/\" \/>\n<meta property=\"og:locale\" content=\"et_EE\" \/>\n<meta property=\"og:type\" content=\"article\" \/>\n<meta property=\"og:title\" content=\"Tantristlik naudingu massaa\u017e - LEARN TO TOUCH\" \/>\n<meta property=\"og:description\" content=\"See on sensuaalne massaa\u017e, mis loob intiimse \u00fchenduse paariliste vahel. Ka\u0161miri massaa\u017eist inspireeritud tantristlik tehnika pakub kehale s\u00fcgavat l\u00f5\u00f5gastust ning aktiveerib energiad kehas. See laeb kogu keha ja valmistab partneri ette kogu keha orgasmideks. Selline massaa\u017e sobib h\u00e4sti eelm\u00e4nguks v\u00f5i veelgi s\u00fcgavamaks yoni massaa\u017eiks. &nbsp; &nbsp;\" \/>\n<meta property=\"og:url\" content=\"https:\/\/learn2touch.com\/et\/toode\/tantristlik-naudingu-massaaz\/\" \/>\n<meta property=\"og:site_name\" content=\"LEARN TO TOUCH\" \/>\n<meta property=\"article:publisher\" content=\"https:\/\/www.facebook.com\/learn2touch\" \/>\n<meta property=\"article:modified_time\" content=\"2023-12-21T15:24:33+00:00\" \/>\n<meta property=\"og:image\" content=\"https:\/\/i0.wp.com\/learn2touch.com\/wp-content\/uploads\/2023\/05\/undefined-low.gif?fit=640%2C360&ssl=1\" \/>\n\t<meta property=\"og:image:width\" content=\"640\" \/>\n\t<meta property=\"og:image:height\" content=\"360\" \/>\n\t<meta property=\"og:image:type\" content=\"image\/gif\" \/>\n<meta name=\"twitter:card\" content=\"summary_large_image\" \/>\n<script type=\"application\/ld+json\" class=\"yoast-schema-graph\">{\"@context\":\"https:\/\/schema.org\",\"@graph\":[{\"@type\":\"WebPage\",\"@id\":\"https:\/\/learn2touch.com\/et\/toode\/tantristlik-naudingu-massaaz\/\",\"url\":\"https:\/\/learn2touch.com\/et\/toode\/tantristlik-naudingu-massaaz\/\",\"name\":\"Tantristlik naudingu massaa\u017e - LEARN TO TOUCH\",\"isPartOf\":{\"@id\":\"https:\/\/learn2touch.com\/et\/#website\"},\"primaryImageOfPage\":{\"@id\":\"https:\/\/learn2touch.com\/et\/toode\/tantristlik-naudingu-massaaz\/#primaryimage\"},\"image\":{\"@id\":\"https:\/\/learn2touch.com\/et\/toode\/tantristlik-naudingu-massaaz\/#primaryimage\"},\"thumbnailUrl\":\"https:\/\/learn2touch.com\/wp-content\/uploads\/2023\/05\/undefined-low.gif\",\"datePublished\":\"2023-05-04T19:27:13+00:00\",\"dateModified\":\"2023-12-21T15:24:33+00:00\",\"breadcrumb\":{\"@id\":\"https:\/\/learn2touch.com\/et\/toode\/tantristlik-naudingu-massaaz\/#breadcrumb\"},\"inLanguage\":\"et\",\"potentialAction\":[{\"@type\":\"ReadAction\",\"target\":[\"https:\/\/learn2touch.com\/et\/toode\/tantristlik-naudingu-massaaz\/\"]}]},{\"@type\":\"ImageObject\",\"inLanguage\":\"et\",\"@id\":\"https:\/\/learn2touch.com\/et\/toode\/tantristlik-naudingu-massaaz\/#primaryimage\",\"url\":\"https:\/\/learn2touch.com\/wp-content\/uploads\/2023\/05\/undefined-low.gif\",\"contentUrl\":\"https:\/\/learn2touch.com\/wp-content\/uploads\/2023\/05\/undefined-low.gif\",\"width\":640,\"height\":360,\"caption\":\"Learn tantra massage online\"},{\"@type\":\"BreadcrumbList\",\"@id\":\"https:\/\/learn2touch.com\/et\/toode\/tantristlik-naudingu-massaaz\/#breadcrumb\",\"itemListElement\":[{\"@type\":\"ListItem\",\"position\":1,\"name\":\"Home\",\"item\":\"https:\/\/learn2touch.com\/\"},{\"@type\":\"ListItem\",\"position\":2,\"name\":\"Products\",\"item\":\"https:\/\/learn2touch.com\/shop\/\"},{\"@type\":\"ListItem\",\"position\":3,\"name\":\"Tantristlik naudingu massaa\u017e\"}]},{\"@type\":\"WebSite\",\"@id\":\"https:\/\/learn2touch.com\/et\/#website\",\"url\":\"https:\/\/learn2touch.com\/et\/\",\"name\":\"LEARN TO TOUCH\",\"description\":\"Video guide to successful relationships\",\"publisher\":{\"@id\":\"https:\/\/learn2touch.com\/et\/#organization\"},\"potentialAction\":[{\"@type\":\"SearchAction\",\"target\":{\"@type\":\"EntryPoint\",\"urlTemplate\":\"https:\/\/learn2touch.com\/et\/?s={search_term_string}\"},\"query-input\":{\"@type\":\"PropertyValueSpecification\",\"valueRequired\":true,\"valueName\":\"search_term_string\"}}],\"inLanguage\":\"et\"},{\"@type\":\"Organization\",\"@id\":\"https:\/\/learn2touch.com\/et\/#organization\",\"name\":\"LEARN 2 TOUCH\",\"url\":\"https:\/\/learn2touch.com\/et\/\",\"logo\":{\"@type\":\"ImageObject\",\"inLanguage\":\"et\",\"@id\":\"https:\/\/learn2touch.com\/et\/#\/schema\/logo\/image\/\",\"url\":\"https:\/\/learn2touch.com\/wp-content\/uploads\/2023\/05\/cropped-learn2touch.png\",\"contentUrl\":\"https:\/\/learn2touch.com\/wp-content\/uploads\/2023\/05\/cropped-learn2touch.png\",\"width\":800,\"height\":169,\"caption\":\"LEARN 2 TOUCH\"},\"image\":{\"@id\":\"https:\/\/learn2touch.com\/et\/#\/schema\/logo\/image\/\"},\"sameAs\":[\"https:\/\/www.facebook.com\/learn2touch\",\"https:\/\/www.youtube.com\/@Earthchildme\"]}]}<\/script>\n<!-- \/ Yoast SEO plugin. -->","yoast_head_json":{"title":"Tantristlik naudingu massaa\u017e - LEARN TO TOUCH","robots":{"index":"index","follow":"follow","max-snippet":"max-snippet:-1","max-image-preview":"max-image-preview:large","max-video-preview":"max-video-preview:-1"},"canonical":"https:\/\/learn2touch.com\/et\/toode\/tantristlik-naudingu-massaaz\/","og_locale":"et_EE","og_type":"article","og_title":"Tantristlik naudingu massaa\u017e - LEARN TO TOUCH","og_description":"See on sensuaalne massaa\u017e, mis loob intiimse \u00fchenduse paariliste vahel. Ka\u0161miri massaa\u017eist inspireeritud tantristlik tehnika pakub kehale s\u00fcgavat l\u00f5\u00f5gastust ning aktiveerib energiad kehas. See laeb kogu keha ja valmistab partneri ette kogu keha orgasmideks. Selline massaa\u017e sobib h\u00e4sti eelm\u00e4nguks v\u00f5i veelgi s\u00fcgavamaks yoni massaa\u017eiks. &nbsp; &nbsp;","og_url":"https:\/\/learn2touch.com\/et\/toode\/tantristlik-naudingu-massaaz\/","og_site_name":"LEARN TO TOUCH","article_publisher":"https:\/\/www.facebook.com\/learn2touch","article_modified_time":"2023-12-21T15:24:33+00:00","og_image":[{"width":640,"height":360,"url":"https:\/\/i0.wp.com\/learn2touch.com\/wp-content\/uploads\/2023\/05\/undefined-low.gif?fit=640%2C360&ssl=1","type":"image\/gif"}],"twitter_card":"summary_large_image","schema":{"@context":"https:\/\/schema.org","@graph":[{"@type":"WebPage","@id":"https:\/\/learn2touch.com\/et\/toode\/tantristlik-naudingu-massaaz\/","url":"https:\/\/learn2touch.com\/et\/toode\/tantristlik-naudingu-massaaz\/","name":"Tantristlik naudingu massaa\u017e - LEARN TO TOUCH","isPartOf":{"@id":"https:\/\/learn2touch.com\/et\/#website"},"primaryImageOfPage":{"@id":"https:\/\/learn2touch.com\/et\/toode\/tantristlik-naudingu-massaaz\/#primaryimage"},"image":{"@id":"https:\/\/learn2touch.com\/et\/toode\/tantristlik-naudingu-massaaz\/#primaryimage"},"thumbnailUrl":"https:\/\/learn2touch.com\/wp-content\/uploads\/2023\/05\/undefined-low.gif","datePublished":"2023-05-04T19:27:13+00:00","dateModified":"2023-12-21T15:24:33+00:00","breadcrumb":{"@id":"https:\/\/learn2touch.com\/et\/toode\/tantristlik-naudingu-massaaz\/#breadcrumb"},"inLanguage":"et","potentialAction":[{"@type":"ReadAction","target":["https:\/\/learn2touch.com\/et\/toode\/tantristlik-naudingu-massaaz\/"]}]},{"@type":"ImageObject","inLanguage":"et","@id":"https:\/\/learn2touch.com\/et\/toode\/tantristlik-naudingu-massaaz\/#primaryimage","url":"https:\/\/learn2touch.com\/wp-content\/uploads\/2023\/05\/undefined-low.gif","contentUrl":"https:\/\/learn2touch.com\/wp-content\/uploads\/2023\/05\/undefined-low.gif","width":640,"height":360,"caption":"Learn tantra massage online"},{"@type":"BreadcrumbList","@id":"https:\/\/learn2touch.com\/et\/toode\/tantristlik-naudingu-massaaz\/#breadcrumb","itemListElement":[{"@type":"ListItem","position":1,"name":"Home","item":"https:\/\/learn2touch.com\/"},{"@type":"ListItem","position":2,"name":"Products","item":"https:\/\/learn2touch.com\/shop\/"},{"@type":"ListItem","position":3,"name":"Tantristlik naudingu massaa\u017e"}]},{"@type":"WebSite","@id":"https:\/\/learn2touch.com\/et\/#website","url":"https:\/\/learn2touch.com\/et\/","name":"LEARN TO TOUCH","description":"Video guide to successful relationships","publisher":{"@id":"https:\/\/learn2touch.com\/et\/#organization"},"potentialAction":[{"@type":"SearchAction","target":{"@type":"EntryPoint","urlTemplate":"https:\/\/learn2touch.com\/et\/?s={search_term_string}"},"query-input":{"@type":"PropertyValueSpecification","valueRequired":true,"valueName":"search_term_string"}}],"inLanguage":"et"},{"@type":"Organization","@id":"https:\/\/learn2touch.com\/et\/#organization","name":"LEARN 2 TOUCH","url":"https:\/\/learn2touch.com\/et\/","logo":{"@type":"ImageObject","inLanguage":"et","@id":"https:\/\/learn2touch.com\/et\/#\/schema\/logo\/image\/","url":"https:\/\/learn2touch.com\/wp-content\/uploads\/2023\/05\/cropped-learn2touch.png","contentUrl":"https:\/\/learn2touch.com\/wp-content\/uploads\/2023\/05\/cropped-learn2touch.png","width":800,"height":169,"caption":"LEARN 2 TOUCH"},"image":{"@id":"https:\/\/learn2touch.com\/et\/#\/schema\/logo\/image\/"},"sameAs":["https:\/\/www.facebook.com\/learn2touch","https:\/\/www.youtube.com\/@Earthchildme"]}]}},"jetpack_sharing_enabled":true,"_links":{"self":[{"href":"https:\/\/learn2touch.com\/et\/wp-json\/wp\/v2\/product\/9644","targetHints":{"allow":["GET"]}}],"collection":[{"href":"https:\/\/learn2touch.com\/et\/wp-json\/wp\/v2\/product"}],"about":[{"href":"https:\/\/learn2touch.com\/et\/wp-json\/wp\/v2\/types\/product"}],"wp:featuredmedia":[{"embeddable":true,"href":"https:\/\/learn2touch.com\/et\/wp-json\/wp\/v2\/media\/13507"}],"wp:attachment":[{"href":"https:\/\/learn2touch.com\/et\/wp-json\/wp\/v2\/media?parent=9644"}],"wp:term":[{"taxonomy":"product_brand","embeddable":true,"href":"https:\/\/learn2touch.com\/et\/wp-json\/wp\/v2\/product_brand?post=9644"},{"taxonomy":"product_cat","embeddable":true,"href":"https:\/\/learn2touch.com\/et\/wp-json\/wp\/v2\/product_cat?post=9644"},{"taxonomy":"product_tag","embeddable":true,"href":"https:\/\/learn2touch.com\/et\/wp-json\/wp\/v2\/product_tag?post=9644"}],"curies":[{"name":"wp","href":"https:\/\/api.w.org\/{rel}","templated":true}]}}