{"id":9992,"date":"2023-08-23T14:16:47","date_gmt":"2023-08-23T11:16:47","guid":{"rendered":"https:\/\/learn2touch.com\/?post_type=product&#038;p=9992"},"modified":"2023-08-23T14:18:56","modified_gmt":"2023-08-23T11:18:56","slug":"mees-ja-naishingamine","status":"publish","type":"product","link":"https:\/\/learn2touch.com\/et\/toode\/mees-ja-naishingamine\/","title":{"rendered":"Mees- ja naishingamine"},"content":{"rendered":"<p>Selle tehnika abil on v\u00f5imalik laadida paariliste kehasid, et v\u00f5imendada polaarsust ja kogeda v\u00f5imsaid energeetilisi orgasme.<\/p>\n<p>&nbsp;<\/p>\n<p>&nbsp;<\/p>\n\n","protected":false},"excerpt":{"rendered":"<p>Selle tehnika abil on v\u00f5imalik laadida paariliste kehasid, et v\u00f5imendada polaarsust ja kogeda v\u00f5imsaid energeetilisi orgasme. &nbsp; &nbsp;<\/p>\n","protected":false},"featured_media":7870,"template":"","meta":[],"product_brand":[],"product_cat":[220],"product_tag":[221,43,44],"class_list":{"0":"post-9992","1":"product","2":"type-product","3":"status-publish","4":"has-post-thumbnail","6":"product_cat-exercise","7":"product_tag-hingamine","8":"product_tag-paaridele","9":"product_tag-paaripraktika","11":"first","12":"instock","13":"taxable","14":"shipping-taxable","15":"purchasable","16":"product-type-simple"},"yoast_head":"<!-- This site is optimized with the Yoast SEO plugin v27.2 - https:\/\/yoast.com\/product\/yoast-seo-wordpress\/ -->\n<title>Mees- ja naishingamine - LEARN TO TOUCH<\/title>\n<meta name=\"robots\" content=\"index, follow, max-snippet:-1, max-image-preview:large, max-video-preview:-1\" \/>\n<link rel=\"canonical\" href=\"https:\/\/learn2touch.com\/et\/toode\/mees-ja-naishingamine\/\" \/>\n<meta property=\"og:locale\" content=\"et_EE\" \/>\n<meta property=\"og:type\" content=\"article\" \/>\n<meta property=\"og:title\" content=\"Mees- ja naishingamine - LEARN TO TOUCH\" \/>\n<meta property=\"og:description\" content=\"Selle tehnika abil on v\u00f5imalik laadida paariliste kehasid, et v\u00f5imendada polaarsust ja kogeda v\u00f5imsaid energeetilisi orgasme. &nbsp; &nbsp;\" \/>\n<meta property=\"og:url\" content=\"https:\/\/learn2touch.com\/et\/toode\/mees-ja-naishingamine\/\" \/>\n<meta property=\"og:site_name\" content=\"LEARN TO TOUCH\" \/>\n<meta property=\"article:publisher\" content=\"https:\/\/www.facebook.com\/learn2touch\" \/>\n<meta property=\"article:modified_time\" content=\"2023-08-23T11:18:56+00:00\" \/>\n<meta property=\"og:image\" content=\"https:\/\/i0.wp.com\/learn2touch.com\/wp-content\/uploads\/2022\/01\/Male-and-female-breath.jpg?fit=1200%2C675&ssl=1\" \/>\n\t<meta property=\"og:image:width\" content=\"1200\" \/>\n\t<meta property=\"og:image:height\" content=\"675\" \/>\n\t<meta property=\"og:image:type\" content=\"image\/jpeg\" \/>\n<meta name=\"twitter:card\" content=\"summary_large_image\" \/>\n<script type=\"application\/ld+json\" class=\"yoast-schema-graph\">{\"@context\":\"https:\/\/schema.org\",\"@graph\":[{\"@type\":\"WebPage\",\"@id\":\"https:\/\/learn2touch.com\/et\/toode\/mees-ja-naishingamine\/\",\"url\":\"https:\/\/learn2touch.com\/et\/toode\/mees-ja-naishingamine\/\",\"name\":\"Mees- ja naishingamine - LEARN TO TOUCH\",\"isPartOf\":{\"@id\":\"https:\/\/learn2touch.com\/et\/#website\"},\"primaryImageOfPage\":{\"@id\":\"https:\/\/learn2touch.com\/et\/toode\/mees-ja-naishingamine\/#primaryimage\"},\"image\":{\"@id\":\"https:\/\/learn2touch.com\/et\/toode\/mees-ja-naishingamine\/#primaryimage\"},\"thumbnailUrl\":\"https:\/\/learn2touch.com\/wp-content\/uploads\/2022\/01\/Male-and-female-breath.jpg\",\"datePublished\":\"2023-08-23T11:16:47+00:00\",\"dateModified\":\"2023-08-23T11:18:56+00:00\",\"breadcrumb\":{\"@id\":\"https:\/\/learn2touch.com\/et\/toode\/mees-ja-naishingamine\/#breadcrumb\"},\"inLanguage\":\"et\",\"potentialAction\":[{\"@type\":\"ReadAction\",\"target\":[\"https:\/\/learn2touch.com\/et\/toode\/mees-ja-naishingamine\/\"]}]},{\"@type\":\"ImageObject\",\"inLanguage\":\"et\",\"@id\":\"https:\/\/learn2touch.com\/et\/toode\/mees-ja-naishingamine\/#primaryimage\",\"url\":\"https:\/\/learn2touch.com\/wp-content\/uploads\/2022\/01\/Male-and-female-breath.jpg\",\"contentUrl\":\"https:\/\/learn2touch.com\/wp-content\/uploads\/2022\/01\/Male-and-female-breath.jpg\",\"width\":1200,\"height\":675},{\"@type\":\"BreadcrumbList\",\"@id\":\"https:\/\/learn2touch.com\/et\/toode\/mees-ja-naishingamine\/#breadcrumb\",\"itemListElement\":[{\"@type\":\"ListItem\",\"position\":1,\"name\":\"Home\",\"item\":\"https:\/\/learn2touch.com\/\"},{\"@type\":\"ListItem\",\"position\":2,\"name\":\"Products\",\"item\":\"https:\/\/learn2touch.com\/shop\/\"},{\"@type\":\"ListItem\",\"position\":3,\"name\":\"Mees- ja naishingamine\"}]},{\"@type\":\"WebSite\",\"@id\":\"https:\/\/learn2touch.com\/et\/#website\",\"url\":\"https:\/\/learn2touch.com\/et\/\",\"name\":\"LEARN TO TOUCH\",\"description\":\"Video guide to successful relationships\",\"publisher\":{\"@id\":\"https:\/\/learn2touch.com\/et\/#organization\"},\"potentialAction\":[{\"@type\":\"SearchAction\",\"target\":{\"@type\":\"EntryPoint\",\"urlTemplate\":\"https:\/\/learn2touch.com\/et\/?s={search_term_string}\"},\"query-input\":{\"@type\":\"PropertyValueSpecification\",\"valueRequired\":true,\"valueName\":\"search_term_string\"}}],\"inLanguage\":\"et\"},{\"@type\":\"Organization\",\"@id\":\"https:\/\/learn2touch.com\/et\/#organization\",\"name\":\"LEARN 2 TOUCH\",\"url\":\"https:\/\/learn2touch.com\/et\/\",\"logo\":{\"@type\":\"ImageObject\",\"inLanguage\":\"et\",\"@id\":\"https:\/\/learn2touch.com\/et\/#\/schema\/logo\/image\/\",\"url\":\"https:\/\/learn2touch.com\/wp-content\/uploads\/2023\/05\/cropped-learn2touch.png\",\"contentUrl\":\"https:\/\/learn2touch.com\/wp-content\/uploads\/2023\/05\/cropped-learn2touch.png\",\"width\":800,\"height\":169,\"caption\":\"LEARN 2 TOUCH\"},\"image\":{\"@id\":\"https:\/\/learn2touch.com\/et\/#\/schema\/logo\/image\/\"},\"sameAs\":[\"https:\/\/www.facebook.com\/learn2touch\",\"https:\/\/www.youtube.com\/@Earthchildme\"]}]}<\/script>\n<!-- \/ Yoast SEO plugin. -->","yoast_head_json":{"title":"Mees- ja naishingamine - LEARN TO TOUCH","robots":{"index":"index","follow":"follow","max-snippet":"max-snippet:-1","max-image-preview":"max-image-preview:large","max-video-preview":"max-video-preview:-1"},"canonical":"https:\/\/learn2touch.com\/et\/toode\/mees-ja-naishingamine\/","og_locale":"et_EE","og_type":"article","og_title":"Mees- ja naishingamine - LEARN TO TOUCH","og_description":"Selle tehnika abil on v\u00f5imalik laadida paariliste kehasid, et v\u00f5imendada polaarsust ja kogeda v\u00f5imsaid energeetilisi orgasme. &nbsp; &nbsp;","og_url":"https:\/\/learn2touch.com\/et\/toode\/mees-ja-naishingamine\/","og_site_name":"LEARN TO TOUCH","article_publisher":"https:\/\/www.facebook.com\/learn2touch","article_modified_time":"2023-08-23T11:18:56+00:00","og_image":[{"width":1200,"height":675,"url":"https:\/\/i0.wp.com\/learn2touch.com\/wp-content\/uploads\/2022\/01\/Male-and-female-breath.jpg?fit=1200%2C675&ssl=1","type":"image\/jpeg"}],"twitter_card":"summary_large_image","schema":{"@context":"https:\/\/schema.org","@graph":[{"@type":"WebPage","@id":"https:\/\/learn2touch.com\/et\/toode\/mees-ja-naishingamine\/","url":"https:\/\/learn2touch.com\/et\/toode\/mees-ja-naishingamine\/","name":"Mees- ja naishingamine - LEARN TO TOUCH","isPartOf":{"@id":"https:\/\/learn2touch.com\/et\/#website"},"primaryImageOfPage":{"@id":"https:\/\/learn2touch.com\/et\/toode\/mees-ja-naishingamine\/#primaryimage"},"image":{"@id":"https:\/\/learn2touch.com\/et\/toode\/mees-ja-naishingamine\/#primaryimage"},"thumbnailUrl":"https:\/\/learn2touch.com\/wp-content\/uploads\/2022\/01\/Male-and-female-breath.jpg","datePublished":"2023-08-23T11:16:47+00:00","dateModified":"2023-08-23T11:18:56+00:00","breadcrumb":{"@id":"https:\/\/learn2touch.com\/et\/toode\/mees-ja-naishingamine\/#breadcrumb"},"inLanguage":"et","potentialAction":[{"@type":"ReadAction","target":["https:\/\/learn2touch.com\/et\/toode\/mees-ja-naishingamine\/"]}]},{"@type":"ImageObject","inLanguage":"et","@id":"https:\/\/learn2touch.com\/et\/toode\/mees-ja-naishingamine\/#primaryimage","url":"https:\/\/learn2touch.com\/wp-content\/uploads\/2022\/01\/Male-and-female-breath.jpg","contentUrl":"https:\/\/learn2touch.com\/wp-content\/uploads\/2022\/01\/Male-and-female-breath.jpg","width":1200,"height":675},{"@type":"BreadcrumbList","@id":"https:\/\/learn2touch.com\/et\/toode\/mees-ja-naishingamine\/#breadcrumb","itemListElement":[{"@type":"ListItem","position":1,"name":"Home","item":"https:\/\/learn2touch.com\/"},{"@type":"ListItem","position":2,"name":"Products","item":"https:\/\/learn2touch.com\/shop\/"},{"@type":"ListItem","position":3,"name":"Mees- ja naishingamine"}]},{"@type":"WebSite","@id":"https:\/\/learn2touch.com\/et\/#website","url":"https:\/\/learn2touch.com\/et\/","name":"LEARN TO TOUCH","description":"Video guide to successful relationships","publisher":{"@id":"https:\/\/learn2touch.com\/et\/#organization"},"potentialAction":[{"@type":"SearchAction","target":{"@type":"EntryPoint","urlTemplate":"https:\/\/learn2touch.com\/et\/?s={search_term_string}"},"query-input":{"@type":"PropertyValueSpecification","valueRequired":true,"valueName":"search_term_string"}}],"inLanguage":"et"},{"@type":"Organization","@id":"https:\/\/learn2touch.com\/et\/#organization","name":"LEARN 2 TOUCH","url":"https:\/\/learn2touch.com\/et\/","logo":{"@type":"ImageObject","inLanguage":"et","@id":"https:\/\/learn2touch.com\/et\/#\/schema\/logo\/image\/","url":"https:\/\/learn2touch.com\/wp-content\/uploads\/2023\/05\/cropped-learn2touch.png","contentUrl":"https:\/\/learn2touch.com\/wp-content\/uploads\/2023\/05\/cropped-learn2touch.png","width":800,"height":169,"caption":"LEARN 2 TOUCH"},"image":{"@id":"https:\/\/learn2touch.com\/et\/#\/schema\/logo\/image\/"},"sameAs":["https:\/\/www.facebook.com\/learn2touch","https:\/\/www.youtube.com\/@Earthchildme"]}]}},"jetpack_sharing_enabled":true,"_links":{"self":[{"href":"https:\/\/learn2touch.com\/et\/wp-json\/wp\/v2\/product\/9992","targetHints":{"allow":["GET"]}}],"collection":[{"href":"https:\/\/learn2touch.com\/et\/wp-json\/wp\/v2\/product"}],"about":[{"href":"https:\/\/learn2touch.com\/et\/wp-json\/wp\/v2\/types\/product"}],"wp:featuredmedia":[{"embeddable":true,"href":"https:\/\/learn2touch.com\/et\/wp-json\/wp\/v2\/media\/7870"}],"wp:attachment":[{"href":"https:\/\/learn2touch.com\/et\/wp-json\/wp\/v2\/media?parent=9992"}],"wp:term":[{"taxonomy":"product_brand","embeddable":true,"href":"https:\/\/learn2touch.com\/et\/wp-json\/wp\/v2\/product_brand?post=9992"},{"taxonomy":"product_cat","embeddable":true,"href":"https:\/\/learn2touch.com\/et\/wp-json\/wp\/v2\/product_cat?post=9992"},{"taxonomy":"product_tag","embeddable":true,"href":"https:\/\/learn2touch.com\/et\/wp-json\/wp\/v2\/product_tag?post=9992"}],"curies":[{"name":"wp","href":"https:\/\/api.w.org\/{rel}","templated":true}]}}